{"id":38245,"date":"2025-04-10T12:14:40","date_gmt":"2025-04-10T10:14:40","guid":{"rendered":"https:\/\/myspainfood.com\/producto\/chile-escabeche-muscheln-10-15-stueck-marevento\/"},"modified":"2026-01-30T14:31:06","modified_gmt":"2026-01-30T13:31:06","slug":"chile-escabeche-muscheln-10-15-stueck-marevento","status":"publish","type":"product","link":"https:\/\/myspainfood.com\/de\/producto\/chile-escabeche-muscheln-10-15-stueck-marevento\/","title":{"rendered":"Chile escabeche Muscheln 10-15 St\u00fcck Marevento"},"content":{"rendered":"<p>Gekocht und gebraten in Sonnenblumen\u00f6l. Der Byssus wird von Hand entfernt und einzeln verpackt. Begleitet von einer einzigartigen Marinade aus nat\u00fcrlichen Zutaten. Zutaten: Chilenische Muscheln, Escabeche (Sonnenblumen\u00f6l, Rotweinessig, Wasser, nat\u00fcrliche Aromen, Gew\u00fcrze und Salz).<\/p>\n","protected":false},"excerpt":{"rendered":"<p>Gekocht und gebraten in Sonnenblumen\u00f6l. Der Byssus wird von Hand entfernt und einzeln verpackt. Begleitet von einer einzigartigen Marinade aus nat\u00fcrlichen Zutaten. Zutaten: Chilenische Muscheln, Escabeche (Sonnenblumen\u00f6l, Rotweinessig, Wasser, nat\u00fcrliche Aromen, Gew\u00fcrze und Salz).<\/p>\n","protected":false},"featured_media":14994,"template":"","meta":{"_et_pb_use_builder":"","_et_pb_old_content":"","_et_gb_content_width":""},"product_brand":[1428],"product_cat":[1948,4066],"product_tag":[],"class_list":{"0":"post-38245","1":"product","2":"type-product","3":"status-publish","4":"has-post-thumbnail","6":"product_brand-portonovo","7":"product_cat-konserven","8":"product_cat-muscheln-de","10":"first","11":"instock","12":"taxable","13":"shipping-taxable","14":"purchasable","15":"product-type-variable"},"_links":{"self":[{"href":"https:\/\/myspainfood.com\/de\/wp-json\/wp\/v2\/product\/38245","targetHints":{"allow":["GET"]}}],"collection":[{"href":"https:\/\/myspainfood.com\/de\/wp-json\/wp\/v2\/product"}],"about":[{"href":"https:\/\/myspainfood.com\/de\/wp-json\/wp\/v2\/types\/product"}],"wp:featuredmedia":[{"embeddable":true,"href":"https:\/\/myspainfood.com\/de\/wp-json\/wp\/v2\/media\/14994"}],"wp:attachment":[{"href":"https:\/\/myspainfood.com\/de\/wp-json\/wp\/v2\/media?parent=38245"}],"wp:term":[{"taxonomy":"product_brand","embeddable":true,"href":"https:\/\/myspainfood.com\/de\/wp-json\/wp\/v2\/product_brand?post=38245"},{"taxonomy":"product_cat","embeddable":true,"href":"https:\/\/myspainfood.com\/de\/wp-json\/wp\/v2\/product_cat?post=38245"},{"taxonomy":"product_tag","embeddable":true,"href":"https:\/\/myspainfood.com\/de\/wp-json\/wp\/v2\/product_tag?post=38245"}],"curies":[{"name":"wp","href":"https:\/\/api.w.org\/{rel}","templated":true}]}}