{"id":38298,"date":"2025-04-10T12:14:40","date_gmt":"2025-04-10T10:14:40","guid":{"rendered":"https:\/\/myspainfood.com\/producto\/neuseelaendische-muscheln-in-eingelegter-sauce-4-6-stueck-riesenportonovo-115-gr\/"},"modified":"2026-01-30T14:32:14","modified_gmt":"2026-01-30T13:32:14","slug":"neuseelaendische-muscheln-in-eingelegter-sauce-4-6-stueck-riesenportonovo-115-gr","status":"publish","type":"product","link":"https:\/\/myspainfood.com\/de\/producto\/neuseelaendische-muscheln-in-eingelegter-sauce-4-6-stueck-riesenportonovo-115-gr\/","title":{"rendered":"Neuseel\u00e4ndische Muscheln in eingelegter Sauce 4-6 St\u00fcck Riesenportonovo - 115 Gr"},"content":{"rendered":"<p>Entdecken Sie die Intensit\u00e4t des Geschmacks und die Qualit\u00e4t der <strong>neuseel\u00e4ndischen Muscheln in eingelegter Sauce<\/strong> <strong>von Gigante Portonovo<\/strong>. Dieses Premium-Produkt enth\u00e4lt zwischen 4 und 6 ausgew\u00e4hlte St\u00fccke gro\u00dfer Muscheln in einer Aufmachung von 115 Gramm, ideal zum Genie\u00dfen in Tapas, Salaten oder als Gourmet-Vorspeise. <\/p>\n<p>Aufgewachsen in den kristallklaren Gew\u00e4ssern Neuseelands, zeichnen sich diese Muscheln durch ihre fleischige Textur und ihren unvergleichlichen Geschmack aus, der durch eine sanfte Marinade, die ihre Frische und Qualit\u00e4t hervorhebt, noch verst\u00e4rkt wird. Sie sind au\u00dferdem reich an Proteinen, Omega-3-Fetts\u00e4uren und essentiellen Mineralien, was sie zu einer gesunden und k\u00f6stlichen Wahl f\u00fcr jede Di\u00e4t macht. <\/p>\n<p>Weitere Meeresfr\u00fcchte finden Sie in unserer <a href=\"https:\/\/latiendadesami.com\/categoria-producto\/conservas\/\" target=\"_new\" rel=\"noopener noreferrer nofollow\" target=\"_blank\">Rubrik Konserven<\/a> und entdecken Sie die Vorteile von <strong>eingelegten neuseel\u00e4ndischen Muscheln<\/strong> f\u00fcr eine ausgewogene Ern\u00e4hrung. Kosten Sie die Qualit\u00e4t und Authentizit\u00e4t, die nur Portonovo bieten kann!<\/p>\n","protected":false},"excerpt":{"rendered":"<p>Entdecken Sie die Intensit\u00e4t des Geschmacks und die Qualit\u00e4t der neuseel\u00e4ndischen Muscheln in eingelegter Sauce von Gigante Portonovo. Dieses Premium-Produkt enth\u00e4lt zwischen 4 und 6 ausgew\u00e4hlte St\u00fccke gro\u00dfer Muscheln in einer Aufmachung von 115 Gramm, ideal zum Genie\u00dfen in Tapas, Salaten oder als Gourmet-Vorspeise. Aufgewachsen in den kristallklaren Gew\u00e4ssern Neuseelands, zeichnen sich diese Muscheln durch [&hellip;]<\/p>\n","protected":false},"featured_media":14904,"template":"","meta":{"_et_pb_use_builder":"","_et_pb_old_content":"","_et_gb_content_width":""},"product_brand":[1428],"product_cat":[1948,4066],"product_tag":[],"class_list":{"0":"post-38298","1":"product","2":"type-product","3":"status-publish","4":"has-post-thumbnail","6":"product_brand-portonovo","7":"product_cat-konserven","8":"product_cat-muscheln-de","10":"first","11":"outofstock","12":"taxable","13":"shipping-taxable","14":"product-type-variable"},"_links":{"self":[{"href":"https:\/\/myspainfood.com\/de\/wp-json\/wp\/v2\/product\/38298","targetHints":{"allow":["GET"]}}],"collection":[{"href":"https:\/\/myspainfood.com\/de\/wp-json\/wp\/v2\/product"}],"about":[{"href":"https:\/\/myspainfood.com\/de\/wp-json\/wp\/v2\/types\/product"}],"wp:featuredmedia":[{"embeddable":true,"href":"https:\/\/myspainfood.com\/de\/wp-json\/wp\/v2\/media\/14904"}],"wp:attachment":[{"href":"https:\/\/myspainfood.com\/de\/wp-json\/wp\/v2\/media?parent=38298"}],"wp:term":[{"taxonomy":"product_brand","embeddable":true,"href":"https:\/\/myspainfood.com\/de\/wp-json\/wp\/v2\/product_brand?post=38298"},{"taxonomy":"product_cat","embeddable":true,"href":"https:\/\/myspainfood.com\/de\/wp-json\/wp\/v2\/product_cat?post=38298"},{"taxonomy":"product_tag","embeddable":true,"href":"https:\/\/myspainfood.com\/de\/wp-json\/wp\/v2\/product_tag?post=38298"}],"curies":[{"name":"wp","href":"https:\/\/api.w.org\/{rel}","templated":true}]}}