{"id":38570,"date":"2025-04-10T12:09:10","date_gmt":"2025-04-10T10:09:10","guid":{"rendered":"https:\/\/myspainfood.com\/producto\/ziegen-und-kuhkaese-ribera-del-duero-wein-el-gran-cardenal\/"},"modified":"2026-02-26T19:32:57","modified_gmt":"2026-02-26T18:32:57","slug":"ziegen-und-kuhkaese-ribera-del-duero-wein-el-gran-cardenal","status":"publish","type":"product","link":"https:\/\/myspainfood.com\/de\/producto\/ziegen-und-kuhkaese-ribera-del-duero-wein-el-gran-cardenal\/","title":{"rendered":"Ziegen- und Kuhk\u00e4se Ribera del Duero Wein El Gran Cardenal"},"content":{"rendered":"<div class=\"et_pb_blurb_container\">\n<div class=\"et_pb_blurb_container\">\n<h4 class=\"et_pb_module_header\">Ziege mit Ribera de Duero Wein<\/h4>\n<div class=\"et_pb_blurb_description\">Cremiger K\u00e4se aus Ziegen- und Kuhmilch, begleitet von einem der ausgezeichneten Weine Spaniens, dem Ribera del Duero Wein (eine Appellation, die Weinberge in Castilla y Le\u00f3n umfasst).<\/p>\n<p>Die Farbe des Weins ist im Inneren des K\u00e4ses zu sehen, da er zum Zeitpunkt der Herstellung hinzugef\u00fcgt wird.<\/p><\/div>\n<\/div>\n<\/div>\n","protected":false},"excerpt":{"rendered":"<p>Ziege mit Ribera de Duero Wein Cremiger K\u00e4se aus Ziegen- und Kuhmilch, begleitet von einem der ausgezeichneten Weine Spaniens, dem Ribera del Duero Wein (eine Appellation, die Weinberge in Castilla y Le\u00f3n umfasst). Die Farbe des Weins ist im Inneren des K\u00e4ses zu sehen, da er zum Zeitpunkt der Herstellung hinzugef\u00fcgt wird.<\/p>\n","protected":false},"featured_media":11736,"template":"","meta":{"_et_pb_use_builder":"","_et_pb_old_content":"","_et_gb_content_width":""},"product_brand":[1319],"product_cat":[2748,1856,2288],"product_tag":[],"class_list":{"0":"post-38570","1":"product","2":"type-product","3":"status-publish","4":"has-post-thumbnail","6":"product_brand-el-gran-cardenal","7":"product_cat-ausharten","8":"product_cat-kalt","9":"product_cat-kase-und-wurst","10":"product_shipping_class-kalter-versand","12":"first","13":"instock","14":"taxable","15":"shipping-taxable","16":"purchasable","17":"product-type-variable"},"_links":{"self":[{"href":"https:\/\/myspainfood.com\/de\/wp-json\/wp\/v2\/product\/38570","targetHints":{"allow":["GET"]}}],"collection":[{"href":"https:\/\/myspainfood.com\/de\/wp-json\/wp\/v2\/product"}],"about":[{"href":"https:\/\/myspainfood.com\/de\/wp-json\/wp\/v2\/types\/product"}],"wp:featuredmedia":[{"embeddable":true,"href":"https:\/\/myspainfood.com\/de\/wp-json\/wp\/v2\/media\/11736"}],"wp:attachment":[{"href":"https:\/\/myspainfood.com\/de\/wp-json\/wp\/v2\/media?parent=38570"}],"wp:term":[{"taxonomy":"product_brand","embeddable":true,"href":"https:\/\/myspainfood.com\/de\/wp-json\/wp\/v2\/product_brand?post=38570"},{"taxonomy":"product_cat","embeddable":true,"href":"https:\/\/myspainfood.com\/de\/wp-json\/wp\/v2\/product_cat?post=38570"},{"taxonomy":"product_tag","embeddable":true,"href":"https:\/\/myspainfood.com\/de\/wp-json\/wp\/v2\/product_tag?post=38570"}],"curies":[{"name":"wp","href":"https:\/\/api.w.org\/{rel}","templated":true}]}}