{"id":38798,"date":"2025-04-10T12:09:16","date_gmt":"2025-04-10T10:09:16","guid":{"rendered":"https:\/\/myspainfood.com\/producto\/sardellen-der-platin-serie-aus-dem-kantabrischen-meer-in-olivenoel\/"},"modified":"2025-06-24T13:40:05","modified_gmt":"2025-06-24T11:40:05","slug":"sardellen-der-platin-serie-aus-dem-kantabrischen-meer-in-olivenoel","status":"publish","type":"product","link":"https:\/\/myspainfood.com\/de\/producto\/sardellen-der-platin-serie-aus-dem-kantabrischen-meer-in-olivenoel\/","title":{"rendered":"Sardellen der Platin-Serie aus dem Kantabrischen Meer in Oliven\u00f6l"},"content":{"rendered":"<p>Die <a href=\"https:\/\/conservasarlequin.com\/serie-oro\/\" target=\"_blank\" rel=\"noopener noreferrer nofollow\">Arlequin<\/a> Platinum Series Sardelle in Oliven\u00f6l ist ein handwerklich hergestelltes Konservenprodukt.<\/p>\n<p><strong>E. A. N.:<\/strong> 8421993910985<\/p>\n<p><strong>Code:<\/strong> 10010044<\/p>\n<p><strong>Nettogewicht: <\/strong>110g \/ 70g<\/p>\n<p><strong>Anzahl der Filets\/ Anzahl der St\u00fccke:<\/strong> 12<\/p>\n<p>Conservas <a href=\"https:\/\/latiendadesami.com\/marca\/arlequin\/\" target=\"_blank\" rel=\"noopener noreferrer nofollow\">Arlequ\u00edn<\/a> hat es sich zur Aufgabe gemacht, ein hervorragendes Produkt, den besten Service und eine gro\u00dfe Auswahl an Fischkonserven zum besten Preis anzubieten.<\/p>\n<p>Sie sind auch Spezialisten f\u00fcr Sardellen, Anchoa Arlequin Serie Oro 00, Serie Platinum in Oliven\u00f6l, Sardellen, Bonito, Gelbflossen-Thunfisch, Muscheln, Makrelen und Sardinen.<\/p>\n<p>So sagte der Comidista in der Zeitung El Pa\u00eds \u00fcber die Ventresca: &#8222;Sie ist so zart, fast cremig, dass man sie heiraten und gl\u00fccklich leben m\u00f6chte, bis der Herr sie zu sich nimmt&#8220;.<\/p>\n<h4>Die wichtigsten Vorteile von Dosenfutter<\/h4>\n<ol>\n<li>Sie bewahren alle ern\u00e4hrungsphysiologischen Eigenschaften der Lebensmittel selbst. Die Lebensmittel bewahren ihre Frische. <\/li>\n<li>Die verwendeten Lebensmittel sind gesund und eignen sich aufgrund ihres hohen Vitamin- und Proteingehalts f\u00fcr eine optimale Ern\u00e4hrung.<\/li>\n<li>Diese Produkte haben eine l\u00e4ngere Lebensdauer (typisch sind 2-5 Jahre).<\/li>\n<li>Die Konserven sind sehr einfach zu lagern, da ihre Verpackung leicht zu handhaben ist.<\/li>\n<\/ol>\n<p>Wenn Sie Thunfisch oder eine andere Art von <a href=\"https:\/\/latiendadesami.com\/categoria-producto\/conservas\/\" rel=\"noopener noreferrer nofollow\" target=\"_blank\">Konserven<\/a> kaufen m\u00f6chten, z\u00f6gern Sie nicht, einen Blick in unseren Online-Katalog zu werfen, um die gro\u00dfe Auswahl an <a href=\"https:\/\/latiendadesami.com\/categoria-producto\/conservas\/atun-y-bonito\/\" target=\"_blank\" rel=\"noopener noreferrer nofollow\">Thunfisch<\/a> zu sehen, die wir anbieten.<\/p>\n<p>Schreiben Sie uns f\u00fcr weitere Informationen.<\/p>\n","protected":false},"excerpt":{"rendered":"<p>Die Arlequin Platinum Series Sardelle in Oliven\u00f6l ist ein handwerklich hergestelltes Konservenprodukt. E. A. N.: 8421993910985 Code: 10010044 Nettogewicht: 110g \/ 70g Anzahl der Filets\/ Anzahl der St\u00fccke: 12 Conservas Arlequ\u00edn hat es sich zur Aufgabe gemacht, ein hervorragendes Produkt, den besten Service und eine gro\u00dfe Auswahl an Fischkonserven zum besten Preis anzubieten. Sie sind [&hellip;]<\/p>\n","protected":false},"featured_media":11835,"template":"","meta":{"_et_pb_use_builder":"","_et_pb_old_content":"","_et_gb_content_width":""},"product_brand":[1162],"product_cat":[1856,5220],"product_tag":[8225],"class_list":{"0":"post-38798","1":"product","2":"type-product","3":"status-publish","4":"has-post-thumbnail","6":"product_brand-arlequin","7":"product_cat-kalt","8":"product_cat-sardellen-de-3","9":"product_tag-platin-serie","10":"product_shipping_class-kalter-versand","12":"first","13":"outofstock","14":"sale","15":"taxable","16":"shipping-taxable","17":"purchasable","18":"product-type-simple"},"_links":{"self":[{"href":"https:\/\/myspainfood.com\/de\/wp-json\/wp\/v2\/product\/38798","targetHints":{"allow":["GET"]}}],"collection":[{"href":"https:\/\/myspainfood.com\/de\/wp-json\/wp\/v2\/product"}],"about":[{"href":"https:\/\/myspainfood.com\/de\/wp-json\/wp\/v2\/types\/product"}],"wp:featuredmedia":[{"embeddable":true,"href":"https:\/\/myspainfood.com\/de\/wp-json\/wp\/v2\/media\/11835"}],"wp:attachment":[{"href":"https:\/\/myspainfood.com\/de\/wp-json\/wp\/v2\/media?parent=38798"}],"wp:term":[{"taxonomy":"product_brand","embeddable":true,"href":"https:\/\/myspainfood.com\/de\/wp-json\/wp\/v2\/product_brand?post=38798"},{"taxonomy":"product_cat","embeddable":true,"href":"https:\/\/myspainfood.com\/de\/wp-json\/wp\/v2\/product_cat?post=38798"},{"taxonomy":"product_tag","embeddable":true,"href":"https:\/\/myspainfood.com\/de\/wp-json\/wp\/v2\/product_tag?post=38798"}],"curies":[{"name":"wp","href":"https:\/\/api.w.org\/{rel}","templated":true}]}}