{"id":39229,"date":"2025-04-10T12:09:43","date_gmt":"2025-04-10T10:09:43","guid":{"rendered":"https:\/\/myspainfood.com\/producto\/el-gran-cardenal-halbgereifter-san-isidro-kaese\/"},"modified":"2025-07-28T10:41:46","modified_gmt":"2025-07-28T08:41:46","slug":"el-gran-cardenal-halbgereifter-san-isidro-kaese","status":"publish","type":"product","link":"https:\/\/myspainfood.com\/de\/producto\/el-gran-cardenal-halbgereifter-san-isidro-kaese\/","title":{"rendered":"El Gran Cardenal Halbgereifter San Isidro-K\u00e4se"},"content":{"rendered":"<p>Der mildeste unter den K\u00e4sesorten, da er einen h\u00f6heren Anteil an Kuhmilch und mindestens 10% Schafsmilch enth\u00e4lt.<\/p>\n<p>Es gibt ihn in zwei Varianten, je nach Reifung: halbgereift (2 bis 4 Monate Reifezeit) und gereift (4 bis 6 Monate Reifezeit).<\/p>\n","protected":false},"excerpt":{"rendered":"<p>Der mildeste unter den K\u00e4sesorten, da er einen h\u00f6heren Anteil an Kuhmilch und mindestens 10% Schafsmilch enth\u00e4lt. Es gibt ihn in zwei Varianten, je nach Reifung: halbgereift (2 bis 4 Monate Reifezeit) und gereift (4 bis 6 Monate Reifezeit).<\/p>\n","protected":false},"featured_media":12087,"template":"","meta":{"_et_pb_use_builder":"","_et_pb_old_content":"","_et_gb_content_width":""},"product_brand":[1319],"product_cat":[2748,1856,2288],"product_tag":[],"class_list":{"0":"post-39229","1":"product","2":"type-product","3":"status-publish","4":"has-post-thumbnail","6":"product_brand-el-gran-cardenal","7":"product_cat-ausharten","8":"product_cat-kalt","9":"product_cat-kase-und-wurst","10":"product_shipping_class-kalter-versand","12":"first","13":"outofstock","14":"taxable","15":"shipping-taxable","16":"product-type-variable"},"_links":{"self":[{"href":"https:\/\/myspainfood.com\/de\/wp-json\/wp\/v2\/product\/39229","targetHints":{"allow":["GET"]}}],"collection":[{"href":"https:\/\/myspainfood.com\/de\/wp-json\/wp\/v2\/product"}],"about":[{"href":"https:\/\/myspainfood.com\/de\/wp-json\/wp\/v2\/types\/product"}],"wp:featuredmedia":[{"embeddable":true,"href":"https:\/\/myspainfood.com\/de\/wp-json\/wp\/v2\/media\/12087"}],"wp:attachment":[{"href":"https:\/\/myspainfood.com\/de\/wp-json\/wp\/v2\/media?parent=39229"}],"wp:term":[{"taxonomy":"product_brand","embeddable":true,"href":"https:\/\/myspainfood.com\/de\/wp-json\/wp\/v2\/product_brand?post=39229"},{"taxonomy":"product_cat","embeddable":true,"href":"https:\/\/myspainfood.com\/de\/wp-json\/wp\/v2\/product_cat?post=39229"},{"taxonomy":"product_tag","embeddable":true,"href":"https:\/\/myspainfood.com\/de\/wp-json\/wp\/v2\/product_tag?post=39229"}],"curies":[{"name":"wp","href":"https:\/\/api.w.org\/{rel}","templated":true}]}}