{"id":39764,"date":"2025-04-10T12:12:57","date_gmt":"2025-04-10T10:12:57","guid":{"rendered":"https:\/\/myspainfood.com\/producto\/la-vieja-fabrica-waldfruchtkonfituere-280-g\/"},"modified":"2025-04-10T12:12:57","modified_gmt":"2025-04-10T10:12:57","slug":"la-vieja-fabrica-waldfruchtkonfituere-280-g","status":"publish","type":"product","link":"https:\/\/myspainfood.com\/de\/producto\/la-vieja-fabrica-waldfruchtkonfituere-280-g\/","title":{"rendered":"La Vieja F\u00e1brica Waldfruchtkonfit\u00fcre 280 g"},"content":{"rendered":"<p>Die Waldfruchtkonfit\u00fcre von La Vieja F\u00e1brica ist eine exquisite Kombination aus den besten Fr\u00fcchten des Waldes, die sorgf\u00e4ltig ausgew\u00e4hlt wurden, um einen einzigartigen und k\u00f6stlichen Geschmack zu bieten. Dieses Produkt zeichnet sich durch seine handwerkliche Herstellung und sein Engagement f\u00fcr Qualit\u00e4t aus und bietet ein gastronomisches Erlebnis, das die Essenz der Natur in jedem L\u00f6ffel hervorruft. <\/p>\n<p><span class=\"info-key \"><strong>Name des Lebensmittels<\/strong>:<\/span> Waldfruchtkonfit\u00fcre<\/p>\n<p><span class=\"info-key \"><strong>Name des Betreibers<\/strong>:<\/span> \u00c1ngel Camacho Alimentaci\u00f3n, S.L.<\/p>\n<p><strong><span class=\"info-key \">Adresse des Anbieters:<\/span><\/strong> Avda. del Pilar, 6 - 41530 Mor\u00f3n de la Frontera (Sevilla).<\/p>\n<p><span class=\"info-key \"><strong>Herkunftsort des Lebensmittels<\/strong>:<\/span> Erzeugnis aus Spanien<\/p>\n<p><span class=\"info-key \"><strong>Nettomenge<\/strong>:<\/span> 350 g<\/p>\n<p><span class=\"info-key \"><strong>Sonstige obligatorische Angaben auf dem Etikett<\/strong>:<\/span> Hergestellt mit 45 g Beeren pro 100 g.<\/p>\n<p> <strong> Gesamtzuckergehalt<\/strong> 50 g pro 100 g.<\/p>\n","protected":false},"excerpt":{"rendered":"<p>Die Waldfruchtkonfit\u00fcre von La Vieja F\u00e1brica ist eine exquisite Kombination aus den besten Fr\u00fcchten des Waldes, die sorgf\u00e4ltig ausgew\u00e4hlt wurden, um einen einzigartigen und k\u00f6stlichen Geschmack zu bieten. Dieses Produkt zeichnet sich durch seine handwerkliche Herstellung und sein Engagement f\u00fcr Qualit\u00e4t aus und bietet ein gastronomisches Erlebnis, das die Essenz der Natur in jedem L\u00f6ffel [&hellip;]<\/p>\n","protected":false},"featured_media":14364,"template":"","meta":{"_et_pb_use_builder":"","_et_pb_old_content":"","_et_gb_content_width":""},"product_brand":[1460],"product_cat":[1948],"product_tag":[],"class_list":{"0":"post-39764","1":"product","2":"type-product","3":"status-publish","4":"has-post-thumbnail","6":"product_brand-la-vieja-fabrica","7":"product_cat-konserven","9":"first","10":"outofstock","11":"taxable","12":"shipping-taxable","13":"product-type-variable"},"_links":{"self":[{"href":"https:\/\/myspainfood.com\/de\/wp-json\/wp\/v2\/product\/39764","targetHints":{"allow":["GET"]}}],"collection":[{"href":"https:\/\/myspainfood.com\/de\/wp-json\/wp\/v2\/product"}],"about":[{"href":"https:\/\/myspainfood.com\/de\/wp-json\/wp\/v2\/types\/product"}],"wp:featuredmedia":[{"embeddable":true,"href":"https:\/\/myspainfood.com\/de\/wp-json\/wp\/v2\/media\/14364"}],"wp:attachment":[{"href":"https:\/\/myspainfood.com\/de\/wp-json\/wp\/v2\/media?parent=39764"}],"wp:term":[{"taxonomy":"product_brand","embeddable":true,"href":"https:\/\/myspainfood.com\/de\/wp-json\/wp\/v2\/product_brand?post=39764"},{"taxonomy":"product_cat","embeddable":true,"href":"https:\/\/myspainfood.com\/de\/wp-json\/wp\/v2\/product_cat?post=39764"},{"taxonomy":"product_tag","embeddable":true,"href":"https:\/\/myspainfood.com\/de\/wp-json\/wp\/v2\/product_tag?post=39764"}],"curies":[{"name":"wp","href":"https:\/\/api.w.org\/{rel}","templated":true}]}}