{"id":39866,"date":"2025-04-10T12:13:45","date_gmt":"2025-04-10T10:13:45","guid":{"rendered":"https:\/\/myspainfood.com\/producto\/sierra-zarza-gourmet-ziegenkaese-750-gramm\/"},"modified":"2025-04-10T12:13:45","modified_gmt":"2025-04-10T10:13:45","slug":"sierra-zarza-gourmet-ziegenkaese-750-gramm","status":"publish","type":"product","link":"https:\/\/myspainfood.com\/de\/producto\/sierra-zarza-gourmet-ziegenkaese-750-gramm\/","title":{"rendered":"Sierra Zarza Gourmet Ziegenk\u00e4se 750 Gramm"},"content":{"rendered":"<p>Entdecken Sie die authentische Essenz der Landschaft mit unserem exquisiten Sierra Zarza Ziegenk\u00e4se, einem handwerklichen Genuss, der die Tradition und Qualit\u00e4t der reinsten Ziegenmilch verk\u00f6rpert. Dieser K\u00e4se stammt von ausgew\u00e4hlten Ziegenherden, die frei an den H\u00e4ngen der Sierra Zarza grasen, und bietet ein unvergleichliches gastronomisches Erlebnis. <\/p>\n<p>Der Sierra Zarza Ziegenk\u00e4se wird in einer eleganten Aufmachung geliefert, die sich sowohl f\u00fcr besondere Anl\u00e4sse als auch f\u00fcr den t\u00e4glichen Gebrauch eignet. Er passt perfekt zu Wei\u00df- und Ros\u00e9weinen und ist auch eine hervorragende Erg\u00e4nzung zu Salaten, Tapas und Gourmet-Desserts. Seine Vielseitigkeit in der K\u00fcche macht ihn zu einer unverzichtbaren Zutat f\u00fcr Liebhaber der guten K\u00fcche.  <\/p>\n<p>Entdecken Sie die authentische Essenz der Landschaft mit unserem exquisiten Sierra Zarza Ziegenk\u00e4se, einem handwerklichen Genuss, der die Tradition und Qualit\u00e4t der reinsten Ziegenmilch verk\u00f6rpert. Dieser K\u00e4se stammt von ausgew\u00e4hlten Ziegenherden, die frei an den H\u00e4ngen der Sierra Zarza grasen, und bietet ein unvergleichliches gastronomisches Erlebnis. <\/p>\n<p>&nbsp;<\/p>\n<p>Der Sierra Zarza Ziegenk\u00e4se wird in einer eleganten Aufmachung geliefert, die sich sowohl f\u00fcr besondere Anl\u00e4sse als auch f\u00fcr den t\u00e4glichen Gebrauch eignet. Er passt perfekt zu Wei\u00df- und Ros\u00e9weinen und ist auch eine hervorragende Erg\u00e4nzung zu Salaten, Tapas und Gourmet-Desserts. Seine Vielseitigkeit in der K\u00fcche macht ihn zu einer unverzichtbaren Zutat f\u00fcr Liebhaber der guten K\u00fcche.  <\/p>\n","protected":false},"excerpt":{"rendered":"<p>Entdecken Sie die authentische Essenz der Landschaft mit unserem exquisiten Sierra Zarza Ziegenk\u00e4se, einem handwerklichen Genuss, der die Tradition und Qualit\u00e4t der reinsten Ziegenmilch verk\u00f6rpert. Dieser K\u00e4se stammt von ausgew\u00e4hlten Ziegenherden, die frei an den H\u00e4ngen der Sierra Zarza grasen, und bietet ein unvergleichliches gastronomisches Erlebnis. Der Sierra Zarza Ziegenk\u00e4se wird in einer eleganten Aufmachung [&hellip;]<\/p>\n","protected":false},"featured_media":14670,"template":"","meta":{"_et_pb_use_builder":"","_et_pb_old_content":"","_et_gb_content_width":""},"product_brand":[1465],"product_cat":[2748,2288],"product_tag":[],"class_list":{"0":"post-39866","1":"product","2":"type-product","3":"status-publish","4":"has-post-thumbnail","6":"product_brand-sierra-zarza","7":"product_cat-ausharten","8":"product_cat-kase-und-wurst","10":"first","11":"outofstock","12":"taxable","13":"shipping-taxable","14":"purchasable","15":"product-type-variable"},"_links":{"self":[{"href":"https:\/\/myspainfood.com\/de\/wp-json\/wp\/v2\/product\/39866","targetHints":{"allow":["GET"]}}],"collection":[{"href":"https:\/\/myspainfood.com\/de\/wp-json\/wp\/v2\/product"}],"about":[{"href":"https:\/\/myspainfood.com\/de\/wp-json\/wp\/v2\/types\/product"}],"wp:featuredmedia":[{"embeddable":true,"href":"https:\/\/myspainfood.com\/de\/wp-json\/wp\/v2\/media\/14670"}],"wp:attachment":[{"href":"https:\/\/myspainfood.com\/de\/wp-json\/wp\/v2\/media?parent=39866"}],"wp:term":[{"taxonomy":"product_brand","embeddable":true,"href":"https:\/\/myspainfood.com\/de\/wp-json\/wp\/v2\/product_brand?post=39866"},{"taxonomy":"product_cat","embeddable":true,"href":"https:\/\/myspainfood.com\/de\/wp-json\/wp\/v2\/product_cat?post=39866"},{"taxonomy":"product_tag","embeddable":true,"href":"https:\/\/myspainfood.com\/de\/wp-json\/wp\/v2\/product_tag?post=39866"}],"curies":[{"name":"wp","href":"https:\/\/api.w.org\/{rel}","templated":true}]}}