{"id":39944,"date":"2025-04-10T12:13:45","date_gmt":"2025-04-10T10:13:45","guid":{"rendered":"https:\/\/myspainfood.com\/producto\/ramon-bilbao-rioja-crianza-2020-herkunftsbezeichnung-75-cl\/"},"modified":"2026-01-29T12:57:33","modified_gmt":"2026-01-29T11:57:33","slug":"ramon-bilbao-rioja-crianza-2020-herkunftsbezeichnung-75-cl","status":"publish","type":"product","link":"https:\/\/myspainfood.com\/de\/producto\/ramon-bilbao-rioja-crianza-2020-herkunftsbezeichnung-75-cl\/","title":{"rendered":"Ramon Bilbao Rioja Crianza 2020 Herkunftsbezeichnung 75 cl"},"content":{"rendered":"<p>Entdecken Sie die Exzellenz der Rioja mit Ram\u00f3n Bilbao Crianza 2020, einem Rotwein, der die Tradition und den innovativen Geist eines der renommiertesten Weing\u00fcter Spaniens widerspiegelt. Dieser mit viel Liebe zum Detail hergestellte Wein ist eine authentische Darstellung der Qualit\u00e4t und des Charakters der Region Rioja. <\/p>\n<p>&nbsp;<\/p>\n<p>Das 1924 gegr\u00fcndete Weingut Ram\u00f3n Bilbao verbindet die Weinbautradition der Rioja mit einer innovativen Vision und kreiert Weine, die sowohl eine Hommage an das Erbe der Region als auch ein Ausdruck der Modernit\u00e4t sind. Der Ram\u00f3n Bilbao Crianza 2020 ist ein Wein, der Sie dazu einl\u00e4dt, den Reichtum und die Vielfalt der Rioja zu erkunden. Er ist ideal f\u00fcr jede Gelegenheit, von formellen Abendessen bis hin zu informellen Zusammenk\u00fcnften. <\/p>\n","protected":false},"excerpt":{"rendered":"<p>Entdecken Sie die Exzellenz der Rioja mit Ram\u00f3n Bilbao Crianza 2020, einem Rotwein, der die Tradition und den innovativen Geist eines der renommiertesten Weing\u00fcter Spaniens widerspiegelt. Dieser mit viel Liebe zum Detail hergestellte Wein ist eine authentische Darstellung der Qualit\u00e4t und des Charakters der Region Rioja. &nbsp; Das 1924 gegr\u00fcndete Weingut Ram\u00f3n Bilbao verbindet die [&hellip;]<\/p>\n","protected":false},"featured_media":14616,"template":"","meta":{"_et_pb_use_builder":"","_et_pb_old_content":"","_et_gb_content_width":""},"product_brand":[1463],"product_cat":[4892,6275],"product_tag":[],"class_list":{"0":"post-39944","1":"product","2":"type-product","3":"status-publish","4":"has-post-thumbnail","6":"product_brand-ramon-bilbao","7":"product_cat-getranke","8":"product_cat-wein-de-2","10":"first","11":"outofstock","12":"taxable","13":"shipping-taxable","14":"product-type-variable"},"_links":{"self":[{"href":"https:\/\/myspainfood.com\/de\/wp-json\/wp\/v2\/product\/39944","targetHints":{"allow":["GET"]}}],"collection":[{"href":"https:\/\/myspainfood.com\/de\/wp-json\/wp\/v2\/product"}],"about":[{"href":"https:\/\/myspainfood.com\/de\/wp-json\/wp\/v2\/types\/product"}],"wp:featuredmedia":[{"embeddable":true,"href":"https:\/\/myspainfood.com\/de\/wp-json\/wp\/v2\/media\/14616"}],"wp:attachment":[{"href":"https:\/\/myspainfood.com\/de\/wp-json\/wp\/v2\/media?parent=39944"}],"wp:term":[{"taxonomy":"product_brand","embeddable":true,"href":"https:\/\/myspainfood.com\/de\/wp-json\/wp\/v2\/product_brand?post=39944"},{"taxonomy":"product_cat","embeddable":true,"href":"https:\/\/myspainfood.com\/de\/wp-json\/wp\/v2\/product_cat?post=39944"},{"taxonomy":"product_tag","embeddable":true,"href":"https:\/\/myspainfood.com\/de\/wp-json\/wp\/v2\/product_tag?post=39944"}],"curies":[{"name":"wp","href":"https:\/\/api.w.org\/{rel}","templated":true}]}}