{"id":39995,"date":"2025-04-10T12:14:06","date_gmt":"2025-04-10T10:14:06","guid":{"rendered":"https:\/\/myspainfood.com\/producto\/a-inigo-garbanzos-de-primera-3-kg\/"},"modified":"2025-04-10T12:14:06","modified_gmt":"2025-04-10T10:14:06","slug":"a-inigo-garbanzos-de-primera-3-kg","status":"publish","type":"product","link":"https:\/\/myspainfood.com\/de\/producto\/a-inigo-garbanzos-de-primera-3-kg\/","title":{"rendered":"A. I\u00f1igo Garbanzos de Primera 3 kg"},"content":{"rendered":"<p>Entdecken Sie die <strong>Kichererbsen von Primera A. I\u00f1igo. I\u00f1igo<\/strong>, sorgf\u00e4ltig ausgew\u00e4hlt, um Ihnen die beste Qualit\u00e4t und den besten Geschmack in jeder Bohne zu bieten. Diese erstklassigen Kichererbsen sind die perfekte Zutat, um Ihre Gerichte zu verfeinern. Sie bieten eine weiche und cremige Textur, die sich an eine Vielzahl von Rezepten anpassen l\u00e4sst. <\/p>\n<p><strong>Vorteile:<\/strong><\/p>\n<ul>\n<li><strong>Nahrhaft:<\/strong> Reich an Ballaststoffen und Proteinen, die f\u00fcr eine gesunde und ausgewogene Ern\u00e4hrung unerl\u00e4sslich sind.<\/li>\n<li><strong>Energetisch:<\/strong> Sie liefern Energie und S\u00e4ttigung und sind ideal f\u00fcr jede Mahlzeit des Tages.<\/li>\n<li><strong>Gesund:<\/strong> Ohne Zusatzstoffe oder Konservierungsmittel sind sie eine nat\u00fcrliche und gesunde Wahl f\u00fcr die ganze Familie.<\/li>\n<li><strong>Vielseitigkeit in der K\u00fcche:<\/strong> Sie passen zu einer Vielzahl von Rezepten, sowohl traditionell als auch modern, und erm\u00f6glichen Ihnen die Zubereitung k\u00f6stlicher und nahrhafter Gerichte.<\/li>\n<\/ul>\n<p><strong>Empfehlungen f\u00fcr die Verwendung:<\/strong><\/p>\n<ul>\n<li><strong>Salate:<\/strong> F\u00fcgen Sie sie Ihren Salaten hinzu, um die Textur und den N\u00e4hrwert zu verbessern.<\/li>\n<li><strong>Eint\u00f6pfe und Suppen:<\/strong> Perfekt zum Verfeinern von Fleisch-, Gefl\u00fcgel- oder Gem\u00fcseeint\u00f6pfen sowie von k\u00f6stlichen Suppen.<\/li>\n<li><strong>Hummus:<\/strong> Verwenden Sie sie zur Herstellung von selbstgemachtem Hummus, indem Sie Tahini, Zitrone, Knoblauch und Oliven\u00f6l hinzuf\u00fcgen.<\/li>\n<li><strong>Traditionelle Gerichte:<\/strong> Ideal f\u00fcr Eint\u00f6pfe, Kasserollen und andere traditionelle spanische Rezepte.<\/li>\n<\/ul>\n<p><strong>Konservierung:<\/strong><\/p>\n<ul>\n<li>Lagern Sie es an einem k\u00fchlen, trockenen Ort.<\/li>\n<li>Halten Sie den Beh\u00e4lter fest verschlossen, um die Frische zu bewahren.<\/li>\n<\/ul>\n","protected":false},"excerpt":{"rendered":"<p>Entdecken Sie die Kichererbsen von Primera A. I\u00f1igo. I\u00f1igo, sorgf\u00e4ltig ausgew\u00e4hlt, um Ihnen die beste Qualit\u00e4t und den besten Geschmack in jeder Bohne zu bieten. Diese erstklassigen Kichererbsen sind die perfekte Zutat, um Ihre Gerichte zu verfeinern. Sie bieten eine weiche und cremige Textur, die sich an eine Vielzahl von Rezepten anpassen l\u00e4sst. Vorteile: Nahrhaft: [&hellip;]<\/p>\n","protected":false},"featured_media":14805,"template":"","meta":{"_et_pb_use_builder":"","_et_pb_old_content":"","_et_gb_content_width":""},"product_brand":[1461],"product_cat":[2191],"product_tag":[],"class_list":{"0":"post-39995","1":"product","2":"type-product","3":"status-publish","4":"has-post-thumbnail","6":"product_brand-a-inigo","7":"product_cat-kategorie-testen","9":"first","10":"outofstock","11":"taxable","12":"shipping-taxable","13":"product-type-variable"},"_links":{"self":[{"href":"https:\/\/myspainfood.com\/de\/wp-json\/wp\/v2\/product\/39995","targetHints":{"allow":["GET"]}}],"collection":[{"href":"https:\/\/myspainfood.com\/de\/wp-json\/wp\/v2\/product"}],"about":[{"href":"https:\/\/myspainfood.com\/de\/wp-json\/wp\/v2\/types\/product"}],"wp:featuredmedia":[{"embeddable":true,"href":"https:\/\/myspainfood.com\/de\/wp-json\/wp\/v2\/media\/14805"}],"wp:attachment":[{"href":"https:\/\/myspainfood.com\/de\/wp-json\/wp\/v2\/media?parent=39995"}],"wp:term":[{"taxonomy":"product_brand","embeddable":true,"href":"https:\/\/myspainfood.com\/de\/wp-json\/wp\/v2\/product_brand?post=39995"},{"taxonomy":"product_cat","embeddable":true,"href":"https:\/\/myspainfood.com\/de\/wp-json\/wp\/v2\/product_cat?post=39995"},{"taxonomy":"product_tag","embeddable":true,"href":"https:\/\/myspainfood.com\/de\/wp-json\/wp\/v2\/product_tag?post=39995"}],"curies":[{"name":"wp","href":"https:\/\/api.w.org\/{rel}","templated":true}]}}