{"id":40129,"date":"2025-04-10T12:14:06","date_gmt":"2025-04-10T10:14:06","guid":{"rendered":"https:\/\/myspainfood.com\/producto\/olympos-gelbflossenthunfisch-in-eingelegter-sauce-18-kilo\/"},"modified":"2025-04-10T12:14:06","modified_gmt":"2025-04-10T10:14:06","slug":"olympos-gelbflossenthunfisch-in-eingelegter-sauce-18-kilo","status":"publish","type":"product","link":"https:\/\/myspainfood.com\/de\/producto\/olympos-gelbflossenthunfisch-in-eingelegter-sauce-18-kilo\/","title":{"rendered":"Olympos Gelbflossenthunfisch in eingelegter Sauce 1,8 Kilo"},"content":{"rendered":"<article class=\"4ever-article\" data-clipboard-cangjie=\"[\"root\",{\"copyFrom\":33891801},[\"p\",{\"jc\":\"left\",\"ind\":{},\"spacing\":{}},[\"span\",{\"data-type\":\"text\"},[\"span\",{\"data-type\":\"leaf\"},\"Descubre la excelencia del \"],[\"span\",{\"bold\":true,\"data-type\":\"leaf\"},\"At\u00fan Claro en Escabeche Olympos\"],[\"span\",{\"data-type\":\"leaf\"},\", una delicia gourmet que eleva tus comidas cotidianas. Seleccionado cuidadosamente y preparado con los m\u00e1s altos est\u00e1ndares de calidad, este at\u00fan claro ofrece un sabor aut\u00e9ntico y una textura suave que deleitar\u00e1 a tu paladar.\"]]],[\"p\",{\"jc\":\"left\",\"ind\":{},\"spacing\":{}},[\"span\",{\"data-type\":\"text\"},[\"span\",{\"data-type\":\"leaf\"},\"\"]]],[\"p\",{\"jc\":\"left\",\"ind\":{},\"spacing\":{}},[\"span\",{\"data-type\":\"text\"},[\"span\",{\"bold\":true,\"data-type\":\"leaf\"},\"Beneficios:\"]]],[\"p\",{\"list\":{\"listId\":\"ca7ejz8ee1c\",\"isOrdered\":false,\"level\":0},\"jc\":\"left\",\"spacing\":{}},[\"span\",{\"data-type\":\"text\"},[\"span\",{\"bold\":true,\"data-type\":\"leaf\"},\"F\u00e1cil de Usar:\"],[\"span\",{\"data-type\":\"leaf\"},\" Abre la lata y disfruta de su delicioso sabor directamente o como ingrediente principal en tus recetas favoritas.\"]]],[\"p\",{\"list\":{\"listId\":\"ca7ejz8ee1c\",\"isOrdered\":false,\"level\":0},\"jc\":\"left\",\"spacing\":{}},[\"span\",{\"data-type\":\"text\"},[\"span\",{\"bold\":true,\"data-type\":\"leaf\"},\"Saludable:\"],[\"span\",{\"data-type\":\"leaf\"},\" Bajo en grasas saturadas y libre de conservantes artificiales, es una opci\u00f3n nutritiva para toda la familia.\"]]],[\"p\",{\"list\":{\"listId\":\"ca7ejz8ee1c\",\"isOrdered\":false,\"level\":0},\"jc\":\"left\",\"spacing\":{}},[\"span\",{\"data-type\":\"text\"},[\"span\",{\"bold\":true,\"data-type\":\"leaf\"},\"Sabor Aut\u00e9ntico:\"],[\"span\",{\"data-type\":\"leaf\"},\" La preparaci\u00f3n en escabeche realza el sabor natural del at\u00fan, ofreci\u00e9ndote una experiencia gastron\u00f3mica \u00fanica.\"]]],[\"p\",{\"jc\":\"left\",\"ind\":{},\"spacing\":{}},[\"span\",{\"data-type\":\"text\"},[\"span\",{\"data-type\":\"leaf\"},\"\"]]],[\"p\",{\"jc\":\"left\",\"ind\":{},\"spacing\":{}},[\"span\",{\"data-type\":\"text\"},[\"span\",{\"bold\":true,\"data-type\":\"leaf\"},\"Recomendaciones de Uso:\"]]],[\"p\",{\"list\":{\"listId\":\"wuep2lhyiif\",\"isOrdered\":false,\"level\":0},\"jc\":\"left\",\"spacing\":{}},[\"span\",{\"data-type\":\"text\"},[\"span\",{\"bold\":true,\"data-type\":\"leaf\"},\"Ensaladas:\"],[\"span\",{\"data-type\":\"leaf\"},\" Comb\u00ednalo con vegetales frescos y un aderezo ligero para una ensalada nutritiva.\"]]],[\"p\",{\"list\":{\"listId\":\"wuep2lhyiif\",\"isOrdered\":false,\"level\":0},\"jc\":\"left\",\"spacing\":{}},[\"span\",{\"data-type\":\"text\"},[\"span\",{\"bold\":true,\"data-type\":\"leaf\"},\"Tapas:\"],[\"span\",{\"data-type\":\"leaf\"},\" \u00dasalo como ingrediente principal en tapas espa\u00f1olas, junto con pimientos, aceitunas y pan crujiente.\"]]],[\"p\",{\"list\":{\"listId\":\"wuep2lhyiif\",\"isOrdered\":false,\"level\":0},\"jc\":\"left\",\"spacing\":{}},[\"span\",{\"data-type\":\"text\"},[\"span\",{\"bold\":true,\"data-type\":\"leaf\"},\"Platos Principales:\"],[\"span\",{\"data-type\":\"leaf\"},\" A\u00f1\u00e1delo a pastas, arroces o guisos para un plato principal lleno de sabor y nutrientes.\"]]],[\"p\",{\"jc\":\"left\",\"ind\":{},\"spacing\":{}},[\"span\",{\"data-type\":\"text\"},[\"span\",{\"data-type\":\"leaf\"},\"\"]]],[\"p\",{\"jc\":\"left\",\"ind\":{},\"spacing\":{}},[\"span\",{\"data-type\":\"text\"},[\"span\",{\"bold\":true,\"data-type\":\"leaf\"},\"Conservaci\u00f3n:\"]]],[\"p\",{\"list\":{\"listId\":\"x5ptcu8sy7j\",\"isOrdered\":false,\"level\":0},\"jc\":\"left\",\"spacing\":{}},[\"span\",{\"data-type\":\"text\"},[\"span\",{\"data-type\":\"leaf\"},\"Almacenar en un lugar fresco y seco.\"]]],[\"p\",{\"list\":{\"listId\":\"x5ptcu8sy7j\",\"isOrdered\":false,\"level\":0},\"jc\":\"left\",\"spacing\":{}},[\"span\",{\"data-type\":\"text\"},[\"span\",{\"data-type\":\"leaf\"},\"Una vez abierto, mantener refrigerado y consumir en los pr\u00f3ximos 2 d\u00edas.\"]]]]\">Entdecken Sie die Exzellenz von Olympos Eingelegter Gelbflossener Thunfisch, ein Gourmet-Genuss, der Ihre t\u00e4glichen Mahlzeiten aufwertet. Sorgf\u00e4ltig ausgew\u00e4hlt und nach den h\u00f6chsten Qualit\u00e4tsstandards zubereitet, bietet dieser leichte Thunfisch einen authentischen Geschmack und eine weiche Textur, die Ihren Gaumen erfreuen wird: <\/p>\n<ul>\n<li>\n<div>Einfach zu verwenden: \u00d6ffnen Sie die Dose und genie\u00dfen Sie den k\u00f6stlichen Geschmack direkt oder als Hauptzutat in Ihren Lieblingsrezepten.<\/div>\n<\/li>\n<li>\n<div>Gesund: Wenig ges\u00e4ttigte Fette und frei von k\u00fcnstlichen Konservierungsstoffen, eine nahrhafte Wahl f\u00fcr die ganze Familie.<\/div>\n<\/li>\n<li>\n<div>Authentischer Geschmack: Die eingelegte Zubereitung hebt den nat\u00fcrlichen Geschmack des Thunfischs hervor und bietet Ihnen ein einzigartiges gastronomisches Erlebnis.<\/div>\n<\/li>\n<\/ul>\n<p>&nbsp;<\/p>\n<p>Empfehlungen f\u00fcr die Verwendung:<\/p>\n<ul>\n<li>\n<div>Salate: Kombinieren Sie sie mit frischem Gem\u00fcse und einem leichten Dressing f\u00fcr einen nahrhaften Salat.<\/div>\n<\/li>\n<li>\n<div>Tapas: Verwenden Sie ihn als Hauptzutat in spanischen Tapas, zusammen mit Paprika, Oliven und knusprigem Brot.<\/div>\n<\/li>\n<li>\n<div>Hauptgerichte: F\u00fcgen Sie es zu Nudeln, Reisgerichten oder Eint\u00f6pfen hinzu, um ein Hauptgericht voller Geschmack und N\u00e4hrstoffe zu erhalten.<\/div>\n<\/li>\n<\/ul>\n<p>&nbsp;<\/p>\n<p>Konservierung:<\/p>\n<ul>\n<li>\n<div>Lagern Sie es an einem k\u00fchlen, trockenen Ort.<\/div>\n<\/li>\n<li>\n<div>Nach dem \u00d6ffnen im K\u00fchlschrank aufbewahren und innerhalb von 2 Tagen verbrauchen.<\/div>\n<\/li>\n<\/ul>\n<\/article>\n","protected":false},"excerpt":{"rendered":"<p>Entdecken Sie die Exzellenz von Olympos Eingelegter Gelbflossener Thunfisch, ein Gourmet-Genuss, der Ihre t\u00e4glichen Mahlzeiten aufwertet. Sorgf\u00e4ltig ausgew\u00e4hlt und nach den h\u00f6chsten Qualit\u00e4tsstandards zubereitet, bietet dieser leichte Thunfisch einen authentischen Geschmack und eine weiche Textur, die Ihren Gaumen erfreuen wird: Einfach zu verwenden: \u00d6ffnen Sie die Dose und genie\u00dfen Sie den k\u00f6stlichen Geschmack direkt oder [&hellip;]<\/p>\n","protected":false},"featured_media":14724,"template":"","meta":{"_et_pb_use_builder":"","_et_pb_old_content":"","_et_gb_content_width":""},"product_brand":[1248],"product_cat":[1948,4250],"product_tag":[],"class_list":{"0":"post-40129","1":"product","2":"type-product","3":"status-publish","4":"has-post-thumbnail","6":"product_brand-olympos","7":"product_cat-konserven","8":"product_cat-thunfisch-und-bonito","10":"first","11":"outofstock","12":"taxable","13":"shipping-taxable","14":"product-type-variable"},"_links":{"self":[{"href":"https:\/\/myspainfood.com\/de\/wp-json\/wp\/v2\/product\/40129","targetHints":{"allow":["GET"]}}],"collection":[{"href":"https:\/\/myspainfood.com\/de\/wp-json\/wp\/v2\/product"}],"about":[{"href":"https:\/\/myspainfood.com\/de\/wp-json\/wp\/v2\/types\/product"}],"wp:featuredmedia":[{"embeddable":true,"href":"https:\/\/myspainfood.com\/de\/wp-json\/wp\/v2\/media\/14724"}],"wp:attachment":[{"href":"https:\/\/myspainfood.com\/de\/wp-json\/wp\/v2\/media?parent=40129"}],"wp:term":[{"taxonomy":"product_brand","embeddable":true,"href":"https:\/\/myspainfood.com\/de\/wp-json\/wp\/v2\/product_brand?post=40129"},{"taxonomy":"product_cat","embeddable":true,"href":"https:\/\/myspainfood.com\/de\/wp-json\/wp\/v2\/product_cat?post=40129"},{"taxonomy":"product_tag","embeddable":true,"href":"https:\/\/myspainfood.com\/de\/wp-json\/wp\/v2\/product_tag?post=40129"}],"curies":[{"name":"wp","href":"https:\/\/api.w.org\/{rel}","templated":true}]}}