{"id":40187,"date":"2025-04-10T12:14:06","date_gmt":"2025-04-10T10:14:06","guid":{"rendered":"https:\/\/myspainfood.com\/producto\/pochas-blancas-de-navarra-a-inigo-authentischer-traditioneller-geschmack-660-gr\/"},"modified":"2025-04-10T12:14:06","modified_gmt":"2025-04-10T10:14:06","slug":"pochas-blancas-de-navarra-a-inigo-authentischer-traditioneller-geschmack-660-gr","status":"publish","type":"product","link":"https:\/\/myspainfood.com\/de\/producto\/pochas-blancas-de-navarra-a-inigo-authentischer-traditioneller-geschmack-660-gr\/","title":{"rendered":"Pochas Blancas de Navarra A. I\u00f1igo - Authentischer traditioneller Geschmack 660 gr"},"content":{"rendered":"<p>Die Pochas Blancas von A. I\u00f1igo sind eine traditionelle Delikatesse aus der Region Navarra, die f\u00fcr ihre au\u00dfergew\u00f6hnliche Qualit\u00e4t und ihren Geschmack bekannt ist. Diese frischen Bohnen werden zum optimalen Reifezeitpunkt geerntet und sorgf\u00e4ltig verpackt, um ihre Frische und N\u00e4hrstoffe zu erhalten. <\/p>\n<ul>\n<li><strong>Herkunft:<\/strong> Navarra, Spanien<\/li>\n<li><strong>Art der Bohne:<\/strong> Wei\u00dfe Bohnen<\/li>\n<li><strong>Pr\u00e4sentation:<\/strong> Glasbeh\u00e4lter<\/li>\n<li><strong>Zutaten:<\/strong> Wei\u00dfe Kidneybohnen, Wasser, Salz, Salz.<\/li>\n<li><strong>Lagerung:<\/strong> An einem k\u00fchlen, trockenen Ort aufbewahren.<\/li>\n<li><strong>Empfohlene Verwendung:<\/strong> Ideal f\u00fcr Eint\u00f6pfe, Salate und traditionelle Gerichte aus Navarra und dem Mittelmeerraum.<\/li>\n<\/ul>\n<p>Die wei\u00dfen Bohnen von A. I\u00f1igo zeichnen sich durch ihre Weichheit und ihren delikaten Geschmack aus, der sich perfekt mit anderen Zutaten in Suppen, Eint\u00f6pfen und Salaten erg\u00e4nzt. Aufgrund ihrer zarten Textur und der d\u00fcnnen Schale werden sie von Feinschmeckern und Fans der traditionellen K\u00fcche besonders gesch\u00e4tzt. <\/p>\n","protected":false},"excerpt":{"rendered":"<p>Die Pochas Blancas von A. I\u00f1igo sind eine traditionelle Delikatesse aus der Region Navarra, die f\u00fcr ihre au\u00dfergew\u00f6hnliche Qualit\u00e4t und ihren Geschmack bekannt ist. Diese frischen Bohnen werden zum optimalen Reifezeitpunkt geerntet und sorgf\u00e4ltig verpackt, um ihre Frische und N\u00e4hrstoffe zu erhalten. Herkunft: Navarra, Spanien Art der Bohne: Wei\u00dfe Bohnen Pr\u00e4sentation: Glasbeh\u00e4lter Zutaten: Wei\u00dfe Kidneybohnen, [&hellip;]<\/p>\n","protected":false},"featured_media":14679,"template":"","meta":{"_et_pb_use_builder":"","_et_pb_old_content":"","_et_gb_content_width":""},"product_brand":[1461],"product_cat":[3750],"product_tag":[],"class_list":{"0":"post-40187","1":"product","2":"type-product","3":"status-publish","4":"has-post-thumbnail","6":"product_brand-a-inigo","7":"product_cat-konserven-de-3","9":"first","10":"outofstock","11":"taxable","12":"shipping-taxable","13":"purchasable","14":"product-type-variable"},"_links":{"self":[{"href":"https:\/\/myspainfood.com\/de\/wp-json\/wp\/v2\/product\/40187","targetHints":{"allow":["GET"]}}],"collection":[{"href":"https:\/\/myspainfood.com\/de\/wp-json\/wp\/v2\/product"}],"about":[{"href":"https:\/\/myspainfood.com\/de\/wp-json\/wp\/v2\/types\/product"}],"wp:featuredmedia":[{"embeddable":true,"href":"https:\/\/myspainfood.com\/de\/wp-json\/wp\/v2\/media\/14679"}],"wp:attachment":[{"href":"https:\/\/myspainfood.com\/de\/wp-json\/wp\/v2\/media?parent=40187"}],"wp:term":[{"taxonomy":"product_brand","embeddable":true,"href":"https:\/\/myspainfood.com\/de\/wp-json\/wp\/v2\/product_brand?post=40187"},{"taxonomy":"product_cat","embeddable":true,"href":"https:\/\/myspainfood.com\/de\/wp-json\/wp\/v2\/product_cat?post=40187"},{"taxonomy":"product_tag","embeddable":true,"href":"https:\/\/myspainfood.com\/de\/wp-json\/wp\/v2\/product_tag?post=40187"}],"curies":[{"name":"wp","href":"https:\/\/api.w.org\/{rel}","templated":true}]}}