{"id":40218,"date":"2025-04-10T12:14:28","date_gmt":"2025-04-10T10:14:28","guid":{"rendered":"https:\/\/myspainfood.com\/producto\/la-encajera-gewuerzte-ganze-aubergine-560-gramm\/"},"modified":"2025-04-10T12:14:28","modified_gmt":"2025-04-10T10:14:28","slug":"la-encajera-gewuerzte-ganze-aubergine-560-gramm","status":"publish","type":"product","link":"https:\/\/myspainfood.com\/de\/producto\/la-encajera-gewuerzte-ganze-aubergine-560-gramm\/","title":{"rendered":"La Encajera Gew\u00fcrzte ganze Aubergine 560 Gramm"},"content":{"rendered":"<p>Die ganze Aubergine mit Dressing ist eine ideale <a href=\"https:\/\/www.laencajera.es\/berenjenas-de-almagro\" target=\"_blank\" rel=\"noopener noreferrer nofollow\">Vorspeise<\/a>.<\/p>\n<p>Wird auch als Beilage zu Salaten verwendet.<\/p>\n<p>Sie werden mit Wasser, Weinessig, Oliven\u00f6l, Paprika, Salz, K\u00fcmmel und Knoblauch gew\u00fcrzt.<\/p>\n<p>Auberginen mit Auberginendressing stammen aus Castilla la Mancha, Spanien.<\/p>\n<p>Zutaten: S: Aubergine &#8222;De Almagro&#8220;, Wasser, Salz, Weinessig, nat\u00fcrliche Gew\u00fcrze (Knoblauch, Kreuzk\u00fcmmel, Paprika, Oliven\u00f6l), Geschmacksverst\u00e4rker (E-621) S\u00e4uerungsmittel (E-330), Konservierungsmittel (E-270, E-211, E-202E-223), Antioxidationsmittel (E-300) und nat\u00fcrliche Aromen.<\/p>\n<p>An einem k\u00fchlen und trockenen Ort zwischen 3\u00baC und 10\u00baC aufbewahren. Halten Sie es von Sonnenlicht und starken Ger\u00fcchen fern. <\/p>\n<p>Nach dem \u00d6ffnen im K\u00fchlschrank aufbewahren und innerhalb von 30 Tagen verbrauchen.<\/p>\n<p>Wenn Sie Oliven oder eine andere Art von <a href=\"https:\/\/latiendadesami.com\/categoria-producto\/encurtidos\/\" rel=\"noopener noreferrer nofollow\" target=\"_blank\">Essiggurken<\/a> kaufen m\u00f6chten, z\u00f6gern Sie nicht, einen Blick in unseren Online-Katalog zu werfen, um die gro\u00dfe Auswahl an <a href=\"https:\/\/latiendadesami.com\/categoria-producto\/encurtidos\/berenjenas\/\" target=\"_blank\" rel=\"noopener noreferrer nofollow\">Auberginen<\/a> zu sehen, die wir anbieten.<\/p>\n<p>Bei der Marke handelt es sich um La Encajonera, ein 1990 gegr\u00fcndetes Familienunternehmen mit Sitz im Herzen von La Mancha, in der Stadt ALMAGRO in der Provinz Ciudad Real.<\/p>\n<p>Der Herstellungsprozess seiner Produkte beginnt im gleichen Anbaugebiet, wo das beste Qualit\u00e4tsprodukt ausgew\u00e4hlt wird.<\/p>\n<p>Die Fabrik ist mit der modernsten Technologie ausgestattet und bewahrt gleichzeitig die Tradition und das Know-how ihrer Handwerker.<\/p>\n","protected":false},"excerpt":{"rendered":"<p>Die ganze Aubergine mit Dressing ist eine ideale Vorspeise. Wird auch als Beilage zu Salaten verwendet. Sie werden mit Wasser, Weinessig, Oliven\u00f6l, Paprika, Salz, K\u00fcmmel und Knoblauch gew\u00fcrzt. Auberginen mit Auberginendressing stammen aus Castilla la Mancha, Spanien. Zutaten: S: Aubergine &#8222;De Almagro&#8220;, Wasser, Salz, Weinessig, nat\u00fcrliche Gew\u00fcrze (Knoblauch, Kreuzk\u00fcmmel, Paprika, Oliven\u00f6l), Geschmacksverst\u00e4rker (E-621) S\u00e4uerungsmittel (E-330), [&hellip;]<\/p>\n","protected":false},"featured_media":7434,"template":"","meta":{"_et_pb_use_builder":"","_et_pb_old_content":"","_et_gb_content_width":""},"product_brand":[1057],"product_cat":[2118,1597],"product_tag":[2119],"class_list":{"0":"post-40218","1":"product","2":"type-product","3":"status-publish","4":"has-post-thumbnail","6":"product_brand-la-encajera","7":"product_cat-auberginen","8":"product_cat-essiggurken","9":"product_tag-alinada-de","11":"first","12":"outofstock","13":"taxable","14":"shipping-taxable","15":"product-type-variable"},"_links":{"self":[{"href":"https:\/\/myspainfood.com\/de\/wp-json\/wp\/v2\/product\/40218","targetHints":{"allow":["GET"]}}],"collection":[{"href":"https:\/\/myspainfood.com\/de\/wp-json\/wp\/v2\/product"}],"about":[{"href":"https:\/\/myspainfood.com\/de\/wp-json\/wp\/v2\/types\/product"}],"wp:featuredmedia":[{"embeddable":true,"href":"https:\/\/myspainfood.com\/de\/wp-json\/wp\/v2\/media\/7434"}],"wp:attachment":[{"href":"https:\/\/myspainfood.com\/de\/wp-json\/wp\/v2\/media?parent=40218"}],"wp:term":[{"taxonomy":"product_brand","embeddable":true,"href":"https:\/\/myspainfood.com\/de\/wp-json\/wp\/v2\/product_brand?post=40218"},{"taxonomy":"product_cat","embeddable":true,"href":"https:\/\/myspainfood.com\/de\/wp-json\/wp\/v2\/product_cat?post=40218"},{"taxonomy":"product_tag","embeddable":true,"href":"https:\/\/myspainfood.com\/de\/wp-json\/wp\/v2\/product_tag?post=40218"}],"curies":[{"name":"wp","href":"https:\/\/api.w.org\/{rel}","templated":true}]}}