{"id":41206,"date":"2025-04-10T12:12:29","date_gmt":"2025-04-10T10:12:29","guid":{"rendered":"https:\/\/myspainfood.com\/producto\/la-vieja-fabrica-pfirsichkonfituere-diet-280-g\/"},"modified":"2025-04-10T12:12:29","modified_gmt":"2025-04-10T10:12:29","slug":"la-vieja-fabrica-pfirsichkonfituere-diet-280-g","status":"publish","type":"product","link":"https:\/\/myspainfood.com\/de\/producto\/la-vieja-fabrica-pfirsichkonfituere-diet-280-g\/","title":{"rendered":"La Vieja F\u00e1brica Pfirsichkonfit\u00fcre DIET 280 g"},"content":{"rendered":"<p>Die Di\u00e4t-Pfirsichmarmelade von La Vieja F\u00e1brica ist eine k\u00f6stliche Option f\u00fcr alle, die den authentischen Geschmack von Obst genie\u00dfen m\u00f6chten, ohne ihrer Ern\u00e4hrung unn\u00f6tige Kalorien hinzuzuf\u00fcgen. Diese Konfit\u00fcre, die aus ausgew\u00e4hlten Pfirsichen und nach den traditionellen handwerklichen Rezepten von La Vieja F\u00e1brica hergestellt wird, bietet einen frischen und nat\u00fcrlichen Geschmack. <\/p>\n<p><strong>Herkunft<\/strong>: Spanien Hersteller: \u00c1ngel Camacho Alimentaci\u00f3n, S.L.<\/p>\n<p><strong>Adresse des Herstellers<\/strong>: Avda. del Pilar, 6 - 41530 Mor\u00f3n de la Frontera (Sevilla)<\/p>\n<p> <strong> Herkunft<\/strong>: Produkt aus Spanien<\/p>\n<p><strong>Nettogewicht<\/strong>: 280 g<\/p>\n<p><strong>Zus\u00e4tzliche obligatorische Angaben auf dem Etikett<\/strong>: Enth\u00e4lt 55 g Pfirsich pro 100 g.<\/p>\n<p><strong>Gesamtzucker<\/strong>: 42 g pro 100 g.<\/p>\n","protected":false},"excerpt":{"rendered":"<p>Die Di\u00e4t-Pfirsichmarmelade von La Vieja F\u00e1brica ist eine k\u00f6stliche Option f\u00fcr alle, die den authentischen Geschmack von Obst genie\u00dfen m\u00f6chten, ohne ihrer Ern\u00e4hrung unn\u00f6tige Kalorien hinzuzuf\u00fcgen. Diese Konfit\u00fcre, die aus ausgew\u00e4hlten Pfirsichen und nach den traditionellen handwerklichen Rezepten von La Vieja F\u00e1brica hergestellt wird, bietet einen frischen und nat\u00fcrlichen Geschmack. Herkunft: Spanien Hersteller: \u00c1ngel Camacho [&hellip;]<\/p>\n","protected":false},"featured_media":14256,"template":"","meta":{"_et_pb_use_builder":"","_et_pb_old_content":"","_et_gb_content_width":""},"product_brand":[1460],"product_cat":[1948],"product_tag":[],"class_list":{"0":"post-41206","1":"product","2":"type-product","3":"status-publish","4":"has-post-thumbnail","6":"product_brand-la-vieja-fabrica","7":"product_cat-konserven","9":"first","10":"outofstock","11":"taxable","12":"shipping-taxable","13":"product-type-variable"},"_links":{"self":[{"href":"https:\/\/myspainfood.com\/de\/wp-json\/wp\/v2\/product\/41206","targetHints":{"allow":["GET"]}}],"collection":[{"href":"https:\/\/myspainfood.com\/de\/wp-json\/wp\/v2\/product"}],"about":[{"href":"https:\/\/myspainfood.com\/de\/wp-json\/wp\/v2\/types\/product"}],"wp:featuredmedia":[{"embeddable":true,"href":"https:\/\/myspainfood.com\/de\/wp-json\/wp\/v2\/media\/14256"}],"wp:attachment":[{"href":"https:\/\/myspainfood.com\/de\/wp-json\/wp\/v2\/media?parent=41206"}],"wp:term":[{"taxonomy":"product_brand","embeddable":true,"href":"https:\/\/myspainfood.com\/de\/wp-json\/wp\/v2\/product_brand?post=41206"},{"taxonomy":"product_cat","embeddable":true,"href":"https:\/\/myspainfood.com\/de\/wp-json\/wp\/v2\/product_cat?post=41206"},{"taxonomy":"product_tag","embeddable":true,"href":"https:\/\/myspainfood.com\/de\/wp-json\/wp\/v2\/product_tag?post=41206"}],"curies":[{"name":"wp","href":"https:\/\/api.w.org\/{rel}","templated":true}]}}