{"id":41255,"date":"2025-04-10T12:12:57","date_gmt":"2025-04-10T10:12:57","guid":{"rendered":"https:\/\/myspainfood.com\/producto\/a-inigo-gruene-bohnen-rund-mittelgrosse-stuecke-400-gr\/"},"modified":"2025-04-10T12:12:57","modified_gmt":"2025-04-10T10:12:57","slug":"a-inigo-gruene-bohnen-rund-mittelgrosse-stuecke-400-gr","status":"publish","type":"product","link":"https:\/\/myspainfood.com\/de\/producto\/a-inigo-gruene-bohnen-rund-mittelgrosse-stuecke-400-gr\/","title":{"rendered":"A.I\u00f1igo Gr\u00fcne Bohnen Rund Mittelgro\u00dfe St\u00fccke 400 gr"},"content":{"rendered":"<p>Die gr\u00fcnen Bohnen von A.I\u00f1igo stehen f\u00fcr ein H\u00f6chstma\u00df an Frische und Geschmack. Diese gr\u00fcnen Bohnen, die sorgf\u00e4ltig ausgew\u00e4hlt und im optimalen Reifestadium geerntet werden, sind die ideale Wahl f\u00fcr jede t\u00e4gliche Mahlzeit. <\/p>\n<p><strong>Energiewert:<\/strong> 15,9 kJ \/ 67,5 kcal<\/p>\n<p><strong>Fett<\/strong>: 0 g<\/p>\n<p><strong>Davon ges\u00e4ttigt<\/strong> 0 g<\/p>\n<p><strong>Kohlenhydrate:<\/strong> 3.3 g<\/p>\n<p><strong>Davon Zucker<\/strong>: 0,8 g<\/p>\n<p><strong>Ballaststoffe<\/strong>: 1,5 g<\/p>\n<p><strong>Eiwei\u00df<\/strong>: 0,67 g<\/p>\n<p><strong>Salz<\/strong>: 0,5 g<\/p>\n","protected":false},"excerpt":{"rendered":"<p>Die gr\u00fcnen Bohnen von A.I\u00f1igo stehen f\u00fcr ein H\u00f6chstma\u00df an Frische und Geschmack. Diese gr\u00fcnen Bohnen, die sorgf\u00e4ltig ausgew\u00e4hlt und im optimalen Reifestadium geerntet werden, sind die ideale Wahl f\u00fcr jede t\u00e4gliche Mahlzeit. Energiewert: 15,9 kJ \/ 67,5 kcal Fett: 0 g Davon ges\u00e4ttigt 0 g Kohlenhydrate: 3.3 g Davon Zucker: 0,8 g Ballaststoffe: 1,5 [&hellip;]<\/p>\n","protected":false},"featured_media":14526,"template":"","meta":{"_et_pb_use_builder":"","_et_pb_old_content":"","_et_gb_content_width":""},"product_brand":[1461],"product_cat":[1948],"product_tag":[],"class_list":{"0":"post-41255","1":"product","2":"type-product","3":"status-publish","4":"has-post-thumbnail","6":"product_brand-a-inigo","7":"product_cat-konserven","9":"first","10":"instock","11":"taxable","12":"shipping-taxable","13":"product-type-variable"},"_links":{"self":[{"href":"https:\/\/myspainfood.com\/de\/wp-json\/wp\/v2\/product\/41255","targetHints":{"allow":["GET"]}}],"collection":[{"href":"https:\/\/myspainfood.com\/de\/wp-json\/wp\/v2\/product"}],"about":[{"href":"https:\/\/myspainfood.com\/de\/wp-json\/wp\/v2\/types\/product"}],"wp:featuredmedia":[{"embeddable":true,"href":"https:\/\/myspainfood.com\/de\/wp-json\/wp\/v2\/media\/14526"}],"wp:attachment":[{"href":"https:\/\/myspainfood.com\/de\/wp-json\/wp\/v2\/media?parent=41255"}],"wp:term":[{"taxonomy":"product_brand","embeddable":true,"href":"https:\/\/myspainfood.com\/de\/wp-json\/wp\/v2\/product_brand?post=41255"},{"taxonomy":"product_cat","embeddable":true,"href":"https:\/\/myspainfood.com\/de\/wp-json\/wp\/v2\/product_cat?post=41255"},{"taxonomy":"product_tag","embeddable":true,"href":"https:\/\/myspainfood.com\/de\/wp-json\/wp\/v2\/product_tag?post=41255"}],"curies":[{"name":"wp","href":"https:\/\/api.w.org\/{rel}","templated":true}]}}