{"id":41312,"date":"2025-04-10T12:12:57","date_gmt":"2025-04-10T10:12:57","guid":{"rendered":"https:\/\/myspainfood.com\/producto\/a-inigo-geschnittene-moehren-400-g\/"},"modified":"2025-04-10T12:12:57","modified_gmt":"2025-04-10T10:12:57","slug":"a-inigo-geschnittene-moehren-400-g","status":"publish","type":"product","link":"https:\/\/myspainfood.com\/de\/producto\/a-inigo-geschnittene-moehren-400-g\/","title":{"rendered":"A.I\u00f1igo Geschnittene M\u00f6hren 400 g"},"content":{"rendered":"<p>Die M\u00f6hren von A.I\u00f1igo sind die perfekte Wahl f\u00fcr alle, die Wert auf Qualit\u00e4t und Geschmack in ihren Speisen legen. Sorgf\u00e4ltig angebaut und sorgf\u00e4ltig ausgew\u00e4hlt, bieten diese Karotten eine knackige Textur und einen s\u00fc\u00dfen und nat\u00fcrlichen Geschmack, der jedes Gericht bereichert. <\/p>\n<p>&nbsp;<\/p>\n<p><strong>Energiewert:<\/strong> 71,4 kJ \/ 16,8kcal<\/p>\n<p><strong>Ges\u00e4ttigte Fette<\/strong>: 0 g<\/p>\n<p><strong>Kohlenhydrate<\/strong>: 4.2 g<\/p>\n<p><strong>Davon Zucker:<\/strong> 2.3 g<\/p>\n<p><strong>Ballaststoffe<\/strong>: 1,4 g<\/p>\n<p><strong>Eiwei\u00df<\/strong>: 0g<\/p>\n<p><strong>Salz<\/strong>: 0,65 g<\/p>\n","protected":false},"excerpt":{"rendered":"<p>Die M\u00f6hren von A.I\u00f1igo sind die perfekte Wahl f\u00fcr alle, die Wert auf Qualit\u00e4t und Geschmack in ihren Speisen legen. Sorgf\u00e4ltig angebaut und sorgf\u00e4ltig ausgew\u00e4hlt, bieten diese Karotten eine knackige Textur und einen s\u00fc\u00dfen und nat\u00fcrlichen Geschmack, der jedes Gericht bereichert. &nbsp; Energiewert: 71,4 kJ \/ 16,8kcal Ges\u00e4ttigte Fette: 0 g Kohlenhydrate: 4.2 g Davon [&hellip;]<\/p>\n","protected":false},"featured_media":14499,"template":"","meta":{"_et_pb_use_builder":"","_et_pb_old_content":"","_et_gb_content_width":""},"product_brand":[1461],"product_cat":[1948],"product_tag":[],"class_list":{"0":"post-41312","1":"product","2":"type-product","3":"status-publish","4":"has-post-thumbnail","6":"product_brand-a-inigo","7":"product_cat-konserven","9":"first","10":"outofstock","11":"taxable","12":"shipping-taxable","13":"product-type-variable"},"_links":{"self":[{"href":"https:\/\/myspainfood.com\/de\/wp-json\/wp\/v2\/product\/41312","targetHints":{"allow":["GET"]}}],"collection":[{"href":"https:\/\/myspainfood.com\/de\/wp-json\/wp\/v2\/product"}],"about":[{"href":"https:\/\/myspainfood.com\/de\/wp-json\/wp\/v2\/types\/product"}],"wp:featuredmedia":[{"embeddable":true,"href":"https:\/\/myspainfood.com\/de\/wp-json\/wp\/v2\/media\/14499"}],"wp:attachment":[{"href":"https:\/\/myspainfood.com\/de\/wp-json\/wp\/v2\/media?parent=41312"}],"wp:term":[{"taxonomy":"product_brand","embeddable":true,"href":"https:\/\/myspainfood.com\/de\/wp-json\/wp\/v2\/product_brand?post=41312"},{"taxonomy":"product_cat","embeddable":true,"href":"https:\/\/myspainfood.com\/de\/wp-json\/wp\/v2\/product_cat?post=41312"},{"taxonomy":"product_tag","embeddable":true,"href":"https:\/\/myspainfood.com\/de\/wp-json\/wp\/v2\/product_tag?post=41312"}],"curies":[{"name":"wp","href":"https:\/\/api.w.org\/{rel}","templated":true}]}}