{"id":41433,"date":"2025-04-10T12:12:57","date_gmt":"2025-04-10T10:12:57","guid":{"rendered":"https:\/\/myspainfood.com\/producto\/la-vieja-fabrica-erdbeerkonfituere-diet-280-g\/"},"modified":"2025-04-10T12:12:57","modified_gmt":"2025-04-10T10:12:57","slug":"la-vieja-fabrica-erdbeerkonfituere-diet-280-g","status":"publish","type":"product","link":"https:\/\/myspainfood.com\/de\/producto\/la-vieja-fabrica-erdbeerkonfituere-diet-280-g\/","title":{"rendered":"La Vieja F\u00e1brica Erdbeerkonfit\u00fcre DIET 280 g"},"content":{"rendered":"<p>Die Di\u00e4t-Erdbeer-Konfit\u00fcre von La Vieja F\u00e1brica ist eine k\u00f6stliche und gesunde Option f\u00fcr alle, die den authentischen Geschmack von Erdbeeren ohne den Zusatz von raffiniertem Zucker genie\u00dfen m\u00f6chten. Diese Di\u00e4t-Konfit\u00fcre wird mit nat\u00fcrlichen Zutaten und kalorienarmen S\u00fc\u00dfungsmitteln hergestellt und ist eine perfekte Alternative f\u00fcr alle, die auf ihre Kalorien- und Blutzuckerzufuhr achten. <\/p>\n<p><span class=\"info-key \"><strong>Name des Lebensmittels<\/strong>:<\/span> Di\u00e4t-Erdbeermarmelade<\/p>\n<p><span class=\"info-key \"><strong>Name des Betreibers<\/strong>:<\/span> \u00c1ngel Camacho Alimentaci\u00f3n, S.L.<\/p>\n<p><span class=\"info-key \"><strong>Anschrift des Anbieters<\/strong>:<\/span> Avda. del Pilar, 6 - 41530 Mor\u00f3n de la Frontera (Sevilla)<\/p>\n<p><strong><span class=\"info-key \">Herkunftsort des Lebensmittels:<\/span><\/strong> Produkt aus Spanien<\/p>\n<p><strong><span class=\"info-key \">Netto-Menge:<\/span><\/strong> 280 g<\/p>\n<p><strong><span class=\"info-key \">Sonstige obligatorische Angaben auf dem Etikett:<\/span><\/strong> F\u00fcr Diabetiker geeignet. Hergestellt mit 55 g Erdbeeren pro 100 g. <\/p>\n<p><strong>Gesamtzuckergehalt<\/strong> 42 g pro 100 g.<\/p>\n","protected":false},"excerpt":{"rendered":"<p>Die Di\u00e4t-Erdbeer-Konfit\u00fcre von La Vieja F\u00e1brica ist eine k\u00f6stliche und gesunde Option f\u00fcr alle, die den authentischen Geschmack von Erdbeeren ohne den Zusatz von raffiniertem Zucker genie\u00dfen m\u00f6chten. Diese Di\u00e4t-Konfit\u00fcre wird mit nat\u00fcrlichen Zutaten und kalorienarmen S\u00fc\u00dfungsmitteln hergestellt und ist eine perfekte Alternative f\u00fcr alle, die auf ihre Kalorien- und Blutzuckerzufuhr achten. Name des Lebensmittels: [&hellip;]<\/p>\n","protected":false},"featured_media":14391,"template":"","meta":{"_et_pb_use_builder":"","_et_pb_old_content":"","_et_gb_content_width":""},"product_brand":[1460],"product_cat":[1948],"product_tag":[],"class_list":{"0":"post-41433","1":"product","2":"type-product","3":"status-publish","4":"has-post-thumbnail","6":"product_brand-la-vieja-fabrica","7":"product_cat-konserven","9":"first","10":"outofstock","11":"taxable","12":"shipping-taxable","13":"product-type-variable"},"_links":{"self":[{"href":"https:\/\/myspainfood.com\/de\/wp-json\/wp\/v2\/product\/41433","targetHints":{"allow":["GET"]}}],"collection":[{"href":"https:\/\/myspainfood.com\/de\/wp-json\/wp\/v2\/product"}],"about":[{"href":"https:\/\/myspainfood.com\/de\/wp-json\/wp\/v2\/types\/product"}],"wp:featuredmedia":[{"embeddable":true,"href":"https:\/\/myspainfood.com\/de\/wp-json\/wp\/v2\/media\/14391"}],"wp:attachment":[{"href":"https:\/\/myspainfood.com\/de\/wp-json\/wp\/v2\/media?parent=41433"}],"wp:term":[{"taxonomy":"product_brand","embeddable":true,"href":"https:\/\/myspainfood.com\/de\/wp-json\/wp\/v2\/product_brand?post=41433"},{"taxonomy":"product_cat","embeddable":true,"href":"https:\/\/myspainfood.com\/de\/wp-json\/wp\/v2\/product_cat?post=41433"},{"taxonomy":"product_tag","embeddable":true,"href":"https:\/\/myspainfood.com\/de\/wp-json\/wp\/v2\/product_tag?post=41433"}],"curies":[{"name":"wp","href":"https:\/\/api.w.org\/{rel}","templated":true}]}}