{"id":41908,"date":"2025-04-10T12:12:29","date_gmt":"2025-04-10T10:12:29","guid":{"rendered":"https:\/\/myspainfood.com\/producto\/santos-sodupe-rioja-junger-rotwein-descuido\/"},"modified":"2026-01-29T12:48:57","modified_gmt":"2026-01-29T11:48:57","slug":"santos-sodupe-rioja-junger-rotwein-descuido","status":"publish","type":"product","link":"https:\/\/myspainfood.com\/de\/producto\/santos-sodupe-rioja-junger-rotwein-descuido\/","title":{"rendered":"Santos Sodupe Rioja Junger Rotwein DESCUIDO"},"content":{"rendered":"<p>Traditionelle Kohlens\u00e4uremazeration<\/p>\n<p>Kaltmazeration<\/p>\n<p>Niederdruckpressung, Freilaufsaft<\/p>\n<p>Reinigung durch Umf\u00fcllen (Entschlammung)<\/p>\n<p>Temperaturgesteuerte G\u00e4rung<\/p>\n<p>Ausgew\u00e4hlte Ernte am Rebstock<\/p>\n<p>Technische Daten<\/p>\n<p>Junges Rot<\/p>\n<p>85% Tempranillo, 10% Viura, 5% Graciano<\/p>\n<p>Bodegas Santos Sodupe<\/p>\n<p>San Asensio, La Rioja<\/p>\n<p>D.O.C. Rioja<\/p>\n<p>75cl \/ 12,5%vol.<\/p>\n<p>Enth\u00e4lt Sulfite<\/p>\n","protected":false},"excerpt":{"rendered":"<p>Traditionelle Kohlens\u00e4uremazeration Kaltmazeration Niederdruckpressung, Freilaufsaft Reinigung durch Umf\u00fcllen (Entschlammung) Temperaturgesteuerte G\u00e4rung Ausgew\u00e4hlte Ernte am Rebstock Technische Daten Junges Rot 85% Tempranillo, 10% Viura, 5% Graciano Bodegas Santos Sodupe San Asensio, La Rioja D.O.C. Rioja 75cl \/ 12,5%vol. Enth\u00e4lt Sulfite<\/p>\n","protected":false},"featured_media":14310,"template":"","meta":{"_et_pb_use_builder":"","_et_pb_old_content":"","_et_gb_content_width":""},"product_brand":[1459],"product_cat":[4892,6275],"product_tag":[],"class_list":{"0":"post-41908","1":"product","2":"type-product","3":"status-publish","4":"has-post-thumbnail","6":"product_brand-santos-sodupe","7":"product_cat-getranke","8":"product_cat-wein-de-2","10":"first","11":"outofstock","12":"taxable","13":"shipping-taxable","14":"product-type-variable"},"_links":{"self":[{"href":"https:\/\/myspainfood.com\/de\/wp-json\/wp\/v2\/product\/41908","targetHints":{"allow":["GET"]}}],"collection":[{"href":"https:\/\/myspainfood.com\/de\/wp-json\/wp\/v2\/product"}],"about":[{"href":"https:\/\/myspainfood.com\/de\/wp-json\/wp\/v2\/types\/product"}],"wp:featuredmedia":[{"embeddable":true,"href":"https:\/\/myspainfood.com\/de\/wp-json\/wp\/v2\/media\/14310"}],"wp:attachment":[{"href":"https:\/\/myspainfood.com\/de\/wp-json\/wp\/v2\/media?parent=41908"}],"wp:term":[{"taxonomy":"product_brand","embeddable":true,"href":"https:\/\/myspainfood.com\/de\/wp-json\/wp\/v2\/product_brand?post=41908"},{"taxonomy":"product_cat","embeddable":true,"href":"https:\/\/myspainfood.com\/de\/wp-json\/wp\/v2\/product_cat?post=41908"},{"taxonomy":"product_tag","embeddable":true,"href":"https:\/\/myspainfood.com\/de\/wp-json\/wp\/v2\/product_tag?post=41908"}],"curies":[{"name":"wp","href":"https:\/\/api.w.org\/{rel}","templated":true}]}}