{"id":41928,"date":"2025-04-10T12:11:27","date_gmt":"2025-04-10T10:11:27","guid":{"rendered":"https:\/\/myspainfood.com\/producto\/roscos-de-vino-y-almenda-beutel-300-gramm-la-ponderosa\/"},"modified":"2025-04-10T12:11:27","modified_gmt":"2025-04-10T10:11:27","slug":"roscos-de-vino-y-almenda-beutel-300-gramm-la-ponderosa","status":"publish","type":"product","link":"https:\/\/myspainfood.com\/de\/producto\/roscos-de-vino-y-almenda-beutel-300-gramm-la-ponderosa\/","title":{"rendered":"Roscos de vino y almenda Beutel 300 Gramm La Ponderosa"},"content":{"rendered":"<p>Die Wein-Mandel-Krapfen sind eine Mischung aus einem Produkt, dessen Geschmack und weiche Textur es zu einem traditionellen Produkt machen, das auch den anspruchsvollsten Gaumen erfreut.<\/p>\n<p>Zutaten<\/p>\n<p>Weizenmehl, iberischer Speck (Antioxidationsmittel: E-320), Zucker, Wein (enth\u00e4lt Sulfite) (12%), Mandeln (5%), Anis, Zimt, Sesam, Anisaroma und Zitronenaroma. Kann Spuren von Erdn\u00fcssen enthalten. <\/p>\n<p>Allergene<\/p>\n<p>Enth\u00e4lt Gluten, N\u00fcsse, Sesam und Sulfite. Kann Spuren von Erdn\u00fcssen enthalten. <\/p>\n","protected":false},"excerpt":{"rendered":"<p>Die Wein-Mandel-Krapfen sind eine Mischung aus einem Produkt, dessen Geschmack und weiche Textur es zu einem traditionellen Produkt machen, das auch den anspruchsvollsten Gaumen erfreut. Zutaten Weizenmehl, iberischer Speck (Antioxidationsmittel: E-320), Zucker, Wein (enth\u00e4lt Sulfite) (12%), Mandeln (5%), Anis, Zimt, Sesam, Anisaroma und Zitronenaroma. Kann Spuren von Erdn\u00fcssen enthalten. Allergene Enth\u00e4lt Gluten, N\u00fcsse, Sesam und [&hellip;]<\/p>\n","protected":false},"featured_media":13707,"template":"","meta":{"_et_pb_use_builder":"","_et_pb_old_content":"","_et_gb_content_width":""},"product_brand":[1417],"product_cat":[1948,7744],"product_tag":[],"class_list":{"0":"post-41928","1":"product","2":"type-product","3":"status-publish","4":"has-post-thumbnail","6":"product_brand-la-ponderosa","7":"product_cat-konserven","8":"product_cat-weihnachts-special","10":"first","11":"outofstock","12":"taxable","13":"shipping-taxable","14":"product-type-variable"},"_links":{"self":[{"href":"https:\/\/myspainfood.com\/de\/wp-json\/wp\/v2\/product\/41928","targetHints":{"allow":["GET"]}}],"collection":[{"href":"https:\/\/myspainfood.com\/de\/wp-json\/wp\/v2\/product"}],"about":[{"href":"https:\/\/myspainfood.com\/de\/wp-json\/wp\/v2\/types\/product"}],"wp:featuredmedia":[{"embeddable":true,"href":"https:\/\/myspainfood.com\/de\/wp-json\/wp\/v2\/media\/13707"}],"wp:attachment":[{"href":"https:\/\/myspainfood.com\/de\/wp-json\/wp\/v2\/media?parent=41928"}],"wp:term":[{"taxonomy":"product_brand","embeddable":true,"href":"https:\/\/myspainfood.com\/de\/wp-json\/wp\/v2\/product_brand?post=41928"},{"taxonomy":"product_cat","embeddable":true,"href":"https:\/\/myspainfood.com\/de\/wp-json\/wp\/v2\/product_cat?post=41928"},{"taxonomy":"product_tag","embeddable":true,"href":"https:\/\/myspainfood.com\/de\/wp-json\/wp\/v2\/product_tag?post=41928"}],"curies":[{"name":"wp","href":"https:\/\/api.w.org\/{rel}","templated":true}]}}