{"id":41976,"date":"2025-04-10T12:11:40","date_gmt":"2025-04-10T10:11:40","guid":{"rendered":"https:\/\/myspainfood.com\/producto\/salmorejo-cordobes-natives-olivenoel-extra-arteoliva-1-liter\/"},"modified":"2026-01-29T12:02:25","modified_gmt":"2026-01-29T11:02:25","slug":"salmorejo-cordobes-natives-olivenoel-extra-arteoliva-1-liter","status":"publish","type":"product","link":"https:\/\/myspainfood.com\/de\/producto\/salmorejo-cordobes-natives-olivenoel-extra-arteoliva-1-liter\/","title":{"rendered":"Salmorejo Cordob\u00e9s Natives Oliven\u00f6l Extra ArteOliva 1 Liter"},"content":{"rendered":"<p>Typische kalte Sahne aus C\u00f3rdoba, die haupts\u00e4chlich aus frischen, ausgew\u00e4hlten Tomaten, nativem Oliven\u00f6l extra, Brot und Knoblauch hergestellt wird.<\/p>\n","protected":false},"excerpt":{"rendered":"<p>Typische kalte Sahne aus C\u00f3rdoba, die haupts\u00e4chlich aus frischen, ausgew\u00e4hlten Tomaten, nativem Oliven\u00f6l extra, Brot und Knoblauch hergestellt wird.<\/p>\n","protected":false},"featured_media":14058,"template":"","meta":{"_et_pb_use_builder":"","_et_pb_old_content":"","_et_gb_content_width":""},"product_brand":[1457],"product_cat":[4892,1856,1948,2566],"product_tag":[],"class_list":{"0":"post-41976","1":"product","2":"type-product","3":"status-publish","4":"has-post-thumbnail","6":"product_brand-arteoliva","7":"product_cat-getranke","8":"product_cat-kalt","9":"product_cat-konserven","10":"product_cat-natives-olivenol-extra","11":"product_shipping_class-kalter-versand","13":"first","14":"outofstock","15":"taxable","16":"shipping-taxable","17":"product-type-variable"},"_links":{"self":[{"href":"https:\/\/myspainfood.com\/de\/wp-json\/wp\/v2\/product\/41976","targetHints":{"allow":["GET"]}}],"collection":[{"href":"https:\/\/myspainfood.com\/de\/wp-json\/wp\/v2\/product"}],"about":[{"href":"https:\/\/myspainfood.com\/de\/wp-json\/wp\/v2\/types\/product"}],"wp:featuredmedia":[{"embeddable":true,"href":"https:\/\/myspainfood.com\/de\/wp-json\/wp\/v2\/media\/14058"}],"wp:attachment":[{"href":"https:\/\/myspainfood.com\/de\/wp-json\/wp\/v2\/media?parent=41976"}],"wp:term":[{"taxonomy":"product_brand","embeddable":true,"href":"https:\/\/myspainfood.com\/de\/wp-json\/wp\/v2\/product_brand?post=41976"},{"taxonomy":"product_cat","embeddable":true,"href":"https:\/\/myspainfood.com\/de\/wp-json\/wp\/v2\/product_cat?post=41976"},{"taxonomy":"product_tag","embeddable":true,"href":"https:\/\/myspainfood.com\/de\/wp-json\/wp\/v2\/product_tag?post=41976"}],"curies":[{"name":"wp","href":"https:\/\/api.w.org\/{rel}","templated":true}]}}