{"id":42200,"date":"2025-04-10T12:10:50","date_gmt":"2025-04-10T10:10:50","guid":{"rendered":"https:\/\/myspainfood.com\/producto\/geraeucherte-sardellen-und-geschmorte-artischocke-35-einheiten\/"},"modified":"2025-06-24T13:17:15","modified_gmt":"2025-06-24T11:17:15","slug":"geraeucherte-sardellen-und-geschmorte-artischocke-35-einheiten","status":"publish","type":"product","link":"https:\/\/myspainfood.com\/de\/producto\/geraeucherte-sardellen-und-geschmorte-artischocke-35-einheiten\/","title":{"rendered":"Ger\u00e4ucherte Sardellen und geschmorte Artischocke 35 Einheiten"},"content":{"rendered":"<p>\u00d6l (85% Sonnenblumen, 15% Oliven), geschmorte Artischocke, ger\u00e4ucherte Sardellen, mit Sardellen gef\u00fcllte Oliven und roter Pfeffer.<\/p>\n","protected":false},"excerpt":{"rendered":"<p>\u00d6l (85% Sonnenblumen, 15% Oliven), geschmorte Artischocke, ger\u00e4ucherte Sardellen, mit Sardellen gef\u00fcllte Oliven und roter Pfeffer.<\/p>\n","protected":false},"featured_media":13185,"template":"","meta":{"_et_pb_use_builder":"","_et_pb_old_content":"","_et_gb_content_width":""},"product_brand":[1277],"product_cat":[1597,1856,1633,1858,2810,1857],"product_tag":[],"class_list":{"0":"post-42200","1":"product","2":"type-product","3":"status-publish","4":"has-post-thumbnail","6":"product_brand-bokeo","7":"product_cat-essiggurken","8":"product_cat-kalt","9":"product_cat-oliven-de","10":"product_cat-pintxos-de","11":"product_cat-sardellen-de-2","12":"product_cat-sardellen","13":"product_shipping_class-kalter-versand","15":"first","16":"outofstock","17":"taxable","18":"shipping-taxable","19":"purchasable","20":"product-type-simple"},"_links":{"self":[{"href":"https:\/\/myspainfood.com\/de\/wp-json\/wp\/v2\/product\/42200","targetHints":{"allow":["GET"]}}],"collection":[{"href":"https:\/\/myspainfood.com\/de\/wp-json\/wp\/v2\/product"}],"about":[{"href":"https:\/\/myspainfood.com\/de\/wp-json\/wp\/v2\/types\/product"}],"wp:featuredmedia":[{"embeddable":true,"href":"https:\/\/myspainfood.com\/de\/wp-json\/wp\/v2\/media\/13185"}],"wp:attachment":[{"href":"https:\/\/myspainfood.com\/de\/wp-json\/wp\/v2\/media?parent=42200"}],"wp:term":[{"taxonomy":"product_brand","embeddable":true,"href":"https:\/\/myspainfood.com\/de\/wp-json\/wp\/v2\/product_brand?post=42200"},{"taxonomy":"product_cat","embeddable":true,"href":"https:\/\/myspainfood.com\/de\/wp-json\/wp\/v2\/product_cat?post=42200"},{"taxonomy":"product_tag","embeddable":true,"href":"https:\/\/myspainfood.com\/de\/wp-json\/wp\/v2\/product_tag?post=42200"}],"curies":[{"name":"wp","href":"https:\/\/api.w.org\/{rel}","templated":true}]}}