{"id":42564,"date":"2025-04-10T12:11:37","date_gmt":"2025-04-10T10:11:37","guid":{"rendered":"https:\/\/myspainfood.com\/producto\/teddybaeren-zeichnen-laecheln-1-kg-damel\/"},"modified":"2025-04-10T12:11:37","modified_gmt":"2025-04-10T10:11:37","slug":"teddybaeren-zeichnen-laecheln-1-kg-damel","status":"publish","type":"product","link":"https:\/\/myspainfood.com\/de\/producto\/teddybaeren-zeichnen-laecheln-1-kg-damel\/","title":{"rendered":"Teddyb\u00e4ren Zeichnen L\u00e4cheln 1 kg DAMEL"},"content":{"rendered":"","protected":false},"excerpt":{"rendered":"<p>Damel ist eine lustige Welt, in der Sie sich gut f\u00fchlen. Jedes Mal, wenn Sie eine T\u00fcte Damel \u00f6ffnen, zaubert sie ein L\u00e4cheln der Zufriedenheit und des Vergn\u00fcgens auf Ihr Gesicht.<\/p>\n<p>Bei Damel finden Sie ein umfangreiches Sortiment an hochwertigen Produkten voller Geschmacksrichtungen, Farben und Texturen. F\u00fcr Sie zu jeder Zeit und f\u00fcr jeden Anlass: kleine T\u00fcten, gro\u00dfe Formate, gemischte Geschmacksrichtungen oder die Geschmacksrichtung, die Sie am meisten lieben! <\/p>\n","protected":false},"featured_media":13842,"template":"","meta":{"_et_pb_use_builder":"","_et_pb_old_content":"","_et_gb_content_width":""},"product_brand":[1435],"product_cat":[1948,7744],"product_tag":[],"class_list":{"0":"post-42564","1":"product","2":"type-product","3":"status-publish","4":"has-post-thumbnail","6":"product_brand-damel","7":"product_cat-konserven","8":"product_cat-weihnachts-special","10":"first","11":"outofstock","12":"taxable","13":"shipping-taxable","14":"purchasable","15":"product-type-simple"},"_links":{"self":[{"href":"https:\/\/myspainfood.com\/de\/wp-json\/wp\/v2\/product\/42564","targetHints":{"allow":["GET"]}}],"collection":[{"href":"https:\/\/myspainfood.com\/de\/wp-json\/wp\/v2\/product"}],"about":[{"href":"https:\/\/myspainfood.com\/de\/wp-json\/wp\/v2\/types\/product"}],"wp:featuredmedia":[{"embeddable":true,"href":"https:\/\/myspainfood.com\/de\/wp-json\/wp\/v2\/media\/13842"}],"wp:attachment":[{"href":"https:\/\/myspainfood.com\/de\/wp-json\/wp\/v2\/media?parent=42564"}],"wp:term":[{"taxonomy":"product_brand","embeddable":true,"href":"https:\/\/myspainfood.com\/de\/wp-json\/wp\/v2\/product_brand?post=42564"},{"taxonomy":"product_cat","embeddable":true,"href":"https:\/\/myspainfood.com\/de\/wp-json\/wp\/v2\/product_cat?post=42564"},{"taxonomy":"product_tag","embeddable":true,"href":"https:\/\/myspainfood.com\/de\/wp-json\/wp\/v2\/product_tag?post=42564"}],"curies":[{"name":"wp","href":"https:\/\/api.w.org\/{rel}","templated":true}]}}