{"id":42568,"date":"2025-04-10T12:11:39","date_gmt":"2025-04-10T10:11:39","guid":{"rendered":"https:\/\/myspainfood.com\/producto\/neuseelaendische-muscheln-gebraten-in-eingelegter-sauce-7-10-stueck-portonovo\/"},"modified":"2025-05-14T13:18:17","modified_gmt":"2025-05-14T11:18:17","slug":"neuseelaendische-muscheln-gebraten-in-eingelegter-sauce-7-10-stueck-portonovo","status":"publish","type":"product","link":"https:\/\/myspainfood.com\/de\/producto\/neuseelaendische-muscheln-gebraten-in-eingelegter-sauce-7-10-stueck-portonovo\/","title":{"rendered":"Neuseel\u00e4ndische Muscheln gebraten in eingelegter Sauce 7-10 St\u00fcck Portonovo"},"content":{"rendered":"<p>Gekocht und gebraten in Sonnenblumen\u00f6l. Der Byssus wird von Hand entfernt und einzeln verpackt. Begleitet von einer einzigartigen Marinade aus nat\u00fcrlichen Zutaten. Zutaten: Neuseel\u00e4ndische Muscheln, Escabeche (Sonnenblumen\u00f6l, Rotweinessig, Wasser, nat\u00fcrliche Aromen, Gew\u00fcrze und Salz).   <\/p>\n","protected":false},"excerpt":{"rendered":"<p>Gekocht und gebraten in Sonnenblumen\u00f6l. Der Byssus wird von Hand entfernt und einzeln verpackt. Begleitet von einer einzigartigen Marinade aus nat\u00fcrlichen Zutaten. Zutaten: Neuseel\u00e4ndische Muscheln, Escabeche (Sonnenblumen\u00f6l, Rotweinessig, Wasser, nat\u00fcrliche Aromen, Gew\u00fcrze und Salz).<\/p>\n","protected":false},"featured_media":14013,"template":"","meta":{"_et_pb_use_builder":"","_et_pb_old_content":"","_et_gb_content_width":""},"product_brand":[1428],"product_cat":[1948,4045],"product_tag":[],"class_list":{"0":"post-42568","1":"product","2":"type-product","3":"status-publish","4":"has-post-thumbnail","6":"product_brand-portonovo","7":"product_cat-konserven","8":"product_cat-muscheln","10":"first","11":"instock","12":"taxable","13":"shipping-taxable","14":"purchasable","15":"product-type-variable"},"_links":{"self":[{"href":"https:\/\/myspainfood.com\/de\/wp-json\/wp\/v2\/product\/42568","targetHints":{"allow":["GET"]}}],"collection":[{"href":"https:\/\/myspainfood.com\/de\/wp-json\/wp\/v2\/product"}],"about":[{"href":"https:\/\/myspainfood.com\/de\/wp-json\/wp\/v2\/types\/product"}],"wp:featuredmedia":[{"embeddable":true,"href":"https:\/\/myspainfood.com\/de\/wp-json\/wp\/v2\/media\/14013"}],"wp:attachment":[{"href":"https:\/\/myspainfood.com\/de\/wp-json\/wp\/v2\/media?parent=42568"}],"wp:term":[{"taxonomy":"product_brand","embeddable":true,"href":"https:\/\/myspainfood.com\/de\/wp-json\/wp\/v2\/product_brand?post=42568"},{"taxonomy":"product_cat","embeddable":true,"href":"https:\/\/myspainfood.com\/de\/wp-json\/wp\/v2\/product_cat?post=42568"},{"taxonomy":"product_tag","embeddable":true,"href":"https:\/\/myspainfood.com\/de\/wp-json\/wp\/v2\/product_tag?post=42568"}],"curies":[{"name":"wp","href":"https:\/\/api.w.org\/{rel}","templated":true}]}}