{"id":42683,"date":"2025-04-10T12:12:05","date_gmt":"2025-04-10T10:12:05","guid":{"rendered":"https:\/\/myspainfood.com\/producto\/la-vieja-fabrica-bittere-orangenmarmelade-280-g\/"},"modified":"2025-04-10T12:12:05","modified_gmt":"2025-04-10T10:12:05","slug":"la-vieja-fabrica-bittere-orangenmarmelade-280-g","status":"publish","type":"product","link":"https:\/\/myspainfood.com\/de\/producto\/la-vieja-fabrica-bittere-orangenmarmelade-280-g\/","title":{"rendered":"La Vieja F\u00e1brica Bittere Orangenmarmelade 280 g"},"content":{"rendered":"<p>Die Bitterorangenmarmelade von La Vieja F\u00e1brica ist ein traditionelles spanisches Produkt, das sich durch seinen authentischen und k\u00f6stlichen Geschmack auszeichnet. Hergestellt aus den besten Bitterorangen und nach traditionellen Rezepten, bietet sie ein perfektes Gleichgewicht zwischen S\u00fc\u00dfe und Bitterkeit. Diese Marmelade ist ideal zum Fr\u00fchst\u00fcck, zu Snacks oder Desserts. Sie ist eine K\u00f6stlichkeit, die den Reichtum der traditionellen Aromen Spaniens auf Ihren Tisch bringt.  <\/p>\n<p>&nbsp;<\/p>\n<p><span class=\"info-key \"><strong>Name des Lebensmittels<\/strong>:<\/span> Bitterorangenmarmelade<\/p>\n<p><span class=\"info-key \"><strong>Name des Betreibers<\/strong>:<\/span> \u00c1ngel Camacho Alimentaci\u00f3n, S.L.<\/p>\n<p><span class=\"info-key \"><strong>Anschrift des Anbieters<\/strong>:<\/span> Avda. del Pilar, 6 - 41530 Mor\u00f3n de la Frontera (Sevilla)<\/p>\n<p><span class=\"info-key \"><strong>Herkunftsort des Lebensmittels<\/strong>:<\/span> Erzeugnis aus Spanien<\/p>\n<p><span class=\"info-key \"><strong>Netto-Menge<\/strong>:<\/span> 365 g<\/p>\n<p><span class=\"info-key \"><strong>Sonstige obligatorische Angaben auf dem Etikett<\/strong>:<\/span> Hergestellt aus 40 g Orangen pro 100 g.<\/p>\n<p><strong>Gesamtzuckergehalt<\/strong> 65 g pro 100 g.<\/p>\n","protected":false},"excerpt":{"rendered":"<p>Die Bitterorangenmarmelade von La Vieja F\u00e1brica ist ein traditionelles spanisches Produkt, das sich durch seinen authentischen und k\u00f6stlichen Geschmack auszeichnet. Hergestellt aus den besten Bitterorangen und nach traditionellen Rezepten, bietet sie ein perfektes Gleichgewicht zwischen S\u00fc\u00dfe und Bitterkeit. Diese Marmelade ist ideal zum Fr\u00fchst\u00fcck, zu Snacks oder Desserts. Sie ist eine K\u00f6stlichkeit, die den Reichtum [&hellip;]<\/p>\n","protected":false},"featured_media":14211,"template":"","meta":{"_et_pb_use_builder":"","_et_pb_old_content":"","_et_gb_content_width":""},"product_brand":[1460],"product_cat":[1948],"product_tag":[],"class_list":{"0":"post-42683","1":"product","2":"type-product","3":"status-publish","4":"has-post-thumbnail","6":"product_brand-la-vieja-fabrica","7":"product_cat-konserven","9":"first","10":"outofstock","11":"taxable","12":"shipping-taxable","13":"product-type-variable"},"_links":{"self":[{"href":"https:\/\/myspainfood.com\/de\/wp-json\/wp\/v2\/product\/42683","targetHints":{"allow":["GET"]}}],"collection":[{"href":"https:\/\/myspainfood.com\/de\/wp-json\/wp\/v2\/product"}],"about":[{"href":"https:\/\/myspainfood.com\/de\/wp-json\/wp\/v2\/types\/product"}],"wp:featuredmedia":[{"embeddable":true,"href":"https:\/\/myspainfood.com\/de\/wp-json\/wp\/v2\/media\/14211"}],"wp:attachment":[{"href":"https:\/\/myspainfood.com\/de\/wp-json\/wp\/v2\/media?parent=42683"}],"wp:term":[{"taxonomy":"product_brand","embeddable":true,"href":"https:\/\/myspainfood.com\/de\/wp-json\/wp\/v2\/product_brand?post=42683"},{"taxonomy":"product_cat","embeddable":true,"href":"https:\/\/myspainfood.com\/de\/wp-json\/wp\/v2\/product_cat?post=42683"},{"taxonomy":"product_tag","embeddable":true,"href":"https:\/\/myspainfood.com\/de\/wp-json\/wp\/v2\/product_tag?post=42683"}],"curies":[{"name":"wp","href":"https:\/\/api.w.org\/{rel}","templated":true}]}}