{"id":42688,"date":"2025-04-10T12:12:05","date_gmt":"2025-04-10T10:12:05","guid":{"rendered":"https:\/\/myspainfood.com\/producto\/santos-sodupe-rioja-jung-titis-rose\/"},"modified":"2026-01-29T13:01:29","modified_gmt":"2026-01-29T12:01:29","slug":"santos-sodupe-rioja-jung-titis-rose","status":"publish","type":"product","link":"https:\/\/myspainfood.com\/de\/producto\/santos-sodupe-rioja-jung-titis-rose\/","title":{"rendered":"Santos Sodupe Rioja jung TITIS ROS\u00c9"},"content":{"rendered":"<p>Rosa<\/p>\n<p>Kaltmazeration<\/p>\n<p>Niederdruckpressung, Freilaufsaft<\/p>\n<p>Flotationsreinigung<\/p>\n<p>Temperaturgesteuerte G\u00e4rung<\/p>\n<p>Technische Daten<\/p>\n<p>  Junger Ros\u00e9<\/p>\n<p>  100% rote Grenache<\/p>\n<p>  Bodegas Santos Sodupe<\/p>\n<p>  San Asensio, La Rioja<\/p>\n<p>  D.O.C. Rioja<\/p>\n<p>  75cl \/ 12,5%vol.<\/p>\n<p>  Enth\u00e4lt Sulfite<\/p>\n<p>Verkostung<\/p>\n<p>Blasses klares Rosa, lachsfarbene Highlights<\/p>\n<p>Umh\u00fcllend und elegant, wei\u00dfe Fr\u00fcchte und Zitrusfr\u00fcchte<\/p>\n<p>Lang und weich, elegant und mit anhaltender S\u00e4ure<\/p>\n","protected":false},"excerpt":{"rendered":"<p>Rosa Kaltmazeration Niederdruckpressung, Freilaufsaft Flotationsreinigung Temperaturgesteuerte G\u00e4rung Technische Daten Junger Ros\u00e9 100% rote Grenache Bodegas Santos Sodupe San Asensio, La Rioja D.O.C. Rioja 75cl \/ 12,5%vol. Enth\u00e4lt Sulfite Verkostung Blasses klares Rosa, lachsfarbene Highlights Umh\u00fcllend und elegant, wei\u00dfe Fr\u00fcchte und Zitrusfr\u00fcchte Lang und weich, elegant und mit anhaltender S\u00e4ure<\/p>\n","protected":false},"featured_media":14283,"template":"","meta":{"_et_pb_use_builder":"","_et_pb_old_content":"","_et_gb_content_width":""},"product_brand":[1459],"product_cat":[4892,4894],"product_tag":[],"class_list":{"0":"post-42688","1":"product","2":"type-product","3":"status-publish","4":"has-post-thumbnail","6":"product_brand-santos-sodupe","7":"product_cat-getranke","8":"product_cat-wein","10":"first","11":"outofstock","12":"taxable","13":"shipping-taxable","14":"product-type-variable"},"_links":{"self":[{"href":"https:\/\/myspainfood.com\/de\/wp-json\/wp\/v2\/product\/42688","targetHints":{"allow":["GET"]}}],"collection":[{"href":"https:\/\/myspainfood.com\/de\/wp-json\/wp\/v2\/product"}],"about":[{"href":"https:\/\/myspainfood.com\/de\/wp-json\/wp\/v2\/types\/product"}],"wp:featuredmedia":[{"embeddable":true,"href":"https:\/\/myspainfood.com\/de\/wp-json\/wp\/v2\/media\/14283"}],"wp:attachment":[{"href":"https:\/\/myspainfood.com\/de\/wp-json\/wp\/v2\/media?parent=42688"}],"wp:term":[{"taxonomy":"product_brand","embeddable":true,"href":"https:\/\/myspainfood.com\/de\/wp-json\/wp\/v2\/product_brand?post=42688"},{"taxonomy":"product_cat","embeddable":true,"href":"https:\/\/myspainfood.com\/de\/wp-json\/wp\/v2\/product_cat?post=42688"},{"taxonomy":"product_tag","embeddable":true,"href":"https:\/\/myspainfood.com\/de\/wp-json\/wp\/v2\/product_tag?post=42688"}],"curies":[{"name":"wp","href":"https:\/\/api.w.org\/{rel}","templated":true}]}}