{"id":42743,"date":"2025-04-10T12:12:05","date_gmt":"2025-04-10T10:12:05","guid":{"rendered":"https:\/\/myspainfood.com\/producto\/senorio-de-nava-ribera-del-duero-2022-75-cl\/"},"modified":"2026-01-29T12:34:21","modified_gmt":"2026-01-29T11:34:21","slug":"senorio-de-nava-ribera-del-duero-2022-75-cl","status":"publish","type":"product","link":"https:\/\/myspainfood.com\/de\/producto\/senorio-de-nava-ribera-del-duero-2022-75-cl\/","title":{"rendered":"Se\u00f1or\u00edo De Nava Ribera Del Duero 2022 75 cl"},"content":{"rendered":"<p>Entdecken Sie den authentischen Geschmack von Ribera del Duero mit Se\u00f1or\u00edo De Nava! Dieser prestigetr\u00e4chtige Wein mit der Denominaci\u00f3n de Origen Ribera del Duero f\u00e4ngt die Essenz dieser ber\u00fchmten spanischen Weinregion ein. <\/p>\n<p>Se\u00f1or\u00edo De Nava Ribera Del Duero ist das Ergebnis einer sorgf\u00e4ltigen Auswahl von Tempranillo-Trauben, der emblematischen Rebsorte der Region, die in privilegierten, von der Sonne des Duero-Tals verw\u00f6hnten Weinbergen angebaut werden. Durch eine kontrollierte G\u00e4rung und eine sorgf\u00e4ltige Reifung in Eichenf\u00e4ssern zeichnet sich dieser Wein durch seinen komplexen Charakter und seine au\u00dfergew\u00f6hnliche Ausgewogenheit aus. <\/p>\n<p>Am Gaumen zeigt er intensive Noten von reifen Fr\u00fcchten, subtile Ankl\u00e4nge von Eiche und eine gut definierte Struktur, die in einem langen, zufriedenstellenden Abgang gipfelt. Se\u00f1or\u00edo De Nava Ribera Del Duero ist der perfekte Begleiter f\u00fcr besondere Anl\u00e4sse, von eleganten Abendessen bis hin zu informellen Treffen mit Freunden. <\/p>\n<p>Lassen Sie sich mit jedem Schluck Se\u00f1or\u00edo De Nava von der Eleganz und Tradition von Ribera del Duero verf\u00fchren. Genie\u00dfen Sie die \u00f6nologische Exzellenz einer der herausragendsten Weinregionen Spaniens und machen Sie jeden Anlass mit diesem exquisiten Wein unvergesslich!  <\/p>\n","protected":false},"excerpt":{"rendered":"<p>Se\u00f1or\u00edo De Nava Ribera Del Duero ist das Ergebnis einer sorgf\u00e4ltigen Auswahl von Tempranillo-Trauben, der emblematischen Rebsorte der Region, die in privilegierten, von der Sonne des Duero-Tals verw\u00f6hnten Weinbergen angebaut werden. Durch eine kontrollierte G\u00e4rung und eine sorgf\u00e4ltige Reifung in Eichenf\u00e4ssern zeichnet sich dieser Wein durch seinen komplexen Charakter und seine au\u00dfergew\u00f6hnliche Ausgewogenheit aus. <\/p>\n","protected":false},"featured_media":14175,"template":"","meta":{"_et_pb_use_builder":"","_et_pb_old_content":"","_et_gb_content_width":""},"product_brand":[1224],"product_cat":[4892,4894],"product_tag":[],"class_list":{"0":"post-42743","1":"product","2":"type-product","3":"status-publish","4":"has-post-thumbnail","6":"product_brand-senorio-de-nava","7":"product_cat-getranke","8":"product_cat-wein","10":"first","11":"outofstock","12":"taxable","13":"shipping-taxable","14":"product-type-variable"},"_links":{"self":[{"href":"https:\/\/myspainfood.com\/de\/wp-json\/wp\/v2\/product\/42743","targetHints":{"allow":["GET"]}}],"collection":[{"href":"https:\/\/myspainfood.com\/de\/wp-json\/wp\/v2\/product"}],"about":[{"href":"https:\/\/myspainfood.com\/de\/wp-json\/wp\/v2\/types\/product"}],"wp:featuredmedia":[{"embeddable":true,"href":"https:\/\/myspainfood.com\/de\/wp-json\/wp\/v2\/media\/14175"}],"wp:attachment":[{"href":"https:\/\/myspainfood.com\/de\/wp-json\/wp\/v2\/media?parent=42743"}],"wp:term":[{"taxonomy":"product_brand","embeddable":true,"href":"https:\/\/myspainfood.com\/de\/wp-json\/wp\/v2\/product_brand?post=42743"},{"taxonomy":"product_cat","embeddable":true,"href":"https:\/\/myspainfood.com\/de\/wp-json\/wp\/v2\/product_cat?post=42743"},{"taxonomy":"product_tag","embeddable":true,"href":"https:\/\/myspainfood.com\/de\/wp-json\/wp\/v2\/product_tag?post=42743"}],"curies":[{"name":"wp","href":"https:\/\/api.w.org\/{rel}","templated":true}]}}