{"id":43255,"date":"2025-04-10T12:10:12","date_gmt":"2025-04-10T10:10:12","guid":{"rendered":"https:\/\/myspainfood.com\/producto\/80-stueck-cusumano-kuestenfrischer-bonito-18-kg\/"},"modified":"2026-01-13T13:49:01","modified_gmt":"2026-01-13T12:49:01","slug":"80-stueck-cusumano-kuestenfrischer-bonito-18-kg","status":"publish","type":"product","link":"https:\/\/myspainfood.com\/de\/producto\/80-stueck-cusumano-kuestenfrischer-bonito-18-kg\/","title":{"rendered":"80 St. Cusumano K\u00fcsten-Bonito 1&#8217;8 kg"},"content":{"rendered":"<div id=\"product-description-short-5\" class=\"rte-content\">\n<p style=\"text-align: left;\">Der k\u00fcstenfrische Thunfisch Cusumano ist ein wei\u00dfer Thunfisch, der einzeln im Kantabrischen Meer gefangen und FRISCH <a href=\"https:\/\/es.wikipedia.org\/wiki\/Thunnus\" target=\"_blank\" rel=\"noopener noreferrer nofollow\">verarbeitet wird<\/a>.<\/p>\n<p>Dieses Essen hat einen authentischen Geschmack und eine au\u00dfergew\u00f6hnliche Textur.<\/p>\n<p>Endlich k\u00f6nnen Sie eine traditionelle Konfit\u00fcre auf Ihrem Tisch haben.<\/p>\n<p>Fresco de Costera.<\/p>\n<p>Da es sich um eine saisonale Fischerei handelt, die von Juni bis Oktober stattfindet, garantiert Cusumano, dass dieser Wei\u00dfe Thunfisch vom Fang bis zur Produktion keinen Gefrierprozess durchlaufen hat.<\/p>\n<p>Dieser Thunfisch beh\u00e4lt all seine organoleptischen Eigenschaften wie Farbe, Geschmack und Textur bei.<\/p>\n<p>Conservas Cusumano verf\u00fcgt \u00fcber neue und moderne Einrichtungen von fast 6.000 m\u00b2 in Mundaka.<\/p>\n<p>Conservas Cusumano ist ein Unternehmen, das seit mehr als 60 Jahren die Liebe zur Tradition und das Know-how in einem der \u00e4ltesten und traditionsreichsten Berufe der Welt pflegt: dem Fang und der Konservierung von frischem wei\u00dfen Thunfisch von der K\u00fcste.<\/p>\n<p>Inmitten des unvergleichlichen Biosph\u00e4renreservats Urdaibai, das es ihnen erm\u00f6glicht, den frischesten Fisch zu bekommen, da es so nah am Meer liegt, das unsere Essenz durchdringt.<\/p>\n<p>Wenn Sie frischen Thunfisch von Cusumano Coastal oder eine andere Art von <a href=\"https:\/\/latiendadesami.com\/categoria-producto\/conservas\/\" rel=\"noopener noreferrer nofollow\" target=\"_blank\">Thunfisch in Dosen<\/a> kaufen m\u00f6chten, z\u00f6gern Sie nicht, einen Blick in unseren gesamten Online-Katalog zu werfen, um die gro\u00dfe Auswahl an <a href=\"https:\/\/latiendadesami.com\/categoria-producto\/conservas\/atun-y-bonito\/\" target=\"_blank\" rel=\"noopener noreferrer nofollow\">Thunfisch<\/a> zu sehen, die wir anbieten.<\/p>\n<p>Schreiben Sie uns f\u00fcr weitere Informationen.<\/p>\n<p>&nbsp;<\/p>\n<\/div>\n","protected":false},"excerpt":{"rendered":"<p>Der k\u00fcstenfrische Thunfisch Cusumano ist ein wei\u00dfer Thunfisch, der einzeln im Kantabrischen Meer gefangen und FRISCH verarbeitet wird. Dieses Essen hat einen authentischen Geschmack und eine au\u00dfergew\u00f6hnliche Textur. Endlich k\u00f6nnen Sie eine traditionelle Konfit\u00fcre auf Ihrem Tisch haben. Fresco de Costera. Da es sich um eine saisonale Fischerei handelt, die von Juni bis Oktober stattfindet, [&hellip;]<\/p>\n","protected":false},"featured_media":12618,"template":"","meta":{"_et_pb_use_builder":"","_et_pb_old_content":"","_et_gb_content_width":""},"product_brand":[1272],"product_cat":[1948,4250],"product_tag":[],"class_list":{"0":"post-43255","1":"product","2":"type-product","3":"status-publish","4":"has-post-thumbnail","6":"product_brand-cusumano","7":"product_cat-konserven","8":"product_cat-thunfisch-und-bonito","10":"first","11":"outofstock","12":"taxable","13":"shipping-taxable","14":"purchasable","15":"product-type-simple"},"_links":{"self":[{"href":"https:\/\/myspainfood.com\/de\/wp-json\/wp\/v2\/product\/43255","targetHints":{"allow":["GET"]}}],"collection":[{"href":"https:\/\/myspainfood.com\/de\/wp-json\/wp\/v2\/product"}],"about":[{"href":"https:\/\/myspainfood.com\/de\/wp-json\/wp\/v2\/types\/product"}],"wp:featuredmedia":[{"embeddable":true,"href":"https:\/\/myspainfood.com\/de\/wp-json\/wp\/v2\/media\/12618"}],"wp:attachment":[{"href":"https:\/\/myspainfood.com\/de\/wp-json\/wp\/v2\/media?parent=43255"}],"wp:term":[{"taxonomy":"product_brand","embeddable":true,"href":"https:\/\/myspainfood.com\/de\/wp-json\/wp\/v2\/product_brand?post=43255"},{"taxonomy":"product_cat","embeddable":true,"href":"https:\/\/myspainfood.com\/de\/wp-json\/wp\/v2\/product_cat?post=43255"},{"taxonomy":"product_tag","embeddable":true,"href":"https:\/\/myspainfood.com\/de\/wp-json\/wp\/v2\/product_tag?post=43255"}],"curies":[{"name":"wp","href":"https:\/\/api.w.org\/{rel}","templated":true}]}}