{"id":43533,"date":"2025-04-10T12:11:42","date_gmt":"2025-04-10T10:11:42","guid":{"rendered":"https:\/\/myspainfood.com\/producto\/nabeel-nafisah-sweets-sweet-damascus-baklava-syrien-150-g\/"},"modified":"2025-04-10T12:11:42","modified_gmt":"2025-04-10T10:11:42","slug":"nabeel-nafisah-sweets-sweet-damascus-baklava-syrien-150-g","status":"publish","type":"product","link":"https:\/\/myspainfood.com\/de\/producto\/nabeel-nafisah-sweets-sweet-damascus-baklava-syrien-150-g\/","title":{"rendered":"Nabeel Nafisah Sweets Sweet Damascus Baklava Syrien 150 g"},"content":{"rendered":"","protected":false},"excerpt":{"rendered":"<p>Baklava, ein geschichteter Phyllo-Teig, gef\u00fcllt mit gehackten N\u00fcssen und \u00fcberzogen mit Ghee und Zuckersirup. Es ist eine knusprige S\u00fc\u00dfigkeit, die bei der arabischen und mediterranen Bev\u00f6lkerung am beliebtesten ist. Es ist eine Kombination aus verschiedenen Baklava-Sorten, die in einem speziellen orientalischen Design angeordnet sind.  <\/p>\n","protected":false},"featured_media":13896,"template":"","meta":{"_et_pb_use_builder":"","_et_pb_old_content":"","_et_gb_content_width":""},"product_brand":[1453],"product_cat":[1948,7744],"product_tag":[],"class_list":{"0":"post-43533","1":"product","2":"type-product","3":"status-publish","4":"has-post-thumbnail","6":"product_brand-nabeel-nafisah","7":"product_cat-konserven","8":"product_cat-weihnachts-special","10":"first","11":"outofstock","12":"taxable","13":"shipping-taxable","14":"purchasable","15":"product-type-simple"},"_links":{"self":[{"href":"https:\/\/myspainfood.com\/de\/wp-json\/wp\/v2\/product\/43533","targetHints":{"allow":["GET"]}}],"collection":[{"href":"https:\/\/myspainfood.com\/de\/wp-json\/wp\/v2\/product"}],"about":[{"href":"https:\/\/myspainfood.com\/de\/wp-json\/wp\/v2\/types\/product"}],"wp:featuredmedia":[{"embeddable":true,"href":"https:\/\/myspainfood.com\/de\/wp-json\/wp\/v2\/media\/13896"}],"wp:attachment":[{"href":"https:\/\/myspainfood.com\/de\/wp-json\/wp\/v2\/media?parent=43533"}],"wp:term":[{"taxonomy":"product_brand","embeddable":true,"href":"https:\/\/myspainfood.com\/de\/wp-json\/wp\/v2\/product_brand?post=43533"},{"taxonomy":"product_cat","embeddable":true,"href":"https:\/\/myspainfood.com\/de\/wp-json\/wp\/v2\/product_cat?post=43533"},{"taxonomy":"product_tag","embeddable":true,"href":"https:\/\/myspainfood.com\/de\/wp-json\/wp\/v2\/product_tag?post=43533"}],"curies":[{"name":"wp","href":"https:\/\/api.w.org\/{rel}","templated":true}]}}