{"id":43615,"date":"2025-04-10T12:12:05","date_gmt":"2025-04-10T10:12:05","guid":{"rendered":"https:\/\/myspainfood.com\/producto\/santos-sodupe-rioja-signatur-rotwein-graciano-rioja\/"},"modified":"2026-01-29T12:27:15","modified_gmt":"2026-01-29T11:27:15","slug":"santos-sodupe-rioja-signatur-rotwein-graciano-rioja","status":"publish","type":"product","link":"https:\/\/myspainfood.com\/de\/producto\/santos-sodupe-rioja-signatur-rotwein-graciano-rioja\/","title":{"rendered":"Santos Sodupe Rioja Signatur-Rotwein GRACIANO Rioja"},"content":{"rendered":"<p>100% Graciano<\/p>\n<p>16 Monate in Eichenf\u00e4ssern<\/p>\n<p>Franz\u00f6sisch<\/p>\n<p>Alte Reben<\/p>\n<p>Ausgew\u00e4hlte Ernte am Rebstock<\/p>\n<p>Goldmedaille Spitzenwein 2021<\/p>\n<p>Civas Gold Goldmedaille 2023<\/p>\n<p>Technische Daten<\/p>\n<p>Signatur Rotwein<\/p>\n<p>100% graciano<\/p>\n<p>Bodegas Santos Sodupe<\/p>\n<p>San Asensio, La Rioja<\/p>\n<p>D.O.C. Rioja<\/p>\n<p>75cl \/ 12,5%vol.<\/p>\n<p>Enth\u00e4lt Sulfite<\/p>\n<p>Verkostung<\/p>\n<p>Kirschenrot mit Ockert\u00f6nen<\/p>\n<p>W\u00fcrzige und holzige Noten mit reifen roten Fr\u00fcchten<\/p>\n<p>Fleischig und lang, edle Tannine, F\u00fclle und Struktur.<\/p>\n","protected":false},"excerpt":{"rendered":"<p>100% Graciano 16 Monate in Eichenf\u00e4ssern Franz\u00f6sisch Alte Reben Ausgew\u00e4hlte Ernte am Rebstock Goldmedaille Spitzenwein 2021 Civas Gold Goldmedaille 2023 Technische Daten Signatur Rotwein 100% graciano Bodegas Santos Sodupe San Asensio, La Rioja D.O.C. Rioja 75cl \/ 12,5%vol. Enth\u00e4lt Sulfite Verkostung Kirschenrot mit Ockert\u00f6nen W\u00fcrzige und holzige Noten mit reifen roten Fr\u00fcchten Fleischig und lang, [&hellip;]<\/p>\n","protected":false},"featured_media":14238,"template":"","meta":{"_et_pb_use_builder":"","_et_pb_old_content":"","_et_gb_content_width":""},"product_brand":[1459],"product_cat":[4892,4894],"product_tag":[],"class_list":{"0":"post-43615","1":"product","2":"type-product","3":"status-publish","4":"has-post-thumbnail","6":"product_brand-santos-sodupe","7":"product_cat-getranke","8":"product_cat-wein","10":"first","11":"outofstock","12":"taxable","13":"shipping-taxable","14":"product-type-variable"},"_links":{"self":[{"href":"https:\/\/myspainfood.com\/de\/wp-json\/wp\/v2\/product\/43615","targetHints":{"allow":["GET"]}}],"collection":[{"href":"https:\/\/myspainfood.com\/de\/wp-json\/wp\/v2\/product"}],"about":[{"href":"https:\/\/myspainfood.com\/de\/wp-json\/wp\/v2\/types\/product"}],"wp:featuredmedia":[{"embeddable":true,"href":"https:\/\/myspainfood.com\/de\/wp-json\/wp\/v2\/media\/14238"}],"wp:attachment":[{"href":"https:\/\/myspainfood.com\/de\/wp-json\/wp\/v2\/media?parent=43615"}],"wp:term":[{"taxonomy":"product_brand","embeddable":true,"href":"https:\/\/myspainfood.com\/de\/wp-json\/wp\/v2\/product_brand?post=43615"},{"taxonomy":"product_cat","embeddable":true,"href":"https:\/\/myspainfood.com\/de\/wp-json\/wp\/v2\/product_cat?post=43615"},{"taxonomy":"product_tag","embeddable":true,"href":"https:\/\/myspainfood.com\/de\/wp-json\/wp\/v2\/product_tag?post=43615"}],"curies":[{"name":"wp","href":"https:\/\/api.w.org\/{rel}","templated":true}]}}