{"id":43942,"date":"2025-04-10T12:10:03","date_gmt":"2025-04-10T10:10:03","guid":{"rendered":"https:\/\/myspainfood.com\/producto\/weisser-thunfisch-in-olivenoel-oti-415-gr-12-stueck\/"},"modified":"2025-09-02T10:49:47","modified_gmt":"2025-09-02T08:49:47","slug":"weisser-thunfisch-in-olivenoel-oti-415-gr-12-stueck","status":"publish","type":"product","link":"https:\/\/myspainfood.com\/de\/producto\/weisser-thunfisch-in-olivenoel-oti-415-gr-12-stueck\/","title":{"rendered":"Wei\u00dfer Thunfisch in Oliven\u00f6l OTI 415 gr 12 St\u00fcck"},"content":{"rendered":"<p>Der OTI Wei\u00dfe Thunfisch 415 gr ist ein nat\u00fcrliches Produkt, das auf <a href=\"http:\/\/www.conservasoti.es\/paginas\/historia.html\" target=\"_blank\" rel=\"noopener noreferrer nofollow\">handwerkliche<\/a> Art und Weise hergestellt wird.<\/p>\n<p>Zutaten: Wei\u00dfer Thunfisch, Oliven\u00f6l und Salz.<\/p>\n<p>Conservas Oti ist ein Unternehmen mit Familientradition, dessen gute Arbeit von Generation zu Generation weitergegeben wurde.<\/p>\n<p>Die harte Arbeit und der Einsatz der Familie haben es <span class=\"negrita\">Conservas Oti<\/span> erm\u00f6glicht, zu wachsen und zu expandieren.<\/p>\n<p>Die Hauptgesch\u00e4ftsbereiche sind Vom Meer, Vom Land und Vom Bauernhof.<\/p>\n<p>Aus dem Meer: Muscheln, Ventresca, Sardinillas, Melva&#8230; Bonito del norte Costera OTI 415 g <\/p>\n<p>Zu den lokalen Produkten geh\u00f6ren: Milchkichererbsen, wei\u00dfe Kidneybohnen, Pinto-Bohnen, Pardina-Linsen&#8230;<\/p>\n<p>Vom Bauernhof: PUro de Oveja-K\u00e4se, iberischer Eichelschinken, Salchich\u00f3n aus Eichelmast, iberische Chorizo aus Eichelmast&#8230;<\/p>\n<h4>Die wichtigsten Vorteile von Dosenfutter<\/h4>\n<ol>\n<li>Sie bewahren alle ern\u00e4hrungsphysiologischen Eigenschaften der Lebensmittel selbst. Die Lebensmittel bewahren ihre Frische. <\/li>\n<li>Die verwendeten Lebensmittel sind gesund und eignen sich aufgrund ihres hohen Vitamin- und Proteingehalts f\u00fcr eine optimale Ern\u00e4hrung.<\/li>\n<li>Diese Produkte haben eine l\u00e4ngere Lebensdauer (typisch sind 2-5 Jahre).<\/li>\n<li>Die Konserven sind sehr einfach zu lagern, da ihre Verpackung leicht zu handhaben ist.<\/li>\n<\/ol>\n<p>Wenn Sie Thunfisch oder eine andere Art von <a href=\"https:\/\/latiendadesami.com\/categoria-producto\/conservas\/\" rel=\"noopener noreferrer nofollow\" target=\"_blank\">Konserven<\/a> kaufen m\u00f6chten, z\u00f6gern Sie nicht, einen Blick in unseren Online-Katalog zu werfen, um die gro\u00dfe Auswahl an <a href=\"https:\/\/latiendadesami.com\/categoria-producto\/conservas\/atun-y-bonito\/\" target=\"_blank\" rel=\"noopener noreferrer nofollow\">Thunfisch<\/a> zu sehen, die wir anbieten.<\/p>\n<p>Schreiben Sie uns f\u00fcr weitere Informationen.<\/p>\n","protected":false},"excerpt":{"rendered":"<p>Der OTI Wei\u00dfe Thunfisch 415 gr ist ein nat\u00fcrliches Produkt, das auf handwerkliche Art und Weise hergestellt wird. Zutaten: Wei\u00dfer Thunfisch, Oliven\u00f6l und Salz. Conservas Oti ist ein Unternehmen mit Familientradition, dessen gute Arbeit von Generation zu Generation weitergegeben wurde. Die harte Arbeit und der Einsatz der Familie haben es Conservas Oti erm\u00f6glicht, zu wachsen [&hellip;]<\/p>\n","protected":false},"featured_media":10314,"template":"","meta":{"_et_pb_use_builder":"","_et_pb_old_content":"","_et_gb_content_width":""},"product_brand":[1075],"product_cat":[2968,8986],"product_tag":[6522],"class_list":{"0":"post-43942","1":"product","2":"type-product","3":"status-publish","4":"has-post-thumbnail","6":"product_brand-oti","7":"product_cat-groshandel","8":"product_cat-konserven-de-5","9":"product_tag-kuste","11":"first","12":"instock","13":"taxable","14":"shipping-taxable","15":"product-type-variable"},"_links":{"self":[{"href":"https:\/\/myspainfood.com\/de\/wp-json\/wp\/v2\/product\/43942","targetHints":{"allow":["GET"]}}],"collection":[{"href":"https:\/\/myspainfood.com\/de\/wp-json\/wp\/v2\/product"}],"about":[{"href":"https:\/\/myspainfood.com\/de\/wp-json\/wp\/v2\/types\/product"}],"wp:featuredmedia":[{"embeddable":true,"href":"https:\/\/myspainfood.com\/de\/wp-json\/wp\/v2\/media\/10314"}],"wp:attachment":[{"href":"https:\/\/myspainfood.com\/de\/wp-json\/wp\/v2\/media?parent=43942"}],"wp:term":[{"taxonomy":"product_brand","embeddable":true,"href":"https:\/\/myspainfood.com\/de\/wp-json\/wp\/v2\/product_brand?post=43942"},{"taxonomy":"product_cat","embeddable":true,"href":"https:\/\/myspainfood.com\/de\/wp-json\/wp\/v2\/product_cat?post=43942"},{"taxonomy":"product_tag","embeddable":true,"href":"https:\/\/myspainfood.com\/de\/wp-json\/wp\/v2\/product_tag?post=43942"}],"curies":[{"name":"wp","href":"https:\/\/api.w.org\/{rel}","templated":true}]}}