{"id":44272,"date":"2025-04-10T12:11:27","date_gmt":"2025-04-10T10:11:27","guid":{"rendered":"https:\/\/myspainfood.com\/producto\/sortimentsbeutel-400-gramm-la-ponderosa\/"},"modified":"2025-04-10T12:11:27","modified_gmt":"2025-04-10T10:11:27","slug":"sortimentsbeutel-400-gramm-la-ponderosa","status":"publish","type":"product","link":"https:\/\/myspainfood.com\/de\/producto\/sortimentsbeutel-400-gramm-la-ponderosa\/","title":{"rendered":"Sortimentsbeutel 400 Gramm La Ponderosa"},"content":{"rendered":"<p>Beschreibung<\/p>\n<p>In diesem Sortiment minis bag 400 grs finden Sie die traditionellsten Weihnachtsprodukte. In einem einzigen Produkt finden Sie eine Auswahl an: <\/p>\n<p>- Wein- und Mandelkrapfen. Die Mini-Version unseres exquisiten Wein-Donuts. In runder Form, mit einem Loch in der Mitte, hergestellt mit s\u00fc\u00dfem Wein, Mandeln, Sesam und Puderzucker.  <\/p>\n<p>- Polvoroncitos de almendra. Was w\u00e4re Weihnachten ohne die traditionellen Polvoronones? Unsere Polvoroncitos sind zwar kleiner als das Original, haben aber dennoch den charakteristischen Mandelgeschmack.  <\/p>\n<p>- Zimt-M\u00fcrbegeb\u00e4ck. Der K\u00f6nig der Weihnacht zusammen mit Polvor\u00f3n. Die Mini-Version unseres Mantecado wird mit denselben Zutaten hergestellt: Butter, Mehl, gemahlene Mandeln, Sesam und Zimt.  <\/p>\n<p>Zutaten<\/p>\n<p>Mini Zimtbutter: Weizenmehl, Zucker, iberisches Schweineschmalz (Antioxidationsmittel: E-320), Zimt (1%) und Sesamsamen. Kann Spuren von N\u00fcssen, Erdn\u00fcssen und Sulfiten enthalten. <\/p>\n<p>Mini-Mandel-Polvor\u00f3n: Weizenmehl, Zucker, iberisches Schmalz (Antioxidationsmittel: E-320), Mandeln (8%), Zimt, Nelken und Zitronenaroma. Kann Spuren von Erdn\u00fcssen, Sesam und Sulfiten enthalten. <\/p>\n<p>Mini-Donut mit Wein und Mandeln: Weizenmehl, iberischer Speck (Antioxidationsmittel: E-320), Zucker, Wein (enth\u00e4lt Sulfite) (12%), Mandeln (5%), Anis, Zimt, Sesam, Anisaroma und Zitronenaroma. Kann Spuren von Erdn\u00fcssen enthalten. <\/p>\n<p>Allergene<\/p>\n<p>Enth\u00e4lt Gluten, N\u00fcsse, Sesam und Sulfite. Kann Spuren von Erdn\u00fcssen enthalten. <\/p>\n","protected":false},"excerpt":{"rendered":"<p>Beschreibung In diesem Sortiment minis bag 400 grs finden Sie die traditionellsten Weihnachtsprodukte. In einem einzigen Produkt finden Sie eine Auswahl an: - Wein- und Mandelkrapfen. Die Mini-Version unseres exquisiten Wein-Donuts. In runder Form, mit einem Loch in der Mitte, hergestellt mit s\u00fc\u00dfem Wein, Mandeln, Sesam und Puderzucker. - Polvoroncitos de almendra. Was w\u00e4re Weihnachten [&hellip;]<\/p>\n","protected":false},"featured_media":13788,"template":"","meta":{"_et_pb_use_builder":"","_et_pb_old_content":"","_et_gb_content_width":""},"product_brand":[1417],"product_cat":[1948,7744],"product_tag":[],"class_list":{"0":"post-44272","1":"product","2":"type-product","3":"status-publish","4":"has-post-thumbnail","6":"product_brand-la-ponderosa","7":"product_cat-konserven","8":"product_cat-weihnachts-special","10":"first","11":"outofstock","12":"taxable","13":"shipping-taxable","14":"product-type-variable"},"_links":{"self":[{"href":"https:\/\/myspainfood.com\/de\/wp-json\/wp\/v2\/product\/44272","targetHints":{"allow":["GET"]}}],"collection":[{"href":"https:\/\/myspainfood.com\/de\/wp-json\/wp\/v2\/product"}],"about":[{"href":"https:\/\/myspainfood.com\/de\/wp-json\/wp\/v2\/types\/product"}],"wp:featuredmedia":[{"embeddable":true,"href":"https:\/\/myspainfood.com\/de\/wp-json\/wp\/v2\/media\/13788"}],"wp:attachment":[{"href":"https:\/\/myspainfood.com\/de\/wp-json\/wp\/v2\/media?parent=44272"}],"wp:term":[{"taxonomy":"product_brand","embeddable":true,"href":"https:\/\/myspainfood.com\/de\/wp-json\/wp\/v2\/product_brand?post=44272"},{"taxonomy":"product_cat","embeddable":true,"href":"https:\/\/myspainfood.com\/de\/wp-json\/wp\/v2\/product_cat?post=44272"},{"taxonomy":"product_tag","embeddable":true,"href":"https:\/\/myspainfood.com\/de\/wp-json\/wp\/v2\/product_tag?post=44272"}],"curies":[{"name":"wp","href":"https:\/\/api.w.org\/{rel}","templated":true}]}}