{"id":44310,"date":"2025-04-10T12:11:27","date_gmt":"2025-04-10T10:11:27","guid":{"rendered":"https:\/\/myspainfood.com\/producto\/hausgemachtes-muerbegebaeck-500-gramm-beutel-la-ponderosa\/"},"modified":"2025-04-10T12:11:27","modified_gmt":"2025-04-10T10:11:27","slug":"hausgemachtes-muerbegebaeck-500-gramm-beutel-la-ponderosa","status":"publish","type":"product","link":"https:\/\/myspainfood.com\/de\/producto\/hausgemachtes-muerbegebaeck-500-gramm-beutel-la-ponderosa\/","title":{"rendered":"Hausgemachtes M\u00fcrbegeb\u00e4ck 500 Gramm Beutel La Ponderosa"},"content":{"rendered":"<p>Schokolade, Zitrone, Zimt&#8230; Es gibt viele Geschmacksrichtungen von Mantecados auf dem Markt, aber wenn es welche gibt, die auf dem Weihnachtstisch nicht fehlen d\u00fcrfen, dann sind es hausgemachte Mantecados. Die Mischung aus Qualit\u00e4t, denn unsere hausgemachten Mantecados werden mit den besten Zutaten hergestellt, mit der Handwerkskunst, der Tradition eines Produkts, das seit Jahren in unserem Land vermarktet wird, machen sie zu einem der meistverkauften Produkte bei unseren Kunden. <\/p>\n<p>Zutaten:<\/p>\n<p>Weizenmehl, Zucker, iberisches Schweineschmalz (Antioxidationsmittel: E-320), Zimt und Sesamsamen. Kann Spuren von N\u00fcssen, Erdn\u00fcssen und Sulfiten enthalten. <\/p>\n<p>Allergene<\/p>\n<p>Enth\u00e4lt Gluten und Sesam. Kann Spuren von N\u00fcssen, Erdn\u00fcssen und Sulfiten enthalten. <\/p>\n","protected":false},"excerpt":{"rendered":"<p>Schokolade, Zitrone, Zimt&#8230; Es gibt viele Geschmacksrichtungen von Mantecados auf dem Markt, aber wenn es welche gibt, die auf dem Weihnachtstisch nicht fehlen d\u00fcrfen, dann sind es hausgemachte Mantecados. Die Mischung aus Qualit\u00e4t, denn unsere hausgemachten Mantecados werden mit den besten Zutaten hergestellt, mit der Handwerkskunst, der Tradition eines Produkts, das seit Jahren in unserem [&hellip;]<\/p>\n","protected":false},"featured_media":13770,"template":"","meta":{"_et_pb_use_builder":"","_et_pb_old_content":"","_et_gb_content_width":""},"product_brand":[1417],"product_cat":[1948,7744],"product_tag":[],"class_list":{"0":"post-44310","1":"product","2":"type-product","3":"status-publish","4":"has-post-thumbnail","6":"product_brand-la-ponderosa","7":"product_cat-konserven","8":"product_cat-weihnachts-special","10":"first","11":"outofstock","12":"taxable","13":"shipping-taxable","14":"product-type-variable"},"_links":{"self":[{"href":"https:\/\/myspainfood.com\/de\/wp-json\/wp\/v2\/product\/44310","targetHints":{"allow":["GET"]}}],"collection":[{"href":"https:\/\/myspainfood.com\/de\/wp-json\/wp\/v2\/product"}],"about":[{"href":"https:\/\/myspainfood.com\/de\/wp-json\/wp\/v2\/types\/product"}],"wp:featuredmedia":[{"embeddable":true,"href":"https:\/\/myspainfood.com\/de\/wp-json\/wp\/v2\/media\/13770"}],"wp:attachment":[{"href":"https:\/\/myspainfood.com\/de\/wp-json\/wp\/v2\/media?parent=44310"}],"wp:term":[{"taxonomy":"product_brand","embeddable":true,"href":"https:\/\/myspainfood.com\/de\/wp-json\/wp\/v2\/product_brand?post=44310"},{"taxonomy":"product_cat","embeddable":true,"href":"https:\/\/myspainfood.com\/de\/wp-json\/wp\/v2\/product_cat?post=44310"},{"taxonomy":"product_tag","embeddable":true,"href":"https:\/\/myspainfood.com\/de\/wp-json\/wp\/v2\/product_tag?post=44310"}],"curies":[{"name":"wp","href":"https:\/\/api.w.org\/{rel}","templated":true}]}}