{"id":44342,"date":"2025-04-10T12:11:27","date_gmt":"2025-04-10T10:11:27","guid":{"rendered":"https:\/\/myspainfood.com\/producto\/thunfisch-in-sonnenblumenoel-1000gr-beutel-portonovo\/"},"modified":"2025-04-10T12:11:27","modified_gmt":"2025-04-10T10:11:27","slug":"thunfisch-in-sonnenblumenoel-1000gr-beutel-portonovo","status":"publish","type":"product","link":"https:\/\/myspainfood.com\/de\/producto\/thunfisch-in-sonnenblumenoel-1000gr-beutel-portonovo\/","title":{"rendered":"Thunfisch in Sonnenblumen\u00f6l 1000gr Beutel Portonovo"},"content":{"rendered":"<p>Der Verzehr von Thunfisch ist aufgrund seines hohen Gehalts an Eiwei\u00df, Eisen und Niacin g\u00fcnstig f\u00fcr eine ausgewogene Ern\u00e4hrung.3 In der Regel ist die Kalorienmenge bei mit \u00d6l verpacktem Thunfisch h\u00f6her als bei &#8222;nat\u00fcrlich&#8220; verpacktem Thunfisch (100 Gramm Thunfisch in Dosen enthalten 285 Kalorien, w\u00e4hrend die gleiche Menge frischer Thunfisch 200 Kalorien hat).3 In einigen L\u00e4ndern wie Spanien sieht man h\u00e4ufig Dosen mit eingelegtem Thunfisch. Einige Autoren weisen darauf hin, dass trotz des hohen Omega-3-Gehalts von Thunfisch der gr\u00f6\u00dfte Teil davon bei der Verarbeitung und Verpackung verloren geht.4 Die h\u00e4ufigsten Zutaten sind Salz, Mononatriumglutamat, hydrolisiertes Eiwei\u00df. Manchmal werden auch Gew\u00fcrze, Knoblauch, Kr\u00e4uter usw. hinzugef\u00fcgt. Manchmal wird er mit Zitronensaft ges\u00e4uert.   <\/p>\n<p>Ein \u00fcberm\u00e4\u00dfiger Verzehr von Thunfischkonserven ist aufgrund seines Puringehalts (den der K\u00f6rper in Harns\u00e4ure umwandelt) nicht ratsam. Dieser Verzehr ist f\u00fcr Menschen, die an Hyperurik\u00e4mie oder Gicht leiden, nicht zu empfehlen. Der Salzgehalt ist f\u00fcr bestimmte Bev\u00f6lkerungsgruppen mit &#8222;hohem Blutdruck&#8220; besorgniserregend, weshalb seit Beginn des 21. Jahrhunderts salzarme Varianten auf den Markt kommen. Der Cholesteringehalt ist nicht niedrig (50 mg\/100 g), aber nicht h\u00f6her als bei anderen Produkten tierischen Ursprungs. Das Vorhandensein von Fetts\u00e4uren verringert jedoch sein Vorkommen.    <\/p>\n","protected":false},"excerpt":{"rendered":"<p>Der Verzehr von Thunfisch ist aufgrund seines hohen Gehalts an Eiwei\u00df, Eisen und Niacin g\u00fcnstig f\u00fcr eine ausgewogene Ern\u00e4hrung.3 In der Regel ist die Kalorienmenge bei mit \u00d6l verpacktem Thunfisch h\u00f6her als bei &#8222;nat\u00fcrlich&#8220; verpacktem Thunfisch (100 Gramm Thunfisch in Dosen enthalten 285 Kalorien, w\u00e4hrend die gleiche Menge frischer Thunfisch 200 Kalorien hat).3 In einigen [&hellip;]<\/p>\n","protected":false},"featured_media":13743,"template":"","meta":{"_et_pb_use_builder":"","_et_pb_old_content":"","_et_gb_content_width":""},"product_brand":[1428],"product_cat":[1948,4250],"product_tag":[],"class_list":{"0":"post-44342","1":"product","2":"type-product","3":"status-publish","4":"has-post-thumbnail","6":"product_brand-portonovo","7":"product_cat-konserven","8":"product_cat-thunfisch-und-bonito","10":"first","11":"outofstock","12":"taxable","13":"shipping-taxable","14":"purchasable","15":"product-type-variable"},"_links":{"self":[{"href":"https:\/\/myspainfood.com\/de\/wp-json\/wp\/v2\/product\/44342","targetHints":{"allow":["GET"]}}],"collection":[{"href":"https:\/\/myspainfood.com\/de\/wp-json\/wp\/v2\/product"}],"about":[{"href":"https:\/\/myspainfood.com\/de\/wp-json\/wp\/v2\/types\/product"}],"wp:featuredmedia":[{"embeddable":true,"href":"https:\/\/myspainfood.com\/de\/wp-json\/wp\/v2\/media\/13743"}],"wp:attachment":[{"href":"https:\/\/myspainfood.com\/de\/wp-json\/wp\/v2\/media?parent=44342"}],"wp:term":[{"taxonomy":"product_brand","embeddable":true,"href":"https:\/\/myspainfood.com\/de\/wp-json\/wp\/v2\/product_brand?post=44342"},{"taxonomy":"product_cat","embeddable":true,"href":"https:\/\/myspainfood.com\/de\/wp-json\/wp\/v2\/product_cat?post=44342"},{"taxonomy":"product_tag","embeddable":true,"href":"https:\/\/myspainfood.com\/de\/wp-json\/wp\/v2\/product_tag?post=44342"}],"curies":[{"name":"wp","href":"https:\/\/api.w.org\/{rel}","templated":true}]}}