{"id":44721,"date":"2025-04-10T12:07:16","date_gmt":"2025-04-10T10:07:16","guid":{"rendered":"https:\/\/myspainfood.com\/producto\/bluetenhonig-1-kg-la-celda-real\/"},"modified":"2025-04-10T12:07:16","modified_gmt":"2025-04-10T10:07:16","slug":"bluetenhonig-1-kg-la-celda-real","status":"publish","type":"product","link":"https:\/\/myspainfood.com\/de\/producto\/bluetenhonig-1-kg-la-celda-real\/","title":{"rendered":"Bl\u00fctenhonig 1 kg La Celda Real"},"content":{"rendered":"<p style=\"text-align: left\">Miel de Flores 1 kg ist ein Produkt, das dank der umfangreichen Anlagen mit automatisierten <a href=\"https:\/\/es.wikipedia.org\/wiki\/Miel\" target=\"_blank\" rel=\"noopener noreferrer nofollow\">Produktionslinien<\/a> und einem integrierten Qualit\u00e4tssystem hergestellt wird.<\/p>\n<p style=\"text-align: left\">Nachdem das Produkt von erfahrenen Imkern geerntet wurde, wird es in einem Verfahren verpackt, das den maximalen Erhalt seiner nat\u00fcrlichen Eigenschaften gew\u00e4hrleistet.<\/p>\n<p style=\"text-align: left\">Dieses Produkt entwickelt sich dank der Erfahrung, des Wissens und der Begeisterung all derer, die es herstellen, mit einem ausgewogenen Engagement f\u00fcr die beste Tradition, die Bewahrung der guten Arbeit von fr\u00fcher und durch Produktionsprozesse, die die <strong>Qualit\u00e4t des Endprodukts<\/strong> gew\u00e4hrleisten <strong>.<\/strong><\/p>\n<p style=\"text-align: left\">Honig ist ein vollwertiges Nahrungsmittel, das von Bienen aus dem Nektar der Bl\u00fcten gewonnen wird.<\/p>\n<p style=\"text-align: left\">Es handelt sich um eine goldfarbene, z\u00e4hfl\u00fcssige, s\u00fc\u00dfe und k\u00f6stliche Fl\u00fcssigkeit, die die Bienen w\u00e4hrend der Sommersaison zu ihrer Ern\u00e4hrung verwenden.<\/p>\n<p style=\"text-align: left\">Es hat viele Vorteile, wie zum Beispiel:<\/p>\n<ul style=\"text-align: left\">\n<li>Es ist ein Zuckerersatz. Nat\u00fcrlich und lecker. <\/li>\n<li>Es st\u00e4rkt Ihre Abwehrkr\u00e4fte. Es sch\u00fctzt Sie organisch. <\/li>\n<li>Verhindert Infektionen. Es k\u00fcmmert sich um Ihre Gesundheit. <\/li>\n<li>Es gibt Ihnen t\u00e4glich zus\u00e4tzliche Energie.<\/li>\n<li>  Hilft bei der Verdauung<\/li>\n<\/ul>\n<p style=\"text-align: left\">Wenn Sie Miel de Flores 1 kg oder eine andere Art von <a href=\"https:\/\/latiendadesami.com\/categoria-producto\/conservas\/\" rel=\"noopener noreferrer nofollow\" target=\"_blank\">Dosenfutter<\/a> kaufen m\u00f6chten, z\u00f6gern Sie nicht, einen Blick in unseren Online-Katalog zu werfen, um die gro\u00dfe Auswahl zu sehen, die wir haben.<\/p>\n<p style=\"text-align: left\">Schreiben Sie uns f\u00fcr weitere Informationen.<\/p>\n","protected":false},"excerpt":{"rendered":"<p>Bl\u00fctenhonig 1 kg<\/p>\n","protected":false},"featured_media":9594,"template":"","meta":{"_et_pb_use_builder":"","_et_pb_old_content":"","_et_gb_content_width":""},"product_brand":[1210],"product_cat":[2967,1948],"product_tag":[],"class_list":{"0":"post-44721","1":"product","2":"type-product","3":"status-publish","4":"has-post-thumbnail","6":"product_brand-la-celda-real","7":"product_cat-honig","8":"product_cat-konserven","10":"first","11":"instock","12":"taxable","13":"shipping-taxable","14":"purchasable","15":"product-type-variable"},"_links":{"self":[{"href":"https:\/\/myspainfood.com\/de\/wp-json\/wp\/v2\/product\/44721","targetHints":{"allow":["GET"]}}],"collection":[{"href":"https:\/\/myspainfood.com\/de\/wp-json\/wp\/v2\/product"}],"about":[{"href":"https:\/\/myspainfood.com\/de\/wp-json\/wp\/v2\/types\/product"}],"wp:featuredmedia":[{"embeddable":true,"href":"https:\/\/myspainfood.com\/de\/wp-json\/wp\/v2\/media\/9594"}],"wp:attachment":[{"href":"https:\/\/myspainfood.com\/de\/wp-json\/wp\/v2\/media?parent=44721"}],"wp:term":[{"taxonomy":"product_brand","embeddable":true,"href":"https:\/\/myspainfood.com\/de\/wp-json\/wp\/v2\/product_brand?post=44721"},{"taxonomy":"product_cat","embeddable":true,"href":"https:\/\/myspainfood.com\/de\/wp-json\/wp\/v2\/product_cat?post=44721"},{"taxonomy":"product_tag","embeddable":true,"href":"https:\/\/myspainfood.com\/de\/wp-json\/wp\/v2\/product_tag?post=44721"}],"curies":[{"name":"wp","href":"https:\/\/api.w.org\/{rel}","templated":true}]}}