{"id":44793,"date":"2025-04-10T12:07:40","date_gmt":"2025-04-10T10:07:40","guid":{"rendered":"https:\/\/myspainfood.com\/producto\/geraeucherter-mischkaese-las-gavillas-ca-800-g\/"},"modified":"2025-06-24T14:11:40","modified_gmt":"2025-06-24T12:11:40","slug":"geraeucherter-mischkaese-las-gavillas-ca-800-g","status":"publish","type":"product","link":"https:\/\/myspainfood.com\/de\/producto\/geraeucherter-mischkaese-las-gavillas-ca-800-g\/","title":{"rendered":"Ger\u00e4ucherter Mischk\u00e4se Las Gavillas ca. 800 g"},"content":{"rendered":"<p>K\u00e4se aus roher Kuh-, Ziegen- und Schafsmilch<\/p>\n<p> Ungef\u00e4hres St\u00fcck von 800 g.<\/p>\n","protected":false},"excerpt":{"rendered":"<p>K\u00e4se aus roher Kuh-, Ziegen- und Schafsmilch Ungef\u00e4hres St\u00fcck von 800 g.<\/p>\n","protected":false},"featured_media":9972,"template":"","meta":{"_et_pb_use_builder":"","_et_pb_old_content":"","_et_gb_content_width":""},"product_brand":[1247],"product_cat":[1856,2288],"product_tag":[],"class_list":{"0":"post-44793","1":"product","2":"type-product","3":"status-publish","4":"has-post-thumbnail","6":"product_brand-gavillas","7":"product_cat-kalt","8":"product_cat-kase-und-wurst","9":"product_shipping_class-kalter-versand","11":"first","12":"outofstock","13":"featured","14":"taxable","15":"shipping-taxable","16":"purchasable","17":"product-type-simple"},"_links":{"self":[{"href":"https:\/\/myspainfood.com\/de\/wp-json\/wp\/v2\/product\/44793","targetHints":{"allow":["GET"]}}],"collection":[{"href":"https:\/\/myspainfood.com\/de\/wp-json\/wp\/v2\/product"}],"about":[{"href":"https:\/\/myspainfood.com\/de\/wp-json\/wp\/v2\/types\/product"}],"wp:featuredmedia":[{"embeddable":true,"href":"https:\/\/myspainfood.com\/de\/wp-json\/wp\/v2\/media\/9972"}],"wp:attachment":[{"href":"https:\/\/myspainfood.com\/de\/wp-json\/wp\/v2\/media?parent=44793"}],"wp:term":[{"taxonomy":"product_brand","embeddable":true,"href":"https:\/\/myspainfood.com\/de\/wp-json\/wp\/v2\/product_brand?post=44793"},{"taxonomy":"product_cat","embeddable":true,"href":"https:\/\/myspainfood.com\/de\/wp-json\/wp\/v2\/product_cat?post=44793"},{"taxonomy":"product_tag","embeddable":true,"href":"https:\/\/myspainfood.com\/de\/wp-json\/wp\/v2\/product_tag?post=44793"}],"curies":[{"name":"wp","href":"https:\/\/api.w.org\/{rel}","templated":true}]}}