{"id":45083,"date":"2025-04-10T12:05:33","date_gmt":"2025-04-10T10:05:33","guid":{"rendered":"https:\/\/myspainfood.com\/producto\/olive-machacamoya\/"},"modified":"2025-04-10T12:05:33","modified_gmt":"2025-04-10T10:05:33","slug":"olive-machacamoya","status":"publish","type":"product","link":"https:\/\/myspainfood.com\/de\/producto\/olive-machacamoya\/","title":{"rendered":"Olive Machacamoya"},"content":{"rendered":"<p>Die Machacamoya-Olive zeichnet sich durch ihren typisch bitteren Geschmack aus. F\u00fcr die erlesensten Gaumen ist sie eine ovale Olive, gew\u00fcrzt mit Knoblauch und Paprika, aromatischen Kr\u00e4utern und Essig. Sie ist eine sehr beliebte Olive in Bars. Perfekt, um sie mit einem spanischen Wein oder einem Glas Bier zu kombinieren.   <\/p>\n","protected":false},"excerpt":{"rendered":"<p>Die Machacamoya-Olive zeichnet sich durch ihren typisch bitteren Geschmack aus. F\u00fcr die erlesensten Gaumen ist sie eine ovale Olive, gew\u00fcrzt mit Knoblauch und Paprika, aromatischen Kr\u00e4utern und Essig. Sie ist eine sehr beliebte Olive in Bars. Perfekt, um sie mit einem spanischen Wein oder einem Glas Bier zu kombinieren.<\/p>\n","protected":false},"featured_media":7667,"template":"","meta":{"_et_pb_use_builder":"","_et_pb_old_content":"","_et_gb_content_width":""},"product_brand":[1057],"product_cat":[1597,1633],"product_tag":[9335],"class_list":{"0":"post-45083","1":"product","2":"type-product","3":"status-publish","4":"has-post-thumbnail","6":"product_brand-la-encajera","7":"product_cat-essiggurken","8":"product_cat-oliven-de","9":"product_tag-machacamoya-de","11":"first","12":"outofstock","13":"taxable","14":"shipping-taxable","15":"product-type-variable"},"_links":{"self":[{"href":"https:\/\/myspainfood.com\/de\/wp-json\/wp\/v2\/product\/45083","targetHints":{"allow":["GET"]}}],"collection":[{"href":"https:\/\/myspainfood.com\/de\/wp-json\/wp\/v2\/product"}],"about":[{"href":"https:\/\/myspainfood.com\/de\/wp-json\/wp\/v2\/types\/product"}],"wp:featuredmedia":[{"embeddable":true,"href":"https:\/\/myspainfood.com\/de\/wp-json\/wp\/v2\/media\/7667"}],"wp:attachment":[{"href":"https:\/\/myspainfood.com\/de\/wp-json\/wp\/v2\/media?parent=45083"}],"wp:term":[{"taxonomy":"product_brand","embeddable":true,"href":"https:\/\/myspainfood.com\/de\/wp-json\/wp\/v2\/product_brand?post=45083"},{"taxonomy":"product_cat","embeddable":true,"href":"https:\/\/myspainfood.com\/de\/wp-json\/wp\/v2\/product_cat?post=45083"},{"taxonomy":"product_tag","embeddable":true,"href":"https:\/\/myspainfood.com\/de\/wp-json\/wp\/v2\/product_tag?post=45083"}],"curies":[{"name":"wp","href":"https:\/\/api.w.org\/{rel}","templated":true}]}}