{"id":45140,"date":"2025-04-10T12:05:33","date_gmt":"2025-04-10T10:05:33","guid":{"rendered":"https:\/\/myspainfood.com\/producto\/aubergine-aroma-olive\/"},"modified":"2025-04-10T12:05:33","modified_gmt":"2025-04-10T10:05:33","slug":"aubergine-aroma-olive","status":"publish","type":"product","link":"https:\/\/myspainfood.com\/de\/producto\/aubergine-aroma-olive\/","title":{"rendered":"Aubergine Aroma Olive"},"content":{"rendered":"<p>Die Auberginen-Aroma-Olive ist sehr mild im Geschmack, was sie zu einer gewagten <a href=\"https:\/\/www.laencajera.es\/aceitunas\" target=\"_blank\" rel=\"noopener noreferrer nofollow\">Vorspeise<\/a> macht, die immer appetitlich ist.<\/p>\n<p>Sie sind auch eine ideale Erg\u00e4nzung zu L\u00f6ffelgerichten. Sie k\u00f6nnen auch mit einem Glas Wein genossen werden. <\/p>\n<p>Zutaten: Oliven, Wasser, Pfeffer, Salz, Essig, nat\u00fcrliche Gew\u00fcrze (Knoblauch, K\u00fcmmel, Paprika und \u00d6l), Geschmacksverst\u00e4rker (E-631, E-627, E-621), S\u00e4uerungsmittel (E-330), Konservierungsmittel (E-270, E-202, E-211), Antioxidationsmittel (E-330) und nat\u00fcrliche Aromen. Kann Sulfite enthalten. <\/p>\n<p>An einem k\u00fchlen und trockenen Ort zwischen 3\u00baC und 10\u00baC aufbewahren. Halten Sie es von Sonnenlicht und starken Ger\u00fcchen fern. <\/p>\n<p>Das Auberginenaroma Olive sollte nach dem \u00d6ffnen gek\u00fchlt aufbewahrt und innerhalb von 30 Tagen verbraucht werden.<\/p>\n<p>Wenn Sie Oliven oder eine andere Art von <a href=\"https:\/\/latiendadesami.com\/categoria-producto\/encurtidos\/\" rel=\"noopener noreferrer nofollow\" target=\"_blank\">Essiggurken<\/a> kaufen m\u00f6chten, z\u00f6gern Sie nicht, einen Blick in unseren Online-Katalog zu werfen, um die gro\u00dfe Auswahl an <a href=\"https:\/\/latiendadesami.com\/categoria-producto\/encurtidos\/berenjenas\/\" target=\"_blank\" rel=\"noopener noreferrer nofollow\">Auberginen<\/a> zu sehen, die wir anbieten.<\/p>\n<p>Bei der Marke handelt es sich um La Encajonera, ein 1990 gegr\u00fcndetes Familienunternehmen mit Sitz im Herzen von La Mancha, in der Stadt ALMAGRO in der Provinz Ciudad Real.<\/p>\n<p>Der Herstellungsprozess seiner Produkte beginnt im gleichen Anbaugebiet, wo das beste Qualit\u00e4tsprodukt ausgew\u00e4hlt wird.<\/p>\n<p>Die Fabrik ist mit der modernsten Technologie ausgestattet und bewahrt gleichzeitig die Tradition und das Know-how ihrer Handwerker.<\/p>\n","protected":false},"excerpt":{"rendered":"<p>Die Auberginen-Aroma-Olive ist sehr mild im Geschmack, was sie zu einer gewagten Vorspeise macht, die immer appetitlich ist. Sie sind auch eine ideale Erg\u00e4nzung zu L\u00f6ffelgerichten. Sie k\u00f6nnen auch mit einem Glas Wein genossen werden. Zutaten: Oliven, Wasser, Pfeffer, Salz, Essig, nat\u00fcrliche Gew\u00fcrze (Knoblauch, K\u00fcmmel, Paprika und \u00d6l), Geschmacksverst\u00e4rker (E-631, E-627, E-621), S\u00e4uerungsmittel (E-330), Konservierungsmittel [&hellip;]<\/p>\n","protected":false},"featured_media":7615,"template":"","meta":{"_et_pb_use_builder":"","_et_pb_old_content":"","_et_gb_content_width":""},"product_brand":[1057],"product_cat":[1597,1633],"product_tag":[2158],"class_list":{"0":"post-45140","1":"product","2":"type-product","3":"status-publish","4":"has-post-thumbnail","6":"product_brand-la-encajera","7":"product_cat-essiggurken","8":"product_cat-oliven-de","9":"product_tag-aubergine-de","11":"first","12":"outofstock","13":"taxable","14":"shipping-taxable","15":"product-type-variable"},"_links":{"self":[{"href":"https:\/\/myspainfood.com\/de\/wp-json\/wp\/v2\/product\/45140","targetHints":{"allow":["GET"]}}],"collection":[{"href":"https:\/\/myspainfood.com\/de\/wp-json\/wp\/v2\/product"}],"about":[{"href":"https:\/\/myspainfood.com\/de\/wp-json\/wp\/v2\/types\/product"}],"wp:featuredmedia":[{"embeddable":true,"href":"https:\/\/myspainfood.com\/de\/wp-json\/wp\/v2\/media\/7615"}],"wp:attachment":[{"href":"https:\/\/myspainfood.com\/de\/wp-json\/wp\/v2\/media?parent=45140"}],"wp:term":[{"taxonomy":"product_brand","embeddable":true,"href":"https:\/\/myspainfood.com\/de\/wp-json\/wp\/v2\/product_brand?post=45140"},{"taxonomy":"product_cat","embeddable":true,"href":"https:\/\/myspainfood.com\/de\/wp-json\/wp\/v2\/product_cat?post=45140"},{"taxonomy":"product_tag","embeddable":true,"href":"https:\/\/myspainfood.com\/de\/wp-json\/wp\/v2\/product_tag?post=45140"}],"curies":[{"name":"wp","href":"https:\/\/api.w.org\/{rel}","templated":true}]}}