{"id":45979,"date":"2025-04-10T12:10:00","date_gmt":"2025-04-10T10:10:00","guid":{"rendered":"https:\/\/myspainfood.com\/producto\/chicon-grandmas-party-900-gr-packung-6-stueck\/"},"modified":"2026-02-17T07:58:16","modified_gmt":"2026-02-17T06:58:16","slug":"chicon-grandmas-party-900-gr-packung-6-stueck","status":"publish","type":"product","link":"https:\/\/myspainfood.com\/de\/producto\/chicon-grandmas-party-900-gr-packung-6-stueck\/","title":{"rendered":"Chicon Grandma&#8217;s Party 900 gr Packung 6 St\u00fcck"},"content":{"rendered":"<p>Vorteile von Gro\u00dfmutters geteilten Oliven<\/p>\n<p>Die Vorteile von Gro\u00dfmutters geknackten Oliven sind zahlreich, und abgesehen von ihrem hervorragenden Geschmack sind ihre Eigenschaften auch sehr vorteilhaft f\u00fcr die Gesundheit.<\/p>\n<p>Sie senken den Cholesterinspiegel. Dank der \u00d6ls\u00e4ure tragen Omas Spaltoliven dazu bei, den Cholesterinspiegel in Schach zu halten. <\/p>\n<p>Sie f\u00f6rdern die Verdauung. Dank ihres hohen Ballaststoffgehalts helfen diese Oliven, Giftstoffe auszuscheiden und die Verdauung insgesamt zu verbessern. <\/p>\n<p>Vorteile f\u00fcr die Haut. Die Vitamine A und E sind gut f\u00fcr die Haut und haben eine Anti-Aging-Wirkung. <\/p>\n<p>Sie liefern Energie. Sie enthalten viel Eisen, das bei der Synthese von Carnitin und der Energiegewinnung hilft. <\/p>\n<p>Kaufen Sie Ihre Oliven von Gro\u00dfmutters Party<\/p>\n<p>Grandma&#8217;s Olives zeichnen sich durch ihren s\u00fc\u00dfen und doch intensiven Geschmack aus, sowie durch ihre charakteristische W\u00fcrze, die mit nat\u00fcrlichen Gew\u00fcrzen hergestellt wird.<\/p>\n<p>Nach 5 Jahren Lagerung werden die Fr\u00fcchte des Olivenbaums eingeweicht, bis sie die angenehme Textur unserer <a href=\"https:\/\/latiendadesami.com\/categoria-producto\/encurtidos\/\" target=\"_blank\" rel=\"noopener noreferrer nofollow\">&#8222;Encurtidos Aceitunas de la Abuela&#8220; (Gro\u00dfmutters eingelegte<\/a> Oliven) erreichen.<\/p>\n<p>Diese ganzen, festfleischigen Oliven, die nach Gro\u00dfmutters Rezept leicht zerdr\u00fcckt und <a href=\"https:\/\/es.wikipedia.org\/wiki\/Aceitunas_ali%C3%B1adas\" target=\"_blank\" rel=\"noopener noreferrer nofollow\">gew\u00fcrzt werden<\/a>, sind das Ergebnis einer langen Familientradition und stammen urspr\u00fcnglich aus Antequera in Malaga.<\/p>\n","protected":false},"excerpt":{"rendered":"<p>Vorteile von Gro\u00dfmutters geteilten Oliven Die Vorteile von Gro\u00dfmutters geknackten Oliven sind zahlreich, und abgesehen von ihrem hervorragenden Geschmack sind ihre Eigenschaften auch sehr vorteilhaft f\u00fcr die Gesundheit. Sie senken den Cholesterinspiegel. Dank der \u00d6ls\u00e4ure tragen Omas Spaltoliven dazu bei, den Cholesterinspiegel in Schach zu halten. Sie f\u00f6rdern die Verdauung. Dank ihres hohen Ballaststoffgehalts helfen [&hellip;]<\/p>\n","protected":false},"featured_media":7857,"template":"","meta":{"_et_pb_use_builder":"","_et_pb_old_content":"","_et_gb_content_width":""},"product_brand":[1036],"product_cat":[3123,2968],"product_tag":[1765,1764],"class_list":{"0":"post-45979","1":"product","2":"type-product","3":"status-publish","4":"has-post-thumbnail","6":"product_brand-chicon","7":"product_cat-essiggurken-de","8":"product_cat-groshandel","9":"product_tag-artikel-de","10":"product_tag-grosmutter","12":"first","13":"instock","14":"featured","15":"taxable","16":"shipping-taxable","17":"purchasable","18":"product-type-variable"},"_links":{"self":[{"href":"https:\/\/myspainfood.com\/de\/wp-json\/wp\/v2\/product\/45979","targetHints":{"allow":["GET"]}}],"collection":[{"href":"https:\/\/myspainfood.com\/de\/wp-json\/wp\/v2\/product"}],"about":[{"href":"https:\/\/myspainfood.com\/de\/wp-json\/wp\/v2\/types\/product"}],"wp:featuredmedia":[{"embeddable":true,"href":"https:\/\/myspainfood.com\/de\/wp-json\/wp\/v2\/media\/7857"}],"wp:attachment":[{"href":"https:\/\/myspainfood.com\/de\/wp-json\/wp\/v2\/media?parent=45979"}],"wp:term":[{"taxonomy":"product_brand","embeddable":true,"href":"https:\/\/myspainfood.com\/de\/wp-json\/wp\/v2\/product_brand?post=45979"},{"taxonomy":"product_cat","embeddable":true,"href":"https:\/\/myspainfood.com\/de\/wp-json\/wp\/v2\/product_cat?post=45979"},{"taxonomy":"product_tag","embeddable":true,"href":"https:\/\/myspainfood.com\/de\/wp-json\/wp\/v2\/product_tag?post=45979"}],"curies":[{"name":"wp","href":"https:\/\/api.w.org\/{rel}","templated":true}]}}