{"id":46012,"date":"2025-04-10T12:10:02","date_gmt":"2025-04-10T10:10:02","guid":{"rendered":"https:\/\/myspainfood.com\/producto\/chicon-oliven-lollipops-900-gramm-packung-6-stueck\/"},"modified":"2026-02-19T14:21:07","modified_gmt":"2026-02-19T13:21:07","slug":"chicon-oliven-lollipops-900-gramm-packung-6-stueck","status":"publish","type":"product","link":"https:\/\/myspainfood.com\/de\/producto\/chicon-oliven-lollipops-900-gramm-packung-6-stueck\/","title":{"rendered":"Chic\u00f3n Oliven Lollipops 900 Gramm Packung 6 St\u00fcck"},"content":{"rendered":"<h3>Vorteile von <a href=\"https:\/\/aceitunaschiconlebron.com\/\" target=\"_blank\" rel=\"noopener noreferrer nofollow\">Chicon<\/a> Chupadedos Olives Ali\u00f1o<\/h3>\n<p>Kennen Sie die vielf\u00e4ltigen Vorteile dieser Chicon Ali\u00f1o Oliven Lutscher? Sie haben eine hohe Wirksamkeit bei der Vorbeugung von Herz- und Kreislaufkrankheiten im Allgemeinen. <\/p>\n<p>Das liegt an seinem hohen Gehalt an unges\u00e4ttigten Fetten. Au\u00dferdem ist es ein Lebensmittel, das viel Eisen und Ballaststoffe enth\u00e4lt und sehr s\u00e4ttigend ist, was es zu einem perfekten Snack macht. <\/p>\n<p>Es ist ratsam, diese ganzen Oliven an einem k\u00fchlen, trockenen Ort und vor Sonnenlicht gesch\u00fctzt aufzubewahren.<\/p>\n<p>Wenn Sie Oliven oder eine andere Art von <a href=\"https:\/\/latiendadesami.com\/categoria-producto\/encurtidos\/\" rel=\"noopener noreferrer nofollow\" target=\"_blank\">eingelegten Lebensmitteln<\/a> kaufen m\u00f6chten, z\u00f6gern Sie nicht, einen Blick in unseren Online-Katalog zu werfen, um die gro\u00dfe Auswahl an <a href=\"https:\/\/latiendadesami.com\/categoria-producto\/encurtidos\/aceitunas\/\" target=\"_blank\" rel=\"noopener noreferrer nofollow\">Oliven<\/a> zu sehen, die wir anbieten.<\/p>\n","protected":false},"excerpt":{"rendered":"<p>Vorteile von Chicon Chupadedos Olives Ali\u00f1o Kennen Sie die vielf\u00e4ltigen Vorteile dieser Chicon Ali\u00f1o Oliven Lutscher? Sie haben eine hohe Wirksamkeit bei der Vorbeugung von Herz- und Kreislaufkrankheiten im Allgemeinen. Das liegt an seinem hohen Gehalt an unges\u00e4ttigten Fetten. Au\u00dferdem ist es ein Lebensmittel, das viel Eisen und Ballaststoffe enth\u00e4lt und sehr s\u00e4ttigend ist, was [&hellip;]<\/p>\n","protected":false},"featured_media":12348,"template":"","meta":{"_et_pb_use_builder":"","_et_pb_old_content":"","_et_gb_content_width":""},"product_brand":[1036],"product_cat":[3123,2968],"product_tag":[4092],"class_list":{"0":"post-46012","1":"product","2":"type-product","3":"status-publish","4":"has-post-thumbnail","6":"product_brand-chicon","7":"product_cat-essiggurken-de","8":"product_cat-groshandel","9":"product_tag-lutscher","11":"first","12":"instock","13":"taxable","14":"shipping-taxable","15":"purchasable","16":"product-type-variable"},"_links":{"self":[{"href":"https:\/\/myspainfood.com\/de\/wp-json\/wp\/v2\/product\/46012","targetHints":{"allow":["GET"]}}],"collection":[{"href":"https:\/\/myspainfood.com\/de\/wp-json\/wp\/v2\/product"}],"about":[{"href":"https:\/\/myspainfood.com\/de\/wp-json\/wp\/v2\/types\/product"}],"wp:featuredmedia":[{"embeddable":true,"href":"https:\/\/myspainfood.com\/de\/wp-json\/wp\/v2\/media\/12348"}],"wp:attachment":[{"href":"https:\/\/myspainfood.com\/de\/wp-json\/wp\/v2\/media?parent=46012"}],"wp:term":[{"taxonomy":"product_brand","embeddable":true,"href":"https:\/\/myspainfood.com\/de\/wp-json\/wp\/v2\/product_brand?post=46012"},{"taxonomy":"product_cat","embeddable":true,"href":"https:\/\/myspainfood.com\/de\/wp-json\/wp\/v2\/product_cat?post=46012"},{"taxonomy":"product_tag","embeddable":true,"href":"https:\/\/myspainfood.com\/de\/wp-json\/wp\/v2\/product_tag?post=46012"}],"curies":[{"name":"wp","href":"https:\/\/api.w.org\/{rel}","templated":true}]}}