{"id":46574,"date":"2025-04-10T12:06:06","date_gmt":"2025-04-10T10:06:06","guid":{"rendered":"https:\/\/myspainfood.com\/producto\/ventresca-stueckchen-900gr\/"},"modified":"2025-04-10T12:06:06","modified_gmt":"2025-04-10T10:06:06","slug":"ventresca-stueckchen-900gr","status":"publish","type":"product","link":"https:\/\/myspainfood.com\/de\/producto\/ventresca-stueckchen-900gr\/","title":{"rendered":"Ventresca-St\u00fcckchen 900gr"},"content":{"rendered":"<p>Die Ventresca Brocken 900gr sind ein Naturprodukt, das auf <a href=\"http:\/\/www.conservasoti.es\/paginas\/historia.html\" target=\"_blank\" rel=\"noopener noreferrer nofollow\">traditionelle Weise<\/a> hergestellt wird.<\/p>\n<p>Lagern Sie es an einem k\u00fchlen, trockenen Ort.<\/p>\n<p>Nach dem \u00d6ffnen in ein geeignetes Gef\u00e4\u00df umf\u00fcllen und im K\u00fchlschrank mit der Verpackungsfl\u00fcssigkeit bedeckt f\u00fcr maximal 48 Stunden aufbewahren.<\/p>\n<p>Conservas Oti ist ein Unternehmen mit Familientradition, dessen gute Arbeit von Generation zu Generation weitergegeben wurde.<\/p>\n<p>Die harte Arbeit und der Einsatz der Familie haben es <span class=\"negrita\">Conservas Oti<\/span> erm\u00f6glicht, zu wachsen und zu expandieren.<\/p>\n<p>Die Hauptgesch\u00e4ftsbereiche sind Vom Meer, Vom Land und Vom Bauernhof.<\/p>\n<p>Aus dem Meer: Muscheln, Ventresca, Sardinillas, Melva&#8230; Ventresca-St\u00fcckchen 900gr<\/p>\n<p>Zu den lokalen Produkten geh\u00f6ren: Milchkichererbsen, wei\u00dfe Kidneybohnen, Pinto-Bohnen, Pardina-Linsen&#8230;<\/p>\n<p>Vom Bauernhof: Reiner Schafsk\u00e4se, Ib\u00e9rico-Schinken aus Eichelmast, Ib\u00e9rico-Salchich\u00f3n aus Eichelmast, Ib\u00e9rico-Chorizo aus Eichelmast,&#8230;<\/p>\n<h4>Die wichtigsten Vorteile von Dosenfutter<\/h4>\n<ol>\n<li>Sie bewahren alle ern\u00e4hrungsphysiologischen Eigenschaften der Lebensmittel selbst. Die Lebensmittel bewahren ihre Frische. <\/li>\n<li>Die verwendeten Lebensmittel sind gesund und eignen sich aufgrund ihres hohen Vitamin- und Proteingehalts f\u00fcr eine optimale Ern\u00e4hrung.<\/li>\n<li>Diese Produkte haben eine l\u00e4ngere Lebensdauer (typisch sind 2-5 Jahre).<\/li>\n<li>Die Konserven sind sehr einfach zu lagern, da ihre Verpackung leicht zu handhaben ist.<\/li>\n<\/ol>\n<p>Wenn Sie Thunfisch oder eine andere Art von <a href=\"https:\/\/latiendadesami.com\/categoria-producto\/conservas\/\" rel=\"noopener noreferrer nofollow\" target=\"_blank\">Konserven<\/a> kaufen m\u00f6chten, z\u00f6gern Sie nicht, einen Blick in unseren Online-Katalog zu werfen, um die gro\u00dfe Auswahl an <a href=\"https:\/\/latiendadesami.com\/categoria-producto\/conservas\/atun-y-bonito\/\" target=\"_blank\" rel=\"noopener noreferrer nofollow\">Thunfisch<\/a> zu sehen, die wir anbieten.<\/p>\n<p>Schreiben Sie uns f\u00fcr weitere Informationen.<\/p>\n","protected":false},"excerpt":{"rendered":"<p>Die Ventresca Brocken 900gr sind ein Naturprodukt, das auf traditionelle Weise hergestellt wird. Lagern Sie es an einem k\u00fchlen, trockenen Ort. Nach dem \u00d6ffnen in ein geeignetes Gef\u00e4\u00df umf\u00fcllen und im K\u00fchlschrank mit der Verpackungsfl\u00fcssigkeit bedeckt f\u00fcr maximal 48 Stunden aufbewahren. Conservas Oti ist ein Unternehmen mit Familientradition, dessen gute Arbeit von Generation zu Generation [&hellip;]<\/p>\n","protected":false},"featured_media":8172,"template":"","meta":{"_et_pb_use_builder":"","_et_pb_old_content":"","_et_gb_content_width":""},"product_brand":[1075],"product_cat":[1948,4250,3464],"product_tag":[],"class_list":{"0":"post-46574","1":"product","2":"type-product","3":"status-publish","4":"has-post-thumbnail","6":"product_brand-oti","7":"product_cat-konserven","8":"product_cat-thunfisch-und-bonito","9":"product_cat-ventresca-de","11":"first","12":"outofstock","13":"taxable","14":"shipping-taxable","15":"purchasable","16":"product-type-simple"},"_links":{"self":[{"href":"https:\/\/myspainfood.com\/de\/wp-json\/wp\/v2\/product\/46574","targetHints":{"allow":["GET"]}}],"collection":[{"href":"https:\/\/myspainfood.com\/de\/wp-json\/wp\/v2\/product"}],"about":[{"href":"https:\/\/myspainfood.com\/de\/wp-json\/wp\/v2\/types\/product"}],"wp:featuredmedia":[{"embeddable":true,"href":"https:\/\/myspainfood.com\/de\/wp-json\/wp\/v2\/media\/8172"}],"wp:attachment":[{"href":"https:\/\/myspainfood.com\/de\/wp-json\/wp\/v2\/media?parent=46574"}],"wp:term":[{"taxonomy":"product_brand","embeddable":true,"href":"https:\/\/myspainfood.com\/de\/wp-json\/wp\/v2\/product_brand?post=46574"},{"taxonomy":"product_cat","embeddable":true,"href":"https:\/\/myspainfood.com\/de\/wp-json\/wp\/v2\/product_cat?post=46574"},{"taxonomy":"product_tag","embeddable":true,"href":"https:\/\/myspainfood.com\/de\/wp-json\/wp\/v2\/product_tag?post=46574"}],"curies":[{"name":"wp","href":"https:\/\/api.w.org\/{rel}","templated":true}]}}