{"id":46752,"date":"2025-04-10T12:06:14","date_gmt":"2025-04-10T10:06:14","guid":{"rendered":"https:\/\/myspainfood.com\/producto\/kantabrische-anchovis-120-gr\/"},"modified":"2025-06-23T12:24:22","modified_gmt":"2025-06-23T10:24:22","slug":"kantabrische-anchovis-120-gr","status":"publish","type":"product","link":"https:\/\/myspainfood.com\/de\/producto\/kantabrische-anchovis-120-gr\/","title":{"rendered":"Kantabrische Anchovis 120 gr"},"content":{"rendered":"<p>Die kantabrischen Sardellen sind die am meisten gesch\u00e4tzten auf dem Markt und zeichnen sich durch ihre feine Textur und ihren intensiven Geschmack aus. Die kantabrischen Sardellen von Arroyabe sind von h\u00f6chster Qualit\u00e4t. Sie werden ausschlie\u00dflich im Kantabrischen Meer gefangen, stammen von der Art &#8222;Engraulis Encrasicholus&#8220; und werden nach traditionellen Methoden hergestellt. <\/p>\n<p>Es gibt zwei Arten von halbkonservierten Anchovis: Anchovisfilets in \u00d6l und gesalzene Anchovis. Gesalzene Sardellen werden w\u00e4hrend der Fr\u00fchjahrssaison an der K\u00fcste in Dosen mit Salz verpackt und reifen dann 9 Monate lang. Sie sind die beste L\u00f6sung f\u00fcr diejenigen, die Sardellen nach ihrem eigenen Geschmack zubereiten m\u00f6chten. Sie k\u00f6nnen gesalzene Sardellen in Dosen zu 2,5, 5 und 10 kg kaufen.  <\/p>\n<p>Die Sardellenfilets in Oliven\u00f6l haben den zus\u00e4tzlichen Vorteil, dass sie nach der Reifung von Hand ges\u00e4ubert und filetiert werden, und zwar nach traditionellen Techniken der Sardellenverarbeitung.<\/p>\n","protected":false},"excerpt":{"rendered":"<p>Die kantabrischen Sardellen sind die am meisten gesch\u00e4tzten auf dem Markt und zeichnen sich durch ihre feine Textur und ihren intensiven Geschmack aus. Die kantabrischen Sardellen von Arroyabe sind von h\u00f6chster Qualit\u00e4t. Sie werden ausschlie\u00dflich im Kantabrischen Meer gefangen, stammen von der Art &#8222;Engraulis Encrasicholus&#8220; und werden nach traditionellen Methoden hergestellt. Es gibt zwei Arten [&hellip;]<\/p>\n","protected":false},"featured_media":8469,"template":"","meta":{"_et_pb_use_builder":"","_et_pb_old_content":"","_et_gb_content_width":""},"product_brand":[1127],"product_cat":[1856,1857],"product_tag":[],"class_list":{"0":"post-46752","1":"product","2":"type-product","3":"status-publish","4":"has-post-thumbnail","6":"product_brand-picarpicar","7":"product_cat-kalt","8":"product_cat-sardellen","9":"product_shipping_class-kalter-versand","11":"first","12":"instock","13":"featured","14":"taxable","15":"shipping-taxable","16":"purchasable","17":"product-type-variable"},"_links":{"self":[{"href":"https:\/\/myspainfood.com\/de\/wp-json\/wp\/v2\/product\/46752","targetHints":{"allow":["GET"]}}],"collection":[{"href":"https:\/\/myspainfood.com\/de\/wp-json\/wp\/v2\/product"}],"about":[{"href":"https:\/\/myspainfood.com\/de\/wp-json\/wp\/v2\/types\/product"}],"wp:featuredmedia":[{"embeddable":true,"href":"https:\/\/myspainfood.com\/de\/wp-json\/wp\/v2\/media\/8469"}],"wp:attachment":[{"href":"https:\/\/myspainfood.com\/de\/wp-json\/wp\/v2\/media?parent=46752"}],"wp:term":[{"taxonomy":"product_brand","embeddable":true,"href":"https:\/\/myspainfood.com\/de\/wp-json\/wp\/v2\/product_brand?post=46752"},{"taxonomy":"product_cat","embeddable":true,"href":"https:\/\/myspainfood.com\/de\/wp-json\/wp\/v2\/product_cat?post=46752"},{"taxonomy":"product_tag","embeddable":true,"href":"https:\/\/myspainfood.com\/de\/wp-json\/wp\/v2\/product_tag?post=46752"}],"curies":[{"name":"wp","href":"https:\/\/api.w.org\/{rel}","templated":true}]}}