{"id":47089,"date":"2025-04-10T12:06:46","date_gmt":"2025-04-10T10:06:46","guid":{"rendered":"https:\/\/myspainfood.com\/producto\/spargel-d-o-navarra-5-fruechte-cambra\/"},"modified":"2025-09-02T10:43:28","modified_gmt":"2025-09-02T08:43:28","slug":"spargel-d-o-navarra-5-fruechte-cambra","status":"publish","type":"product","link":"https:\/\/myspainfood.com\/de\/producto\/spargel-d-o-navarra-5-fruechte-cambra\/","title":{"rendered":"Spargel D. O. Navarra 5 Fr\u00fcchte Cambra"},"content":{"rendered":"<p>Spargel <strong>D.O. Navarra<\/strong> im Glas Packung mit 5 Fr\u00fcchten extra.<\/p>\n<p> Authentischer Spargel aus Navarra mit einer sehr gro\u00dfen Gr\u00f6\u00dfe. <strong>Extra Qualit\u00e4t<\/strong>.<\/p>\n","protected":false},"excerpt":{"rendered":"<p>Spargel D.O. Navarra im Glas Packung mit 5 Fr\u00fcchten extra. Authentischer Spargel aus Navarra mit einer sehr gro\u00dfen Gr\u00f6\u00dfe. Extra Qualit\u00e4t.<\/p>\n","protected":false},"featured_media":8883,"template":"","meta":{"_et_pb_use_builder":"","_et_pb_old_content":"","_et_gb_content_width":""},"product_brand":[1129],"product_cat":[1948,6383],"product_tag":[9735],"class_list":{"0":"post-47089","1":"product","2":"type-product","3":"status-publish","4":"has-post-thumbnail","6":"product_brand-mateo","7":"product_cat-konserven","8":"product_cat-spargel","9":"product_tag-navarra-de","11":"first","12":"outofstock","13":"taxable","14":"shipping-taxable","15":"product-type-variable"},"_links":{"self":[{"href":"https:\/\/myspainfood.com\/de\/wp-json\/wp\/v2\/product\/47089","targetHints":{"allow":["GET"]}}],"collection":[{"href":"https:\/\/myspainfood.com\/de\/wp-json\/wp\/v2\/product"}],"about":[{"href":"https:\/\/myspainfood.com\/de\/wp-json\/wp\/v2\/types\/product"}],"wp:featuredmedia":[{"embeddable":true,"href":"https:\/\/myspainfood.com\/de\/wp-json\/wp\/v2\/media\/8883"}],"wp:attachment":[{"href":"https:\/\/myspainfood.com\/de\/wp-json\/wp\/v2\/media?parent=47089"}],"wp:term":[{"taxonomy":"product_brand","embeddable":true,"href":"https:\/\/myspainfood.com\/de\/wp-json\/wp\/v2\/product_brand?post=47089"},{"taxonomy":"product_cat","embeddable":true,"href":"https:\/\/myspainfood.com\/de\/wp-json\/wp\/v2\/product_cat?post=47089"},{"taxonomy":"product_tag","embeddable":true,"href":"https:\/\/myspainfood.com\/de\/wp-json\/wp\/v2\/product_tag?post=47089"}],"curies":[{"name":"wp","href":"https:\/\/api.w.org\/{rel}","templated":true}]}}