{"id":47423,"date":"2025-04-10T12:07:15","date_gmt":"2025-04-10T10:07:15","guid":{"rendered":"https:\/\/myspainfood.com\/producto\/erbsen-sehr-fein-extra\/"},"modified":"2025-09-02T15:51:59","modified_gmt":"2025-09-02T13:51:59","slug":"erbsen-sehr-fein-extra","status":"publish","type":"product","link":"https:\/\/myspainfood.com\/de\/producto\/erbsen-sehr-fein-extra\/","title":{"rendered":"Erbsen sehr fein extra"},"content":{"rendered":"<p>Guisantes muy fino extra ist ein <a href=\"https:\/\/twitter.com\/mca_spain\" target=\"_blank\" rel=\"noopener noreferrer nofollow\">Produkt aus Spanien<\/a>.<\/p>\n<p>Zutaten: Erbsen, Wasser, Zucker und Salz.<\/p>\n<p>Nach dem \u00d6ffnen im K\u00fchlschrank aufbewahren und vorzugsweise innerhalb von 5 Tagen verbrauchen.<\/p>\n<p>La Viuda de Mateo ist eine der Handelsmarken, unter denen die Gruppe MCA Spanien auf den Markt geht.<\/p>\n<p>Der Ursprung von MCA Spanien liegt in der Erfahrung von Carlos Ripa, dem derzeitigen Gesch\u00e4ftsf\u00fchrer, der ein Jahrzehnt lang in einem Familienunternehmen im Lebensmitteleinzelhandel gearbeitet hat.<\/p>\n<p>Doch Mitte der 1980er Jahre startete Ripa in seiner Heimatstadt (Mendavia, Navarra) sein ganz pers\u00f6nliches Projekt: eine Konservenfabrik, MCA Spanien.<\/p>\n<p>Dieses Unternehmen hat sich mit seinen Gem\u00fcse- und Fischkonserven in der ersten Liga des spanischen Agrar- und Lebensmittelsektors positioniert.<\/p>\n<p>Eine spektakul\u00e4re Entwicklung, die ohne ein erstklassiges Team und eine Berufung zum Kundenservice nicht m\u00f6glich gewesen w\u00e4re.<\/p>\n<p>Wenn Sie extra feine Erbsen oder eine andere Art von <a href=\"https:\/\/latiendadesami.com\/categoria-producto\/conservas\/\" rel=\"noopener noreferrer nofollow\" target=\"_blank\">Konserven<\/a> kaufen m\u00f6chten, z\u00f6gern Sie nicht, einen Blick in unseren Online-Katalog zu werfen.<\/p>\n<p>Wir haben die h\u00f6chste Qualit\u00e4t zum besten Preis.<\/p>\n<p>Schreiben Sie uns f\u00fcr weitere Informationen oder wenn Sie Fragen zu diesem oder einem anderen Produkt in unserem Katalog haben.<\/p>\n","protected":false},"excerpt":{"rendered":"<p>Erbsen sehr fein Extra<\/p>\n","protected":false},"featured_media":9486,"template":"","meta":{"_et_pb_use_builder":"","_et_pb_old_content":"","_et_gb_content_width":""},"product_brand":[1129],"product_cat":[3726,1948],"product_tag":[],"class_list":{"0":"post-47423","1":"product","2":"type-product","3":"status-publish","4":"has-post-thumbnail","6":"product_brand-mateo","7":"product_cat-gemuse","8":"product_cat-konserven","10":"first","11":"instock","12":"taxable","13":"shipping-taxable","14":"purchasable","15":"product-type-variable"},"_links":{"self":[{"href":"https:\/\/myspainfood.com\/de\/wp-json\/wp\/v2\/product\/47423","targetHints":{"allow":["GET"]}}],"collection":[{"href":"https:\/\/myspainfood.com\/de\/wp-json\/wp\/v2\/product"}],"about":[{"href":"https:\/\/myspainfood.com\/de\/wp-json\/wp\/v2\/types\/product"}],"wp:featuredmedia":[{"embeddable":true,"href":"https:\/\/myspainfood.com\/de\/wp-json\/wp\/v2\/media\/9486"}],"wp:attachment":[{"href":"https:\/\/myspainfood.com\/de\/wp-json\/wp\/v2\/media?parent=47423"}],"wp:term":[{"taxonomy":"product_brand","embeddable":true,"href":"https:\/\/myspainfood.com\/de\/wp-json\/wp\/v2\/product_brand?post=47423"},{"taxonomy":"product_cat","embeddable":true,"href":"https:\/\/myspainfood.com\/de\/wp-json\/wp\/v2\/product_cat?post=47423"},{"taxonomy":"product_tag","embeddable":true,"href":"https:\/\/myspainfood.com\/de\/wp-json\/wp\/v2\/product_tag?post=47423"}],"curies":[{"name":"wp","href":"https:\/\/api.w.org\/{rel}","templated":true}]}}