{"id":47471,"date":"2025-04-10T12:07:16","date_gmt":"2025-04-10T10:07:16","guid":{"rendered":"https:\/\/myspainfood.com\/producto\/sardellenfilet-mateo-950-gr\/"},"modified":"2025-09-02T10:39:31","modified_gmt":"2025-09-02T08:39:31","slug":"sardellenfilet-mateo-950-gr","status":"publish","type":"product","link":"https:\/\/myspainfood.com\/de\/producto\/sardellenfilet-mateo-950-gr\/","title":{"rendered":"Sardellenfilet Mateo 950 gr"},"content":{"rendered":"<p>Sardellenfilet Mateo 950 gr in <a href=\"https:\/\/twitter.com\/mca_spain\" target=\"_blank\" rel=\"noopener noreferrer nofollow\">Sonnenblumen\u00f6l<\/a>.<\/p>\n<p>Zutaten: Sardellen, Sonnenblumen\u00f6l (32%) und Salz.<\/p>\n<p>Nach dem \u00d6ffnen im K\u00fchlschrank aufbewahren und vorzugsweise innerhalb von 5 Tagen verbrauchen.<\/p>\n<p>La Viuda de Mateo ist eine der Handelsmarken, unter denen die Gruppe MCA Spanien auf den Markt geht.<\/p>\n<p>Der Ursprung von MCA Spanien liegt in der Erfahrung von Carlos Ripa, dem derzeitigen Gesch\u00e4ftsf\u00fchrer, der ein Jahrzehnt lang in einem Familienunternehmen im Lebensmitteleinzelhandel gearbeitet hat.<\/p>\n<p>Doch Mitte der 1980er Jahre startete Ripa in seiner Heimatstadt (Mendavia, Navarra) sein ganz pers\u00f6nliches Projekt: eine Konservenfabrik, MCA Spanien.<\/p>\n<p>Dieses Unternehmen hat sich mit seinen Gem\u00fcse- und Fischkonserven in der ersten Liga des spanischen Agrar- und Lebensmittelsektors positioniert.<\/p>\n<p>Eine spektakul\u00e4re Entwicklung, die ohne ein erstklassiges Team und eine Berufung zum Kundenservice nicht m\u00f6glich gewesen w\u00e4re.<\/p>\n<p>Wenn Sie Mateo Sardellenfilet 950 gr oder ein anderes <a href=\"https:\/\/latiendadesami.com\/categoria-producto\/frio\/\" rel=\"noopener noreferrer nofollow\" target=\"_blank\">kaltes Lebensmittel<\/a> kaufen m\u00f6chten, z\u00f6gern Sie nicht, einen Blick auf unseren gesamten Online-Katalog zu werfen.<\/p>\n<p>Wir haben die h\u00f6chste Qualit\u00e4t zum besten Preis.<\/p>\n<p>Schreiben Sie uns f\u00fcr weitere Informationen oder wenn Sie Fragen zu diesem oder einem anderen Produkt in unserem Katalog haben.<\/p>\n","protected":false},"excerpt":{"rendered":"<p>Sardellenfilet Mateo 950 gr in Sonnenblumen\u00f6l. Zutaten: Sardellen, Sonnenblumen\u00f6l (32%) und Salz. Nach dem \u00d6ffnen im K\u00fchlschrank aufbewahren und vorzugsweise innerhalb von 5 Tagen verbrauchen. La Viuda de Mateo ist eine der Handelsmarken, unter denen die Gruppe MCA Spanien auf den Markt geht. Der Ursprung von MCA Spanien liegt in der Erfahrung von Carlos Ripa, [&hellip;]<\/p>\n","protected":false},"featured_media":9747,"template":"","meta":{"_et_pb_use_builder":"","_et_pb_old_content":"","_et_gb_content_width":""},"product_brand":[1129],"product_cat":[1856,1857],"product_tag":[],"class_list":{"0":"post-47471","1":"product","2":"type-product","3":"status-publish","4":"has-post-thumbnail","6":"product_brand-mateo","7":"product_cat-kalt","8":"product_cat-sardellen","9":"product_shipping_class-kalter-versand","11":"first","12":"outofstock","13":"taxable","14":"shipping-taxable","15":"product-type-variable"},"_links":{"self":[{"href":"https:\/\/myspainfood.com\/de\/wp-json\/wp\/v2\/product\/47471","targetHints":{"allow":["GET"]}}],"collection":[{"href":"https:\/\/myspainfood.com\/de\/wp-json\/wp\/v2\/product"}],"about":[{"href":"https:\/\/myspainfood.com\/de\/wp-json\/wp\/v2\/types\/product"}],"wp:featuredmedia":[{"embeddable":true,"href":"https:\/\/myspainfood.com\/de\/wp-json\/wp\/v2\/media\/9747"}],"wp:attachment":[{"href":"https:\/\/myspainfood.com\/de\/wp-json\/wp\/v2\/media?parent=47471"}],"wp:term":[{"taxonomy":"product_brand","embeddable":true,"href":"https:\/\/myspainfood.com\/de\/wp-json\/wp\/v2\/product_brand?post=47471"},{"taxonomy":"product_cat","embeddable":true,"href":"https:\/\/myspainfood.com\/de\/wp-json\/wp\/v2\/product_cat?post=47471"},{"taxonomy":"product_tag","embeddable":true,"href":"https:\/\/myspainfood.com\/de\/wp-json\/wp\/v2\/product_tag?post=47471"}],"curies":[{"name":"wp","href":"https:\/\/api.w.org\/{rel}","templated":true}]}}