{"id":48560,"date":"2025-04-10T12:07:42","date_gmt":"2025-04-10T10:07:42","guid":{"rendered":"https:\/\/myspainfood.com\/producto\/chili-15-kg-nettogewicht\/"},"modified":"2025-07-31T16:42:08","modified_gmt":"2025-07-31T14:42:08","slug":"chili-15-kg-nettogewicht","status":"publish","type":"product","link":"https:\/\/myspainfood.com\/de\/producto\/chili-15-kg-nettogewicht\/","title":{"rendered":"Chili 1,5 kg Nettogewicht"},"content":{"rendered":"<p>Der Piparra 1,5 kg Nettogewicht in Essig verleiht unseren <a href=\"https:\/\/es.wikipedia.org\/wiki\/Guindilla_de_Ibarra\" target=\"_blank\" rel=\"noopener noreferrer nofollow\">Gerichten<\/a> die w\u00fcrzige Note, die sie zu etwas Besonderem macht.<\/p>\n<p>Dieses Produkt bringt den Gaumen zum Vibrieren und wird neben Eint\u00f6pfen oder Saucen mit viel Geschmack sehr gesch\u00e4tzt.<\/p>\n<p>Zu den vielen traditionellen Zutaten der baskischen K\u00fcche geh\u00f6rt die Chilischote Piparra.<\/p>\n<p>Eine ganz besondere Chili, da sie kaum brennt.<\/p>\n<p>Er passt sehr gut in alle Arten von Men\u00fcs und kommt auch bei denjenigen sehr gut an, die diesen Geschmack nicht besonders m\u00f6gen.<\/p>\n<p>Die Piparra mit einem Nettogewicht von 1,5 kg aus diesem Beh\u00e4lter sind mittelgro\u00df und werden mit Essig zubereitet.<\/p>\n<p>Eine unverf\u00e4lschte Note, mit der Piparras normalerweise serviert werden und die Ihnen mit jedem Bissen einen Schauer intensiven Geschmacks durch den K\u00f6rper jagen wird.<\/p>\n<p>Einige Eigenschaften des Perlhuhns:<\/p>\n<ul>\n<li>Senkt den Cholesterinspiegel.<\/li>\n<li>Stimuliert den Blutkreislauf und die Atemwege.<\/li>\n<li>Es wird angenommen, dass es helfen kann, \u00dcbergewicht zu reduzieren, indem es den Stoffwechsel beschleunigt.<\/li>\n<li>Einigen Studien zufolge sch\u00fctzt es den Magen, indem es ihn dazu bringt, mehr Schleim zu produzieren.<\/li>\n<\/ul>\n<p>Wenn Sie Oliven oder eine andere Art von <a href=\"https:\/\/latiendadesami.com\/categoria-producto\/encurtidos\/\" rel=\"noopener noreferrer nofollow\" target=\"_blank\">Essiggurken<\/a> kaufen m\u00f6chten, z\u00f6gern Sie nicht, einen Blick in unseren Online-Katalog zu werfen, um die gro\u00dfe Auswahl an <a href=\"https:\/\/latiendadesami.com\/categoria-producto\/encurtidos\/pepinillos\/\" target=\"_blank\" rel=\"noopener noreferrer nofollow\">Essiggurken<\/a> zu sehen, die wir anbieten.<\/p>\n","protected":false},"excerpt":{"rendered":"<p>Der Piparra 1,5 kg Nettogewicht in Essig verleiht unseren Gerichten die w\u00fcrzige Note, die sie zu etwas Besonderem macht. Dieses Produkt bringt den Gaumen zum Vibrieren und wird neben Eint\u00f6pfen oder Saucen mit viel Geschmack sehr gesch\u00e4tzt. Zu den vielen traditionellen Zutaten der baskischen K\u00fcche geh\u00f6rt die Chilischote Piparra. Eine ganz besondere Chili, da sie [&hellip;]<\/p>\n","protected":false},"featured_media":10017,"template":"","meta":{"_et_pb_use_builder":"","_et_pb_old_content":"","_et_gb_content_width":""},"product_brand":[1069],"product_cat":[4009,1597],"product_tag":[9872],"class_list":{"0":"post-48560","1":"product","2":"type-product","3":"status-publish","4":"has-post-thumbnail","6":"product_brand-sangar","7":"product_cat-chilischoten","8":"product_cat-essiggurken","9":"product_tag-piparra-de","11":"first","12":"outofstock","13":"taxable","14":"shipping-taxable","15":"purchasable","16":"product-type-simple"},"_links":{"self":[{"href":"https:\/\/myspainfood.com\/de\/wp-json\/wp\/v2\/product\/48560","targetHints":{"allow":["GET"]}}],"collection":[{"href":"https:\/\/myspainfood.com\/de\/wp-json\/wp\/v2\/product"}],"about":[{"href":"https:\/\/myspainfood.com\/de\/wp-json\/wp\/v2\/types\/product"}],"wp:featuredmedia":[{"embeddable":true,"href":"https:\/\/myspainfood.com\/de\/wp-json\/wp\/v2\/media\/10017"}],"wp:attachment":[{"href":"https:\/\/myspainfood.com\/de\/wp-json\/wp\/v2\/media?parent=48560"}],"wp:term":[{"taxonomy":"product_brand","embeddable":true,"href":"https:\/\/myspainfood.com\/de\/wp-json\/wp\/v2\/product_brand?post=48560"},{"taxonomy":"product_cat","embeddable":true,"href":"https:\/\/myspainfood.com\/de\/wp-json\/wp\/v2\/product_cat?post=48560"},{"taxonomy":"product_tag","embeddable":true,"href":"https:\/\/myspainfood.com\/de\/wp-json\/wp\/v2\/product_tag?post=48560"}],"curies":[{"name":"wp","href":"https:\/\/api.w.org\/{rel}","templated":true}]}}