{"id":48644,"date":"2025-04-10T12:07:46","date_gmt":"2025-04-10T10:07:46","guid":{"rendered":"https:\/\/myspainfood.com\/producto\/manzanilla-4-kg-kaliber-180-200\/"},"modified":"2025-09-02T10:39:51","modified_gmt":"2025-09-02T08:39:51","slug":"manzanilla-4-kg-kaliber-180-200","status":"publish","type":"product","link":"https:\/\/myspainfood.com\/de\/producto\/manzanilla-4-kg-kaliber-180-200\/","title":{"rendered":"Manzanilla 4 kg Kaliber 180\/200"},"content":{"rendered":"<p>Die Manzanilla-Oliven 180\/200 Kaliber 4kg behalten ihre <a href=\"https:\/\/www.google.com\/search?q=aceituna+manzanilla+calibre&amp;tbm=isch&amp;ved=2ahUKEwjzs-WOhPD1AhWHh1wKHXXjAgAQ2-cCegQIABAA&amp;oq=aceituna+manzanilla+calibre&amp;gs_lcp=CgNpbWcQA1CzBli4GGC8GWgAcAB4AIABbYgBzQySAQQxNy4ymAEAoAEBqgELZ3dzLXdpei1pbWfAAQE&amp;sclient=img&amp;ei=6FcCYvOfBoeP8gL1xgs&amp;bih=780&amp;biw=1577\" target=\"_blank\" rel=\"noopener noreferrer nofollow\">urspr\u00fcngliche<\/a> Form, da der Stein im Inneren der Frucht bleibt.<\/p>\n<p>Verschiedene Sorten des Olivenbaums (Olea europaea) sind als Kamille bekannt.<\/p>\n<p>Diesen Namen tr\u00e4gt auch die Frucht oder Olive, die sie hervorbringt.<\/p>\n<p>Die wichtigsten Sorten sind Manzanilla Sevillana, Manzanilla Cacere\u00f1a und Manzanilla Alore\u00f1a.<\/p>\n<p>Es ist ratsam, diese ganzen Oliven an einem k\u00fchlen, trockenen Ort und vor Sonnenlicht gesch\u00fctzt aufzubewahren.<\/p>\n<h3>Vorteile von Kamille 180\/200 Kaliber 4kg<\/h3>\n<p>Wussten Sie schon, dass diese Oliven sehr wirksam bei der Vorbeugung von Herz- und Kreislauferkrankungen im Allgemeinen sind? <\/p>\n<p>Das liegt an seinem hohen Gehalt an unges\u00e4ttigten Fetten. Au\u00dferdem ist es ein Lebensmittel, das viel Eisen und Ballaststoffe enth\u00e4lt und sehr s\u00e4ttigend ist, was es zu einem perfekten Snack macht. <\/p>\n<p>Wenn Sie Oliven oder eine andere Art von <a href=\"https:\/\/latiendadesami.com\/categoria-producto\/encurtidos\/\" rel=\"noopener noreferrer nofollow\" target=\"_blank\">eingelegten Lebensmitteln<\/a> kaufen m\u00f6chten, z\u00f6gern Sie nicht, einen Blick in unseren Online-Katalog zu werfen, um die gro\u00dfe Auswahl an <a href=\"https:\/\/latiendadesami.com\/categoria-producto\/encurtidos\/aceitunas\/\" target=\"_blank\" rel=\"noopener noreferrer nofollow\">Oliven<\/a> zu sehen, die wir anbieten.<\/p>\n","protected":false},"excerpt":{"rendered":"<p>Die Manzanilla-Oliven 180\/200 Kaliber 4kg behalten ihre urspr\u00fcngliche Form, da der Stein im Inneren der Frucht bleibt. Verschiedene Sorten des Olivenbaums (Olea europaea) sind als Kamille bekannt. Diesen Namen tr\u00e4gt auch die Frucht oder Olive, die sie hervorbringt. Die wichtigsten Sorten sind Manzanilla Sevillana, Manzanilla Cacere\u00f1a und Manzanilla Alore\u00f1a. Es ist ratsam, diese ganzen Oliven [&hellip;]<\/p>\n","protected":false},"featured_media":10125,"template":"","meta":{"_et_pb_use_builder":"","_et_pb_old_content":"","_et_gb_content_width":""},"product_brand":[1069],"product_cat":[1597,1633],"product_tag":[2045],"class_list":{"0":"post-48644","1":"product","2":"type-product","3":"status-publish","4":"has-post-thumbnail","6":"product_brand-sangar","7":"product_cat-essiggurken","8":"product_cat-oliven-de","9":"product_tag-kamille-de","11":"first","12":"outofstock","13":"taxable","14":"shipping-taxable","15":"purchasable","16":"product-type-simple"},"_links":{"self":[{"href":"https:\/\/myspainfood.com\/de\/wp-json\/wp\/v2\/product\/48644","targetHints":{"allow":["GET"]}}],"collection":[{"href":"https:\/\/myspainfood.com\/de\/wp-json\/wp\/v2\/product"}],"about":[{"href":"https:\/\/myspainfood.com\/de\/wp-json\/wp\/v2\/types\/product"}],"wp:featuredmedia":[{"embeddable":true,"href":"https:\/\/myspainfood.com\/de\/wp-json\/wp\/v2\/media\/10125"}],"wp:attachment":[{"href":"https:\/\/myspainfood.com\/de\/wp-json\/wp\/v2\/media?parent=48644"}],"wp:term":[{"taxonomy":"product_brand","embeddable":true,"href":"https:\/\/myspainfood.com\/de\/wp-json\/wp\/v2\/product_brand?post=48644"},{"taxonomy":"product_cat","embeddable":true,"href":"https:\/\/myspainfood.com\/de\/wp-json\/wp\/v2\/product_cat?post=48644"},{"taxonomy":"product_tag","embeddable":true,"href":"https:\/\/myspainfood.com\/de\/wp-json\/wp\/v2\/product_tag?post=48644"}],"curies":[{"name":"wp","href":"https:\/\/api.w.org\/{rel}","templated":true}]}}