{"id":48647,"date":"2025-04-10T12:07:47","date_gmt":"2025-04-10T10:07:47","guid":{"rendered":"https:\/\/myspainfood.com\/producto\/manzanilla-4-kg-242-aperitif\/"},"modified":"2025-04-10T12:07:47","modified_gmt":"2025-04-10T10:07:47","slug":"manzanilla-4-kg-242-aperitif","status":"publish","type":"product","link":"https:\/\/myspainfood.com\/de\/producto\/manzanilla-4-kg-242-aperitif\/","title":{"rendered":"Manzanilla 4 kg 242 Aperitif"},"content":{"rendered":"<p>Der Name &#8218;Manzanilla&#8216; wird f\u00fcr verschiedene Sorten des Olivenbaums (Olea europaea) verwendet. Dieser Name wird auch den Fr\u00fcchten oder Oliven gegeben, die sie produzieren. Die wichtigsten Sorten sind Manzanilla sevillana, Manzanilla cacere\u00f1a und Manzanilla alore\u00f1a.    <\/p>\n","protected":false},"excerpt":{"rendered":"<p>Der Name &#8218;Manzanilla&#8216; wird f\u00fcr verschiedene Sorten des Olivenbaums (Olea europaea) verwendet. Dieser Name wird auch den Fr\u00fcchten oder Oliven gegeben, die sie produzieren. Die wichtigsten Sorten sind Manzanilla sevillana, Manzanilla cacere\u00f1a und Manzanilla alore\u00f1a.<\/p>\n","protected":false},"featured_media":10143,"template":"","meta":{"_et_pb_use_builder":"","_et_pb_old_content":"","_et_gb_content_width":""},"product_brand":[1069],"product_cat":[1597,1633],"product_tag":[2045],"class_list":{"0":"post-48647","1":"product","2":"type-product","3":"status-publish","4":"has-post-thumbnail","6":"product_brand-sangar","7":"product_cat-essiggurken","8":"product_cat-oliven-de","9":"product_tag-kamille-de","11":"first","12":"outofstock","13":"taxable","14":"shipping-taxable","15":"purchasable","16":"product-type-simple"},"_links":{"self":[{"href":"https:\/\/myspainfood.com\/de\/wp-json\/wp\/v2\/product\/48647","targetHints":{"allow":["GET"]}}],"collection":[{"href":"https:\/\/myspainfood.com\/de\/wp-json\/wp\/v2\/product"}],"about":[{"href":"https:\/\/myspainfood.com\/de\/wp-json\/wp\/v2\/types\/product"}],"wp:featuredmedia":[{"embeddable":true,"href":"https:\/\/myspainfood.com\/de\/wp-json\/wp\/v2\/media\/10143"}],"wp:attachment":[{"href":"https:\/\/myspainfood.com\/de\/wp-json\/wp\/v2\/media?parent=48647"}],"wp:term":[{"taxonomy":"product_brand","embeddable":true,"href":"https:\/\/myspainfood.com\/de\/wp-json\/wp\/v2\/product_brand?post=48647"},{"taxonomy":"product_cat","embeddable":true,"href":"https:\/\/myspainfood.com\/de\/wp-json\/wp\/v2\/product_cat?post=48647"},{"taxonomy":"product_tag","embeddable":true,"href":"https:\/\/myspainfood.com\/de\/wp-json\/wp\/v2\/product_tag?post=48647"}],"curies":[{"name":"wp","href":"https:\/\/api.w.org\/{rel}","templated":true}]}}