{"id":48670,"date":"2025-04-10T12:07:48","date_gmt":"2025-04-10T10:07:48","guid":{"rendered":"https:\/\/myspainfood.com\/producto\/rioja-antonio-escribano-crianza-12-fassen\/"},"modified":"2025-04-10T12:07:48","modified_gmt":"2025-04-10T10:07:48","slug":"rioja-antonio-escribano-crianza-12-fassen","status":"publish","type":"product","link":"https:\/\/myspainfood.com\/de\/producto\/rioja-antonio-escribano-crianza-12-fassen\/","title":{"rendered":"Rioja. Antonio Escribano Crianza 12 FASSEN"},"content":{"rendered":"<p>Erziehung<\/p>\n<p>Entspricht Weinen, die mindestens das dritte Jahr alt sind und mindestens ein Jahr in Eichenf\u00e4ssern verbracht haben.<\/p>\n<p>Rubinrot, mit einem intensiven Aroma von reifen Fr\u00fcchten, gut kombiniert mit ger\u00f6steten Noten und einem Hauch von Vanille. Reichlich und ausgewogen im Mund, mit einer perfekten Harmonie zwischen den subtilen Tanninen. Schmackhaft und vollmundig, ohne dabei seine Finesse und Eleganz zu verlieren.  <\/p>\n","protected":false},"excerpt":{"rendered":"<p>Erziehung Entspricht Weinen, die mindestens das dritte Jahr alt sind und mindestens ein Jahr in Eichenf\u00e4ssern verbracht haben. Rubinrot, mit einem intensiven Aroma von reifen Fr\u00fcchten, gut kombiniert mit ger\u00f6steten Noten und einem Hauch von Vanille. Reichlich und ausgewogen im Mund, mit einer perfekten Harmonie zwischen den subtilen Tanninen. Schmackhaft und vollmundig, ohne dabei seine [&hellip;]<\/p>\n","protected":false},"featured_media":8595,"template":"","meta":{"_et_pb_use_builder":"","_et_pb_old_content":"","_et_gb_content_width":""},"product_brand":[1141],"product_cat":[4892,5256],"product_tag":[4896,5258],"class_list":{"0":"post-48670","1":"product","2":"type-product","3":"status-publish","4":"has-post-thumbnail","6":"product_brand-vinamada","7":"product_cat-getranke","8":"product_cat-wein-de","9":"product_tag-antonio-escribano-de","10":"product_tag-erziehung","12":"first","13":"outofstock","14":"sale","15":"taxable","16":"shipping-taxable","17":"purchasable","18":"product-type-simple"},"_links":{"self":[{"href":"https:\/\/myspainfood.com\/de\/wp-json\/wp\/v2\/product\/48670","targetHints":{"allow":["GET"]}}],"collection":[{"href":"https:\/\/myspainfood.com\/de\/wp-json\/wp\/v2\/product"}],"about":[{"href":"https:\/\/myspainfood.com\/de\/wp-json\/wp\/v2\/types\/product"}],"wp:featuredmedia":[{"embeddable":true,"href":"https:\/\/myspainfood.com\/de\/wp-json\/wp\/v2\/media\/8595"}],"wp:attachment":[{"href":"https:\/\/myspainfood.com\/de\/wp-json\/wp\/v2\/media?parent=48670"}],"wp:term":[{"taxonomy":"product_brand","embeddable":true,"href":"https:\/\/myspainfood.com\/de\/wp-json\/wp\/v2\/product_brand?post=48670"},{"taxonomy":"product_cat","embeddable":true,"href":"https:\/\/myspainfood.com\/de\/wp-json\/wp\/v2\/product_cat?post=48670"},{"taxonomy":"product_tag","embeddable":true,"href":"https:\/\/myspainfood.com\/de\/wp-json\/wp\/v2\/product_tag?post=48670"}],"curies":[{"name":"wp","href":"https:\/\/api.w.org\/{rel}","templated":true}]}}