{"id":48875,"date":"2025-04-10T12:08:45","date_gmt":"2025-04-10T10:08:45","guid":{"rendered":"https:\/\/myspainfood.com\/producto\/riojana-kaese-75-einheiten\/"},"modified":"2025-07-28T10:39:00","modified_gmt":"2025-07-28T08:39:00","slug":"riojana-kaese-75-einheiten","status":"publish","type":"product","link":"https:\/\/myspainfood.com\/de\/producto\/riojana-kaese-75-einheiten\/","title":{"rendered":"Riojana K\u00e4se 75 Einheiten"},"content":{"rendered":"<p>\u00d6l (85% Sonnenblumen, 15% Oliven), gef\u00fcllte <strong>Sardellen<\/strong>,<strong> Sardellenfilet<\/strong>, pikanter Weichk\u00e4se und roter Pfeffer.<\/p>\n","protected":false},"excerpt":{"rendered":"<p>\u00d6l (85% Sonnenblumen, 15% Oliven), gef\u00fcllte Sardellen, Sardellenfilet, pikanter Weichk\u00e4se und roter Pfeffer.<\/p>\n","protected":false},"featured_media":11313,"template":"","meta":{"_et_pb_use_builder":"","_et_pb_old_content":"","_et_gb_content_width":""},"product_brand":[1277],"product_cat":[1597,1856,2288,1633,2359,1858,1857],"product_tag":[],"class_list":{"0":"post-48875","1":"product","2":"type-product","3":"status-publish","4":"has-post-thumbnail","6":"product_brand-bokeo","7":"product_cat-essiggurken","8":"product_cat-kalt","9":"product_cat-kase-und-wurst","10":"product_cat-oliven-de","11":"product_cat-paprika-de","12":"product_cat-pintxos-de","13":"product_cat-sardellen","14":"product_shipping_class-kalter-versand","16":"first","17":"outofstock","18":"taxable","19":"shipping-taxable","20":"purchasable","21":"product-type-simple"},"_links":{"self":[{"href":"https:\/\/myspainfood.com\/de\/wp-json\/wp\/v2\/product\/48875","targetHints":{"allow":["GET"]}}],"collection":[{"href":"https:\/\/myspainfood.com\/de\/wp-json\/wp\/v2\/product"}],"about":[{"href":"https:\/\/myspainfood.com\/de\/wp-json\/wp\/v2\/types\/product"}],"wp:featuredmedia":[{"embeddable":true,"href":"https:\/\/myspainfood.com\/de\/wp-json\/wp\/v2\/media\/11313"}],"wp:attachment":[{"href":"https:\/\/myspainfood.com\/de\/wp-json\/wp\/v2\/media?parent=48875"}],"wp:term":[{"taxonomy":"product_brand","embeddable":true,"href":"https:\/\/myspainfood.com\/de\/wp-json\/wp\/v2\/product_brand?post=48875"},{"taxonomy":"product_cat","embeddable":true,"href":"https:\/\/myspainfood.com\/de\/wp-json\/wp\/v2\/product_cat?post=48875"},{"taxonomy":"product_tag","embeddable":true,"href":"https:\/\/myspainfood.com\/de\/wp-json\/wp\/v2\/product_tag?post=48875"}],"curies":[{"name":"wp","href":"https:\/\/api.w.org\/{rel}","templated":true}]}}