{"id":48915,"date":"2025-04-10T12:08:47","date_gmt":"2025-04-10T10:08:47","guid":{"rendered":"https:\/\/myspainfood.com\/producto\/kaese-verlockungen-18-kg\/"},"modified":"2025-04-10T12:08:47","modified_gmt":"2025-04-10T10:08:47","slug":"kaese-verlockungen-18-kg","status":"publish","type":"product","link":"https:\/\/myspainfood.com\/de\/producto\/kaese-verlockungen-18-kg\/","title":{"rendered":"K\u00e4se Verlockungen 1,8 kg"},"content":{"rendered":"<p>\u00d6l (100% Sonnenblumen\u00f6l), S\u00fc\u00dfkirschpaprika, Frischk\u00e4se.<\/p>\n","protected":false},"excerpt":{"rendered":"<p>\u00d6l (100% Sonnenblumen\u00f6l), S\u00fc\u00dfkirschpaprika, Frischk\u00e4se.<\/p>\n","protected":false},"featured_media":11367,"template":"","meta":{"_et_pb_use_builder":"","_et_pb_old_content":"","_et_gb_content_width":""},"product_brand":[1277],"product_cat":[2288,1948,2359],"product_tag":[],"class_list":{"0":"post-48915","1":"product","2":"type-product","3":"status-publish","4":"has-post-thumbnail","6":"product_brand-bokeo","7":"product_cat-kase-und-wurst","8":"product_cat-konserven","9":"product_cat-paprika-de","10":"product_shipping_class-kalter-versand","12":"first","13":"instock","14":"featured","15":"taxable","16":"shipping-taxable","17":"purchasable","18":"product-type-simple"},"_links":{"self":[{"href":"https:\/\/myspainfood.com\/de\/wp-json\/wp\/v2\/product\/48915","targetHints":{"allow":["GET"]}}],"collection":[{"href":"https:\/\/myspainfood.com\/de\/wp-json\/wp\/v2\/product"}],"about":[{"href":"https:\/\/myspainfood.com\/de\/wp-json\/wp\/v2\/types\/product"}],"wp:featuredmedia":[{"embeddable":true,"href":"https:\/\/myspainfood.com\/de\/wp-json\/wp\/v2\/media\/11367"}],"wp:attachment":[{"href":"https:\/\/myspainfood.com\/de\/wp-json\/wp\/v2\/media?parent=48915"}],"wp:term":[{"taxonomy":"product_brand","embeddable":true,"href":"https:\/\/myspainfood.com\/de\/wp-json\/wp\/v2\/product_brand?post=48915"},{"taxonomy":"product_cat","embeddable":true,"href":"https:\/\/myspainfood.com\/de\/wp-json\/wp\/v2\/product_cat?post=48915"},{"taxonomy":"product_tag","embeddable":true,"href":"https:\/\/myspainfood.com\/de\/wp-json\/wp\/v2\/product_tag?post=48915"}],"curies":[{"name":"wp","href":"https:\/\/api.w.org\/{rel}","templated":true}]}}