{"id":48942,"date":"2025-04-10T12:08:48","date_gmt":"2025-04-10T10:08:48","guid":{"rendered":"https:\/\/myspainfood.com\/producto\/sardellen-verlockungen-18-kg\/"},"modified":"2025-04-10T12:08:48","modified_gmt":"2025-04-10T10:08:48","slug":"sardellen-verlockungen-18-kg","status":"publish","type":"product","link":"https:\/\/myspainfood.com\/de\/producto\/sardellen-verlockungen-18-kg\/","title":{"rendered":"Sardellen Verlockungen 1,8 kg"},"content":{"rendered":"<p>\u00d6l (100% Sonnenblumen\u00f6l), S\u00fc\u00dfkirschpaprika, Frischk\u00e4se und zerdr\u00fcckte <strong>Sardellen<\/strong>.<\/p>\n","protected":false},"excerpt":{"rendered":"<p>\u00d6l (100% Sonnenblumen\u00f6l), S\u00fc\u00dfkirschpaprika, Frischk\u00e4se und zerdr\u00fcckte Sardellen.<\/p>\n","protected":false},"featured_media":11385,"template":"","meta":{"_et_pb_use_builder":"","_et_pb_old_content":"","_et_gb_content_width":""},"product_brand":[1277],"product_cat":[2288,1948,2359],"product_tag":[],"class_list":{"0":"post-48942","1":"product","2":"type-product","3":"status-publish","4":"has-post-thumbnail","6":"product_brand-bokeo","7":"product_cat-kase-und-wurst","8":"product_cat-konserven","9":"product_cat-paprika-de","10":"product_shipping_class-kalter-versand","12":"first","13":"outofstock","14":"taxable","15":"shipping-taxable","16":"purchasable","17":"product-type-simple"},"_links":{"self":[{"href":"https:\/\/myspainfood.com\/de\/wp-json\/wp\/v2\/product\/48942","targetHints":{"allow":["GET"]}}],"collection":[{"href":"https:\/\/myspainfood.com\/de\/wp-json\/wp\/v2\/product"}],"about":[{"href":"https:\/\/myspainfood.com\/de\/wp-json\/wp\/v2\/types\/product"}],"wp:featuredmedia":[{"embeddable":true,"href":"https:\/\/myspainfood.com\/de\/wp-json\/wp\/v2\/media\/11385"}],"wp:attachment":[{"href":"https:\/\/myspainfood.com\/de\/wp-json\/wp\/v2\/media?parent=48942"}],"wp:term":[{"taxonomy":"product_brand","embeddable":true,"href":"https:\/\/myspainfood.com\/de\/wp-json\/wp\/v2\/product_brand?post=48942"},{"taxonomy":"product_cat","embeddable":true,"href":"https:\/\/myspainfood.com\/de\/wp-json\/wp\/v2\/product_cat?post=48942"},{"taxonomy":"product_tag","embeddable":true,"href":"https:\/\/myspainfood.com\/de\/wp-json\/wp\/v2\/product_tag?post=48942"}],"curies":[{"name":"wp","href":"https:\/\/api.w.org\/{rel}","templated":true}]}}